{"id":3167,"date":"2024-10-23T10:55:51","date_gmt":"2024-10-23T10:55:51","guid":{"rendered":"https:\/\/high-group.de\/?post_type=product&#038;p=3167"},"modified":"2024-10-24T08:25:27","modified_gmt":"2024-10-24T08:25:27","slug":"equipmentvermietung-dein-werkzeug-fur-perfekte-produktionen","status":"publish","type":"product","link":"https:\/\/high-group.de\/en\/shop\/equipmentvermietung-dein-werkzeug-fur-perfekte-produktionen\/","title":{"rendered":"Equipment rental - your tool for perfect productions"},"content":{"rendered":"<p>Benefit from our high-quality equipment, which is specially designed for <b>Productions in the high.studios<\/b> is at your disposal. We offer you everything you need for photo and video productions: <b>Cameras<\/b>, <b>Lighting<\/b>, <b>Tripods<\/b> and <b>Sound engineering<\/b>. Each device is supplied with a professional introduction so that you can get started straight away.<\/p>\n<p>Our equipment is designed exclusively for <b>Professionals<\/b> who would like to carry out high-quality productions in our studio. Parking facilities are also available: <b>up to 15 parking spaces<\/b> in our underground parking garage.<\/p>\n<p>Equipment overview:<\/p>\n<p><b>Sony FX6<\/b>: <b>\u20ac220\/day<\/b><\/p>\n<p><b>Sony FX3: \u20ac180\/ day<\/b><\/p>\n<p><b>Sony ILCE-7SM3 (Sony a7S III)<\/b>: \u20ac140\/day<br \/>\n<b>Sony ILCE-7M3<\/b>: \u20ac85\/day<br \/>\n<b>Sony SEL1635GM (16-35mm f\/2.8)<\/b>: \u20ac45\/day<\/p>\n<p><b>Sony SEL70200GM (70-200mm f\/2.8)<\/b>: \u20ac110\/day<\/p>\n<p><b>Insta One RS 1-Inch 360 Edition<\/b>: \u20ac40\/day<\/p>\n<p><b>DJI Osmo Action<\/b>: \u20ac20\/day<\/p>\n<p><b>Atomos 5.2\u2033 4K Shinobi Monitor<\/b>: \u20ac25\/day<br \/>\n<b>Rode Wireless Go 2<\/b>: \u20ac25\/day<br \/>\n<b>DJI Mavic 2 Pro<\/b>: \u20ac70\/day<br \/>\n<b>DJI RSC 2<\/b>: \u20ac30\/day<br \/>\n<b>Sony SEL50F18F (50mm f\/1.8)<\/b>: \u20ac20\/day<\/p>\n<p><b>Godox VL150<\/b>: \u20ac25\/day<\/p>\n<p><b>Rode NTG3<\/b>: \u20ac30\/day<\/p>\n<p><b>Rode Wireless Go<\/b>: \u20ac25\/day<\/p>\n<p><b>Focusrite Scarlett 2i2<\/b>: \u20ac10\/day<\/p>\n<p><b>Zoom H5<\/b>: \u20ac20\/day<br \/>\n<b>Zoom H6<\/b>: \u20ac25\/day<br \/>\n<b>Aputure MC<\/b>: \u20ac15\/day<\/p>\n<p><b>BlackMagic Video Assist 4K<\/b>: \u20ac30\/day<\/p>","protected":false},"excerpt":{"rendered":"<p>Profitiere von unserem hochwertigen Equipment, das speziell f\u00fcr Produktionen in den high.studios zur Verf\u00fcgung steht. Wir bieten dir alles, was du f\u00fcr Foto- und Videoproduktionen ben\u00f6tigst: Kameras, Beleuchtung, Stative und [&hellip;]<\/p>","protected":false},"featured_media":0,"comment_status":"open","ping_status":"closed","template":"","meta":{"_acf_changed":false,"content-type":"","site-sidebar-layout":"default","site-content-layout":"","ast-site-content-layout":"default","site-content-style":"default","site-sidebar-style":"default","ast-global-header-display":"","ast-banner-title-visibility":"","ast-main-header-display":"","ast-hfb-above-header-display":"","ast-hfb-below-header-display":"","ast-hfb-mobile-header-display":"","site-post-title":"","ast-breadcrumbs-content":"","ast-featured-img":"","footer-sml-layout":"","theme-transparent-header-meta":"default","adv-header-id-meta":"","stick-header-meta":"","header-above-stick-meta":"","header-main-stick-meta":"","header-below-stick-meta":"","astra-migrate-meta-layouts":"set","ast-page-background-enabled":"default","ast-page-background-meta":{"desktop":{"background-color":"var(--ast-global-color-4)","background-image":"","background-repeat":"repeat","background-position":"center center","background-size":"auto","background-attachment":"scroll","background-type":"","background-media":"","overlay-type":"","overlay-color":"","overlay-opacity":"","overlay-gradient":""},"tablet":{"background-color":"","background-image":"","background-repeat":"repeat","background-position":"center center","background-size":"auto","background-attachment":"scroll","background-type":"","background-media":"","overlay-type":"","overlay-color":"","overlay-opacity":"","overlay-gradient":""},"mobile":{"background-color":"","background-image":"","background-repeat":"repeat","background-position":"center center","background-size":"auto","background-attachment":"scroll","background-type":"","background-media":"","overlay-type":"","overlay-color":"","overlay-opacity":"","overlay-gradient":""}},"ast-content-background-meta":{"desktop":{"background-color":"var(--ast-global-color-5)","background-image":"","background-repeat":"repeat","background-position":"center center","background-size":"auto","background-attachment":"scroll","background-type":"","background-media":"","overlay-type":"","overlay-color":"","overlay-opacity":"","overlay-gradient":""},"tablet":{"background-color":"var(--ast-global-color-5)","background-image":"","background-repeat":"repeat","background-position":"center center","background-size":"auto","background-attachment":"scroll","background-type":"","background-media":"","overlay-type":"","overlay-color":"","overlay-opacity":"","overlay-gradient":""},"mobile":{"background-color":"var(--ast-global-color-5)","background-image":"","background-repeat":"repeat","background-position":"center center","background-size":"auto","background-attachment":"scroll","background-type":"","background-media":"","overlay-type":"","overlay-color":"","overlay-opacity":"","overlay-gradient":""}}},"product_brand":[],"product_cat":[36],"product_tag":[],"class_list":{"0":"post-3167","1":"product","2":"type-product","3":"status-publish","5":"product_cat-uncategorized","6":"desktop-align-left","7":"tablet-align-left","8":"mobile-align-left","10":"first","11":"instock","12":"shipping-taxable","13":"purchasable","14":"product-type-simple"},"acf":[],"yoast_head":"<!-- This site is optimized with the Yoast SEO plugin v24.8.1 - https:\/\/yoast.com\/wordpress\/plugins\/seo\/ -->\n<title>Equipmentvermietung \u2013 Dein Werkzeug f\u00fcr perfekte Produktionen - Videoproduktion K\u00f6ln - High. Group<\/title>\n<meta name=\"robots\" content=\"index, follow, max-snippet:-1, max-image-preview:large, max-video-preview:-1\" \/>\n<link rel=\"canonical\" href=\"https:\/\/high-group.de\/en\/shop\/equipmentvermietung-dein-werkzeug-fur-perfekte-produktionen\/\" \/>\n<meta property=\"og:locale\" content=\"en_US\" \/>\n<meta property=\"og:type\" content=\"article\" \/>\n<meta property=\"og:title\" content=\"Equipmentvermietung \u2013 Dein Werkzeug f\u00fcr perfekte Produktionen - Videoproduktion K\u00f6ln - High. Group\" \/>\n<meta property=\"og:description\" content=\"Profitiere von unserem hochwertigen Equipment, das speziell f\u00fcr Produktionen in den high.studios zur Verf\u00fcgung steht. Wir bieten dir alles, was du f\u00fcr Foto- und Videoproduktionen ben\u00f6tigst: Kameras, Beleuchtung, Stative und [&hellip;]\" \/>\n<meta property=\"og:url\" content=\"https:\/\/high-group.de\/en\/shop\/equipmentvermietung-dein-werkzeug-fur-perfekte-produktionen\/\" \/>\n<meta property=\"og:site_name\" content=\"Videoproduktion K\u00f6ln - High. Group\" \/>\n<meta property=\"article:modified_time\" content=\"2024-10-24T08:25:27+00:00\" \/>\n<meta name=\"twitter:card\" content=\"summary_large_image\" \/>\n<meta name=\"twitter:label1\" content=\"Est. reading time\" \/>\n\t<meta name=\"twitter:data1\" content=\"1 minute\" \/>\n<script type=\"application\/ld+json\" class=\"yoast-schema-graph\">{\"@context\":\"https:\/\/schema.org\",\"@graph\":[{\"@type\":\"WebPage\",\"@id\":\"https:\/\/high-group.de\/shop\/equipmentvermietung-dein-werkzeug-fur-perfekte-produktionen\/\",\"url\":\"https:\/\/high-group.de\/shop\/equipmentvermietung-dein-werkzeug-fur-perfekte-produktionen\/\",\"name\":\"Equipmentvermietung \u2013 Dein Werkzeug f\u00fcr perfekte Produktionen - Videoproduktion K\u00f6ln - High. Group\",\"isPartOf\":{\"@id\":\"https:\/\/high-group.de\/#website\"},\"datePublished\":\"2024-10-23T10:55:51+00:00\",\"dateModified\":\"2024-10-24T08:25:27+00:00\",\"breadcrumb\":{\"@id\":\"https:\/\/high-group.de\/shop\/equipmentvermietung-dein-werkzeug-fur-perfekte-produktionen\/#breadcrumb\"},\"inLanguage\":\"en-US\",\"potentialAction\":[{\"@type\":\"ReadAction\",\"target\":[\"https:\/\/high-group.de\/shop\/equipmentvermietung-dein-werkzeug-fur-perfekte-produktionen\/\"]}]},{\"@type\":\"BreadcrumbList\",\"@id\":\"https:\/\/high-group.de\/shop\/equipmentvermietung-dein-werkzeug-fur-perfekte-produktionen\/#breadcrumb\",\"itemListElement\":[{\"@type\":\"ListItem\",\"position\":1,\"name\":\"Startseite\",\"item\":\"https:\/\/high-group.de\/\"},{\"@type\":\"ListItem\",\"position\":2,\"name\":\"Shop\",\"item\":\"https:\/\/high-group.de\/shop\/\"},{\"@type\":\"ListItem\",\"position\":3,\"name\":\"Equipmentvermietung \u2013 Dein Werkzeug f\u00fcr perfekte Produktionen\"}]},{\"@type\":\"WebSite\",\"@id\":\"https:\/\/high-group.de\/#website\",\"url\":\"https:\/\/high-group.de\/\",\"name\":\"High Group\",\"description\":\"Hochwertige Videoproduktion f\u00fcr Business, Events, Messen in K\u00f6ln. Videografen aus K\u00f6ln.\",\"publisher\":{\"@id\":\"https:\/\/high-group.de\/#organization\"},\"potentialAction\":[{\"@type\":\"SearchAction\",\"target\":{\"@type\":\"EntryPoint\",\"urlTemplate\":\"https:\/\/high-group.de\/?s={search_term_string}\"},\"query-input\":{\"@type\":\"PropertyValueSpecification\",\"valueRequired\":true,\"valueName\":\"search_term_string\"}}],\"inLanguage\":\"en-US\"},{\"@type\":\"Organization\",\"@id\":\"https:\/\/high-group.de\/#organization\",\"name\":\"High Group\",\"url\":\"https:\/\/high-group.de\/\",\"logo\":{\"@type\":\"ImageObject\",\"inLanguage\":\"en-US\",\"@id\":\"https:\/\/high-group.de\/#\/schema\/logo\/image\/\",\"url\":\"https:\/\/high-group.de\/wp-content\/uploads\/2024\/11\/high-media-logo.png\",\"contentUrl\":\"https:\/\/high-group.de\/wp-content\/uploads\/2024\/11\/high-media-logo.png\",\"width\":300,\"height\":150,\"caption\":\"High Group\"},\"image\":{\"@id\":\"https:\/\/high-group.de\/#\/schema\/logo\/image\/\"}}]}<\/script>\n<!-- \/ Yoast SEO plugin. -->","yoast_head_json":{"title":"Equipmentvermietung \u2013 Dein Werkzeug f\u00fcr perfekte Produktionen - Videoproduktion K\u00f6ln - High. Group","robots":{"index":"index","follow":"follow","max-snippet":"max-snippet:-1","max-image-preview":"max-image-preview:large","max-video-preview":"max-video-preview:-1"},"canonical":"https:\/\/high-group.de\/en\/shop\/equipmentvermietung-dein-werkzeug-fur-perfekte-produktionen\/","og_locale":"en_US","og_type":"article","og_title":"Equipmentvermietung \u2013 Dein Werkzeug f\u00fcr perfekte Produktionen - Videoproduktion K\u00f6ln - High. Group","og_description":"Profitiere von unserem hochwertigen Equipment, das speziell f\u00fcr Produktionen in den high.studios zur Verf\u00fcgung steht. Wir bieten dir alles, was du f\u00fcr Foto- und Videoproduktionen ben\u00f6tigst: Kameras, Beleuchtung, Stative und [&hellip;]","og_url":"https:\/\/high-group.de\/en\/shop\/equipmentvermietung-dein-werkzeug-fur-perfekte-produktionen\/","og_site_name":"Videoproduktion K\u00f6ln - High. Group","article_modified_time":"2024-10-24T08:25:27+00:00","twitter_card":"summary_large_image","twitter_misc":{"Est. reading time":"1 minute"},"schema":{"@context":"https:\/\/schema.org","@graph":[{"@type":"WebPage","@id":"https:\/\/high-group.de\/shop\/equipmentvermietung-dein-werkzeug-fur-perfekte-produktionen\/","url":"https:\/\/high-group.de\/shop\/equipmentvermietung-dein-werkzeug-fur-perfekte-produktionen\/","name":"Equipmentvermietung \u2013 Dein Werkzeug f\u00fcr perfekte Produktionen - Videoproduktion K\u00f6ln - High. Group","isPartOf":{"@id":"https:\/\/high-group.de\/#website"},"datePublished":"2024-10-23T10:55:51+00:00","dateModified":"2024-10-24T08:25:27+00:00","breadcrumb":{"@id":"https:\/\/high-group.de\/shop\/equipmentvermietung-dein-werkzeug-fur-perfekte-produktionen\/#breadcrumb"},"inLanguage":"en-US","potentialAction":[{"@type":"ReadAction","target":["https:\/\/high-group.de\/shop\/equipmentvermietung-dein-werkzeug-fur-perfekte-produktionen\/"]}]},{"@type":"BreadcrumbList","@id":"https:\/\/high-group.de\/shop\/equipmentvermietung-dein-werkzeug-fur-perfekte-produktionen\/#breadcrumb","itemListElement":[{"@type":"ListItem","position":1,"name":"Startseite","item":"https:\/\/high-group.de\/"},{"@type":"ListItem","position":2,"name":"Shop","item":"https:\/\/high-group.de\/shop\/"},{"@type":"ListItem","position":3,"name":"Equipmentvermietung \u2013 Dein Werkzeug f\u00fcr perfekte Produktionen"}]},{"@type":"WebSite","@id":"https:\/\/high-group.de\/#website","url":"https:\/\/high-group.de\/","name":"High Group","description":"Hochwertige Videoproduktion f\u00fcr Business, Events, Messen in K\u00f6ln. Videografen aus K\u00f6ln.","publisher":{"@id":"https:\/\/high-group.de\/#organization"},"potentialAction":[{"@type":"SearchAction","target":{"@type":"EntryPoint","urlTemplate":"https:\/\/high-group.de\/?s={search_term_string}"},"query-input":{"@type":"PropertyValueSpecification","valueRequired":true,"valueName":"search_term_string"}}],"inLanguage":"en-US"},{"@type":"Organization","@id":"https:\/\/high-group.de\/#organization","name":"High Group","url":"https:\/\/high-group.de\/","logo":{"@type":"ImageObject","inLanguage":"en-US","@id":"https:\/\/high-group.de\/#\/schema\/logo\/image\/","url":"https:\/\/high-group.de\/wp-content\/uploads\/2024\/11\/high-media-logo.png","contentUrl":"https:\/\/high-group.de\/wp-content\/uploads\/2024\/11\/high-media-logo.png","width":300,"height":150,"caption":"High Group"},"image":{"@id":"https:\/\/high-group.de\/#\/schema\/logo\/image\/"}}]}},"_links":{"self":[{"href":"https:\/\/high-group.de\/en\/wp-json\/wp\/v2\/product\/3167","targetHints":{"allow":["GET"]}}],"collection":[{"href":"https:\/\/high-group.de\/en\/wp-json\/wp\/v2\/product"}],"about":[{"href":"https:\/\/high-group.de\/en\/wp-json\/wp\/v2\/types\/product"}],"replies":[{"embeddable":true,"href":"https:\/\/high-group.de\/en\/wp-json\/wp\/v2\/comments?post=3167"}],"wp:attachment":[{"href":"https:\/\/high-group.de\/en\/wp-json\/wp\/v2\/media?parent=3167"}],"wp:term":[{"taxonomy":"product_brand","embeddable":true,"href":"https:\/\/high-group.de\/en\/wp-json\/wp\/v2\/product_brand?post=3167"},{"taxonomy":"product_cat","embeddable":true,"href":"https:\/\/high-group.de\/en\/wp-json\/wp\/v2\/product_cat?post=3167"},{"taxonomy":"product_tag","embeddable":true,"href":"https:\/\/high-group.de\/en\/wp-json\/wp\/v2\/product_tag?post=3167"}],"curies":[{"name":"wp","href":"https:\/\/api.w.org\/{rel}","templated":true}]}}