{"id":3166,"date":"2024-10-23T10:54:36","date_gmt":"2024-10-23T10:54:36","guid":{"rendered":"https:\/\/high-group.de\/?post_type=product&#038;p=3166"},"modified":"2025-06-14T00:24:06","modified_gmt":"2025-06-13T22:24:06","slug":"eventspace-der-raum-fur-unvergessliche-erlebnisse","status":"publish","type":"product","link":"https:\/\/high-group.de\/en\/shop\/eventspace-der-raum-fur-unvergessliche-erlebnisse\/","title":{"rendered":"Eventspace - The space for unforgettable experiences"},"content":{"rendered":"<p>Our <b>100 m\u00b2 event space<\/b> with a <b>3\u00d72 meter stage<\/b> and <b>Yamaha DM3S 16-channel digital mixing console<\/b> is perfect for <b>hybrid events<\/b> and <b>Live streams<\/b> suitable. Two <b>LD Maui 28 Loudspeaker<\/b> and a microphone set guarantee excellent audio quality. You also have a <b>DJ booth<\/b> and fast <b>Fiber optic internet<\/b> available. The bar can be operated by us, and we offer <b>Catering options<\/b> from regional partners, also vegetarian and vegan.<\/p>\n<p>Whether <b>Company parties<\/b>, <b>Workshops<\/b> or <b>Conferences<\/b> - everything is possible with us. Parking spaces are also available: <b>up to 15 parking spaces<\/b> in our underground parking garage.<\/p>\n<p><b>Price: Room rental 700\u20ac, catering and technical equipment on request.<\/b><\/p>","protected":false},"excerpt":{"rendered":"<p>Unser 100 m\u00b2 gro\u00dfer Eventspace mit einer 3&#215;2 Meter gro\u00dfen B\u00fchne und Yamaha DM3S 16-Kanal Digitalmischpult ist perfekt f\u00fcr hybride Veranstaltungen und Live-Streams geeignet. Zwei LD Maui 28 Lautsprecher und [&hellip;]<\/p>","protected":false},"featured_media":0,"comment_status":"open","ping_status":"closed","template":"","meta":{"_acf_changed":false,"content-type":"","site-sidebar-layout":"default","site-content-layout":"","ast-site-content-layout":"default","site-content-style":"default","site-sidebar-style":"default","ast-global-header-display":"","ast-banner-title-visibility":"","ast-main-header-display":"","ast-hfb-above-header-display":"","ast-hfb-below-header-display":"","ast-hfb-mobile-header-display":"","site-post-title":"","ast-breadcrumbs-content":"","ast-featured-img":"","footer-sml-layout":"","theme-transparent-header-meta":"default","adv-header-id-meta":"","stick-header-meta":"","header-above-stick-meta":"","header-main-stick-meta":"","header-below-stick-meta":"","astra-migrate-meta-layouts":"set","ast-page-background-enabled":"default","ast-page-background-meta":{"desktop":{"background-color":"var(--ast-global-color-4)","background-image":"","background-repeat":"repeat","background-position":"center center","background-size":"auto","background-attachment":"scroll","background-type":"","background-media":"","overlay-type":"","overlay-color":"","overlay-opacity":"","overlay-gradient":""},"tablet":{"background-color":"","background-image":"","background-repeat":"repeat","background-position":"center center","background-size":"auto","background-attachment":"scroll","background-type":"","background-media":"","overlay-type":"","overlay-color":"","overlay-opacity":"","overlay-gradient":""},"mobile":{"background-color":"","background-image":"","background-repeat":"repeat","background-position":"center center","background-size":"auto","background-attachment":"scroll","background-type":"","background-media":"","overlay-type":"","overlay-color":"","overlay-opacity":"","overlay-gradient":""}},"ast-content-background-meta":{"desktop":{"background-color":"var(--ast-global-color-5)","background-image":"","background-repeat":"repeat","background-position":"center center","background-size":"auto","background-attachment":"scroll","background-type":"","background-media":"","overlay-type":"","overlay-color":"","overlay-opacity":"","overlay-gradient":""},"tablet":{"background-color":"var(--ast-global-color-5)","background-image":"","background-repeat":"repeat","background-position":"center center","background-size":"auto","background-attachment":"scroll","background-type":"","background-media":"","overlay-type":"","overlay-color":"","overlay-opacity":"","overlay-gradient":""},"mobile":{"background-color":"var(--ast-global-color-5)","background-image":"","background-repeat":"repeat","background-position":"center center","background-size":"auto","background-attachment":"scroll","background-type":"","background-media":"","overlay-type":"","overlay-color":"","overlay-opacity":"","overlay-gradient":""}}},"product_brand":[],"product_cat":[36],"product_tag":[],"class_list":{"0":"post-3166","1":"product","2":"type-product","3":"status-publish","5":"product_cat-uncategorized","6":"desktop-align-left","7":"tablet-align-left","8":"mobile-align-left","10":"first","11":"instock","12":"shipping-taxable","13":"product-type-simple"},"acf":[],"yoast_head":"<!-- This site is optimized with the Yoast SEO plugin v24.8.1 - https:\/\/yoast.com\/wordpress\/plugins\/seo\/ -->\n<title>Eventspace \u2013 Der Raum f\u00fcr unvergessliche Erlebnisse - Videoproduktion K\u00f6ln - High. Group<\/title>\n<meta name=\"description\" content=\"Unser 100 m\u00b2 gro\u00dfer Eventspace ist perfekt f\u00fcr hybride Veranstaltungen und Live-Streams geeignet.\" \/>\n<meta name=\"robots\" content=\"index, follow, max-snippet:-1, max-image-preview:large, max-video-preview:-1\" \/>\n<link rel=\"canonical\" href=\"https:\/\/high-group.de\/en\/shop\/eventspace-der-raum-fur-unvergessliche-erlebnisse\/\" \/>\n<meta property=\"og:locale\" content=\"en_US\" \/>\n<meta property=\"og:type\" content=\"article\" \/>\n<meta property=\"og:title\" content=\"Eventspace \u2013 Der Raum f\u00fcr unvergessliche Erlebnisse - Videoproduktion K\u00f6ln - High. Group\" \/>\n<meta property=\"og:description\" content=\"Unser 100 m\u00b2 gro\u00dfer Eventspace ist perfekt f\u00fcr hybride Veranstaltungen und Live-Streams geeignet.\" \/>\n<meta property=\"og:url\" content=\"https:\/\/high-group.de\/en\/shop\/eventspace-der-raum-fur-unvergessliche-erlebnisse\/\" \/>\n<meta property=\"og:site_name\" content=\"Videoproduktion K\u00f6ln - High. Group\" \/>\n<meta property=\"article:modified_time\" content=\"2025-06-13T22:24:06+00:00\" \/>\n<meta name=\"twitter:card\" content=\"summary_large_image\" \/>\n<meta name=\"twitter:label1\" content=\"Est. reading time\" \/>\n\t<meta name=\"twitter:data1\" content=\"1 minute\" \/>\n<script type=\"application\/ld+json\" class=\"yoast-schema-graph\">{\"@context\":\"https:\/\/schema.org\",\"@graph\":[{\"@type\":\"WebPage\",\"@id\":\"https:\/\/high-group.de\/shop\/eventspace-der-raum-fur-unvergessliche-erlebnisse\/\",\"url\":\"https:\/\/high-group.de\/shop\/eventspace-der-raum-fur-unvergessliche-erlebnisse\/\",\"name\":\"Eventspace \u2013 Der Raum f\u00fcr unvergessliche Erlebnisse - Videoproduktion K\u00f6ln - High. Group\",\"isPartOf\":{\"@id\":\"https:\/\/high-group.de\/#website\"},\"datePublished\":\"2024-10-23T10:54:36+00:00\",\"dateModified\":\"2025-06-13T22:24:06+00:00\",\"description\":\"Unser 100 m\u00b2 gro\u00dfer Eventspace ist perfekt f\u00fcr hybride Veranstaltungen und Live-Streams geeignet.\",\"breadcrumb\":{\"@id\":\"https:\/\/high-group.de\/shop\/eventspace-der-raum-fur-unvergessliche-erlebnisse\/#breadcrumb\"},\"inLanguage\":\"en-US\",\"potentialAction\":[{\"@type\":\"ReadAction\",\"target\":[\"https:\/\/high-group.de\/shop\/eventspace-der-raum-fur-unvergessliche-erlebnisse\/\"]}]},{\"@type\":\"BreadcrumbList\",\"@id\":\"https:\/\/high-group.de\/shop\/eventspace-der-raum-fur-unvergessliche-erlebnisse\/#breadcrumb\",\"itemListElement\":[{\"@type\":\"ListItem\",\"position\":1,\"name\":\"Startseite\",\"item\":\"https:\/\/high-group.de\/\"},{\"@type\":\"ListItem\",\"position\":2,\"name\":\"Shop\",\"item\":\"https:\/\/high-group.de\/shop\/\"},{\"@type\":\"ListItem\",\"position\":3,\"name\":\"Eventspace \u2013 Der Raum f\u00fcr unvergessliche Erlebnisse\"}]},{\"@type\":\"WebSite\",\"@id\":\"https:\/\/high-group.de\/#website\",\"url\":\"https:\/\/high-group.de\/\",\"name\":\"High Group\",\"description\":\"Hochwertige Videoproduktion f\u00fcr Business, Events, Messen in K\u00f6ln. Videografen aus K\u00f6ln.\",\"publisher\":{\"@id\":\"https:\/\/high-group.de\/#organization\"},\"potentialAction\":[{\"@type\":\"SearchAction\",\"target\":{\"@type\":\"EntryPoint\",\"urlTemplate\":\"https:\/\/high-group.de\/?s={search_term_string}\"},\"query-input\":{\"@type\":\"PropertyValueSpecification\",\"valueRequired\":true,\"valueName\":\"search_term_string\"}}],\"inLanguage\":\"en-US\"},{\"@type\":\"Organization\",\"@id\":\"https:\/\/high-group.de\/#organization\",\"name\":\"High Group\",\"url\":\"https:\/\/high-group.de\/\",\"logo\":{\"@type\":\"ImageObject\",\"inLanguage\":\"en-US\",\"@id\":\"https:\/\/high-group.de\/#\/schema\/logo\/image\/\",\"url\":\"https:\/\/high-group.de\/wp-content\/uploads\/2024\/11\/high-media-logo.png\",\"contentUrl\":\"https:\/\/high-group.de\/wp-content\/uploads\/2024\/11\/high-media-logo.png\",\"width\":300,\"height\":150,\"caption\":\"High Group\"},\"image\":{\"@id\":\"https:\/\/high-group.de\/#\/schema\/logo\/image\/\"}}]}<\/script>\n<!-- \/ Yoast SEO plugin. -->","yoast_head_json":{"title":"Eventspace \u2013 Der Raum f\u00fcr unvergessliche Erlebnisse - Videoproduktion K\u00f6ln - High. Group","description":"Unser 100 m\u00b2 gro\u00dfer Eventspace ist perfekt f\u00fcr hybride Veranstaltungen und Live-Streams geeignet.","robots":{"index":"index","follow":"follow","max-snippet":"max-snippet:-1","max-image-preview":"max-image-preview:large","max-video-preview":"max-video-preview:-1"},"canonical":"https:\/\/high-group.de\/en\/shop\/eventspace-der-raum-fur-unvergessliche-erlebnisse\/","og_locale":"en_US","og_type":"article","og_title":"Eventspace \u2013 Der Raum f\u00fcr unvergessliche Erlebnisse - Videoproduktion K\u00f6ln - High. Group","og_description":"Unser 100 m\u00b2 gro\u00dfer Eventspace ist perfekt f\u00fcr hybride Veranstaltungen und Live-Streams geeignet.","og_url":"https:\/\/high-group.de\/en\/shop\/eventspace-der-raum-fur-unvergessliche-erlebnisse\/","og_site_name":"Videoproduktion K\u00f6ln - High. Group","article_modified_time":"2025-06-13T22:24:06+00:00","twitter_card":"summary_large_image","twitter_misc":{"Est. reading time":"1 minute"},"schema":{"@context":"https:\/\/schema.org","@graph":[{"@type":"WebPage","@id":"https:\/\/high-group.de\/shop\/eventspace-der-raum-fur-unvergessliche-erlebnisse\/","url":"https:\/\/high-group.de\/shop\/eventspace-der-raum-fur-unvergessliche-erlebnisse\/","name":"Eventspace \u2013 Der Raum f\u00fcr unvergessliche Erlebnisse - Videoproduktion K\u00f6ln - High. Group","isPartOf":{"@id":"https:\/\/high-group.de\/#website"},"datePublished":"2024-10-23T10:54:36+00:00","dateModified":"2025-06-13T22:24:06+00:00","description":"Unser 100 m\u00b2 gro\u00dfer Eventspace ist perfekt f\u00fcr hybride Veranstaltungen und Live-Streams geeignet.","breadcrumb":{"@id":"https:\/\/high-group.de\/shop\/eventspace-der-raum-fur-unvergessliche-erlebnisse\/#breadcrumb"},"inLanguage":"en-US","potentialAction":[{"@type":"ReadAction","target":["https:\/\/high-group.de\/shop\/eventspace-der-raum-fur-unvergessliche-erlebnisse\/"]}]},{"@type":"BreadcrumbList","@id":"https:\/\/high-group.de\/shop\/eventspace-der-raum-fur-unvergessliche-erlebnisse\/#breadcrumb","itemListElement":[{"@type":"ListItem","position":1,"name":"Startseite","item":"https:\/\/high-group.de\/"},{"@type":"ListItem","position":2,"name":"Shop","item":"https:\/\/high-group.de\/shop\/"},{"@type":"ListItem","position":3,"name":"Eventspace \u2013 Der Raum f\u00fcr unvergessliche Erlebnisse"}]},{"@type":"WebSite","@id":"https:\/\/high-group.de\/#website","url":"https:\/\/high-group.de\/","name":"High Group","description":"Hochwertige Videoproduktion f\u00fcr Business, Events, Messen in K\u00f6ln. Videografen aus K\u00f6ln.","publisher":{"@id":"https:\/\/high-group.de\/#organization"},"potentialAction":[{"@type":"SearchAction","target":{"@type":"EntryPoint","urlTemplate":"https:\/\/high-group.de\/?s={search_term_string}"},"query-input":{"@type":"PropertyValueSpecification","valueRequired":true,"valueName":"search_term_string"}}],"inLanguage":"en-US"},{"@type":"Organization","@id":"https:\/\/high-group.de\/#organization","name":"High Group","url":"https:\/\/high-group.de\/","logo":{"@type":"ImageObject","inLanguage":"en-US","@id":"https:\/\/high-group.de\/#\/schema\/logo\/image\/","url":"https:\/\/high-group.de\/wp-content\/uploads\/2024\/11\/high-media-logo.png","contentUrl":"https:\/\/high-group.de\/wp-content\/uploads\/2024\/11\/high-media-logo.png","width":300,"height":150,"caption":"High Group"},"image":{"@id":"https:\/\/high-group.de\/#\/schema\/logo\/image\/"}}]}},"_links":{"self":[{"href":"https:\/\/high-group.de\/en\/wp-json\/wp\/v2\/product\/3166","targetHints":{"allow":["GET"]}}],"collection":[{"href":"https:\/\/high-group.de\/en\/wp-json\/wp\/v2\/product"}],"about":[{"href":"https:\/\/high-group.de\/en\/wp-json\/wp\/v2\/types\/product"}],"replies":[{"embeddable":true,"href":"https:\/\/high-group.de\/en\/wp-json\/wp\/v2\/comments?post=3166"}],"wp:attachment":[{"href":"https:\/\/high-group.de\/en\/wp-json\/wp\/v2\/media?parent=3166"}],"wp:term":[{"taxonomy":"product_brand","embeddable":true,"href":"https:\/\/high-group.de\/en\/wp-json\/wp\/v2\/product_brand?post=3166"},{"taxonomy":"product_cat","embeddable":true,"href":"https:\/\/high-group.de\/en\/wp-json\/wp\/v2\/product_cat?post=3166"},{"taxonomy":"product_tag","embeddable":true,"href":"https:\/\/high-group.de\/en\/wp-json\/wp\/v2\/product_tag?post=3166"}],"curies":[{"name":"wp","href":"https:\/\/api.w.org\/{rel}","templated":true}]}}