{"id":3164,"date":"2024-10-23T10:53:45","date_gmt":"2024-10-23T10:53:45","guid":{"rendered":"https:\/\/high-group.de\/?post_type=product&#038;p=3164"},"modified":"2024-10-23T10:53:58","modified_gmt":"2024-10-23T10:53:58","slug":"fitnessraum-spa-dein-personlicher-ruckzugsort-fur-training-und-regeneration","status":"publish","type":"product","link":"https:\/\/high-group.de\/en\/shop\/fitnessraum-spa-dein-personlicher-ruckzugsort-fur-training-und-regeneration\/","title":{"rendered":"Fitness room &amp; spa - your personal retreat for training and regeneration"},"content":{"rendered":"<p>Our fitness room is equipped with <b>high-quality suprfit devices<\/b> equipped and offers an ideal environment for <b>Personal training<\/b> or <b>Content productions<\/b>. In combination with the <b>Sauna<\/b> and the <b>Ice bath<\/b> here you will find the perfect balance between exertion and relaxation. The anabolic light and private atmosphere provide an optimal environment.<\/p>\n<p>We also offer a <b>Pilates course<\/b> with <b>Jil von der Decken<\/b> which takes place every two weeks on Wednesdays from 7:00 to 8:00 am.<\/p>\n<p>Parking facilities are also available: <b>up to 15 parking spaces<\/b> in our underground parking garage.<\/p>\n<p><b>Price: 300\u20ac per day | 45\u20ac per hour<\/b><\/p>","protected":false},"excerpt":{"rendered":"<p>Unser Fitnessraum ist mit hochwertigen suprfit-Ger\u00e4ten ausgestattet und bietet eine ideale Umgebung f\u00fcr Personal Trainings oder Content Produktionen. In Kombination mit der Sauna und dem Eisbad findest du hier die [&hellip;]<\/p>","protected":false},"featured_media":0,"comment_status":"open","ping_status":"closed","template":"","meta":{"_acf_changed":false,"content-type":"","site-sidebar-layout":"default","site-content-layout":"","ast-site-content-layout":"default","site-content-style":"default","site-sidebar-style":"default","ast-global-header-display":"","ast-banner-title-visibility":"","ast-main-header-display":"","ast-hfb-above-header-display":"","ast-hfb-below-header-display":"","ast-hfb-mobile-header-display":"","site-post-title":"","ast-breadcrumbs-content":"","ast-featured-img":"","footer-sml-layout":"","theme-transparent-header-meta":"default","adv-header-id-meta":"","stick-header-meta":"","header-above-stick-meta":"","header-main-stick-meta":"","header-below-stick-meta":"","astra-migrate-meta-layouts":"set","ast-page-background-enabled":"default","ast-page-background-meta":{"desktop":{"background-color":"var(--ast-global-color-4)","background-image":"","background-repeat":"repeat","background-position":"center center","background-size":"auto","background-attachment":"scroll","background-type":"","background-media":"","overlay-type":"","overlay-color":"","overlay-opacity":"","overlay-gradient":""},"tablet":{"background-color":"","background-image":"","background-repeat":"repeat","background-position":"center center","background-size":"auto","background-attachment":"scroll","background-type":"","background-media":"","overlay-type":"","overlay-color":"","overlay-opacity":"","overlay-gradient":""},"mobile":{"background-color":"","background-image":"","background-repeat":"repeat","background-position":"center center","background-size":"auto","background-attachment":"scroll","background-type":"","background-media":"","overlay-type":"","overlay-color":"","overlay-opacity":"","overlay-gradient":""}},"ast-content-background-meta":{"desktop":{"background-color":"var(--ast-global-color-5)","background-image":"","background-repeat":"repeat","background-position":"center center","background-size":"auto","background-attachment":"scroll","background-type":"","background-media":"","overlay-type":"","overlay-color":"","overlay-opacity":"","overlay-gradient":""},"tablet":{"background-color":"var(--ast-global-color-5)","background-image":"","background-repeat":"repeat","background-position":"center center","background-size":"auto","background-attachment":"scroll","background-type":"","background-media":"","overlay-type":"","overlay-color":"","overlay-opacity":"","overlay-gradient":""},"mobile":{"background-color":"var(--ast-global-color-5)","background-image":"","background-repeat":"repeat","background-position":"center center","background-size":"auto","background-attachment":"scroll","background-type":"","background-media":"","overlay-type":"","overlay-color":"","overlay-opacity":"","overlay-gradient":""}}},"product_brand":[],"product_cat":[36],"product_tag":[],"class_list":{"0":"post-3164","1":"product","2":"type-product","3":"status-publish","5":"product_cat-uncategorized","6":"desktop-align-left","7":"tablet-align-left","8":"mobile-align-left","10":"first","11":"instock","12":"shipping-taxable","13":"product-type-simple"},"acf":[],"yoast_head":"<!-- This site is optimized with the Yoast SEO plugin v24.8.1 - https:\/\/yoast.com\/wordpress\/plugins\/seo\/ -->\n<title>Fitnessraum &amp; Spa \u2013 Dein pers\u00f6nlicher R\u00fcckzugsort f\u00fcr Training und Regeneration - Videoproduktion K\u00f6ln - High. Group<\/title>\n<meta name=\"robots\" content=\"index, follow, max-snippet:-1, max-image-preview:large, max-video-preview:-1\" \/>\n<link rel=\"canonical\" href=\"https:\/\/high-group.de\/en\/shop\/fitnessraum-spa-dein-personlicher-ruckzugsort-fur-training-und-regeneration\/\" \/>\n<meta property=\"og:locale\" content=\"en_US\" \/>\n<meta property=\"og:type\" content=\"article\" \/>\n<meta property=\"og:title\" content=\"Fitnessraum &amp; Spa \u2013 Dein pers\u00f6nlicher R\u00fcckzugsort f\u00fcr Training und Regeneration - Videoproduktion K\u00f6ln - High. Group\" \/>\n<meta property=\"og:description\" content=\"Unser Fitnessraum ist mit hochwertigen suprfit-Ger\u00e4ten ausgestattet und bietet eine ideale Umgebung f\u00fcr Personal Trainings oder Content Produktionen. In Kombination mit der Sauna und dem Eisbad findest du hier die [&hellip;]\" \/>\n<meta property=\"og:url\" content=\"https:\/\/high-group.de\/en\/shop\/fitnessraum-spa-dein-personlicher-ruckzugsort-fur-training-und-regeneration\/\" \/>\n<meta property=\"og:site_name\" content=\"Videoproduktion K\u00f6ln - High. Group\" \/>\n<meta property=\"article:modified_time\" content=\"2024-10-23T10:53:58+00:00\" \/>\n<meta name=\"twitter:card\" content=\"summary_large_image\" \/>\n<script type=\"application\/ld+json\" class=\"yoast-schema-graph\">{\"@context\":\"https:\/\/schema.org\",\"@graph\":[{\"@type\":\"WebPage\",\"@id\":\"https:\/\/high-group.de\/shop\/fitnessraum-spa-dein-personlicher-ruckzugsort-fur-training-und-regeneration\/\",\"url\":\"https:\/\/high-group.de\/shop\/fitnessraum-spa-dein-personlicher-ruckzugsort-fur-training-und-regeneration\/\",\"name\":\"Fitnessraum & Spa \u2013 Dein pers\u00f6nlicher R\u00fcckzugsort f\u00fcr Training und Regeneration - Videoproduktion K\u00f6ln - High. Group\",\"isPartOf\":{\"@id\":\"https:\/\/high-group.de\/#website\"},\"datePublished\":\"2024-10-23T10:53:45+00:00\",\"dateModified\":\"2024-10-23T10:53:58+00:00\",\"breadcrumb\":{\"@id\":\"https:\/\/high-group.de\/shop\/fitnessraum-spa-dein-personlicher-ruckzugsort-fur-training-und-regeneration\/#breadcrumb\"},\"inLanguage\":\"en-US\",\"potentialAction\":[{\"@type\":\"ReadAction\",\"target\":[\"https:\/\/high-group.de\/shop\/fitnessraum-spa-dein-personlicher-ruckzugsort-fur-training-und-regeneration\/\"]}]},{\"@type\":\"BreadcrumbList\",\"@id\":\"https:\/\/high-group.de\/shop\/fitnessraum-spa-dein-personlicher-ruckzugsort-fur-training-und-regeneration\/#breadcrumb\",\"itemListElement\":[{\"@type\":\"ListItem\",\"position\":1,\"name\":\"Startseite\",\"item\":\"https:\/\/high-group.de\/\"},{\"@type\":\"ListItem\",\"position\":2,\"name\":\"Shop\",\"item\":\"https:\/\/high-group.de\/shop\/\"},{\"@type\":\"ListItem\",\"position\":3,\"name\":\"Fitnessraum &#038; Spa \u2013 Dein pers\u00f6nlicher R\u00fcckzugsort f\u00fcr Training und Regeneration\"}]},{\"@type\":\"WebSite\",\"@id\":\"https:\/\/high-group.de\/#website\",\"url\":\"https:\/\/high-group.de\/\",\"name\":\"High Group\",\"description\":\"Hochwertige Videoproduktion f\u00fcr Business, Events, Messen in K\u00f6ln. Videografen aus K\u00f6ln.\",\"publisher\":{\"@id\":\"https:\/\/high-group.de\/#organization\"},\"potentialAction\":[{\"@type\":\"SearchAction\",\"target\":{\"@type\":\"EntryPoint\",\"urlTemplate\":\"https:\/\/high-group.de\/?s={search_term_string}\"},\"query-input\":{\"@type\":\"PropertyValueSpecification\",\"valueRequired\":true,\"valueName\":\"search_term_string\"}}],\"inLanguage\":\"en-US\"},{\"@type\":\"Organization\",\"@id\":\"https:\/\/high-group.de\/#organization\",\"name\":\"High Group\",\"url\":\"https:\/\/high-group.de\/\",\"logo\":{\"@type\":\"ImageObject\",\"inLanguage\":\"en-US\",\"@id\":\"https:\/\/high-group.de\/#\/schema\/logo\/image\/\",\"url\":\"https:\/\/high-group.de\/wp-content\/uploads\/2024\/11\/high-media-logo.png\",\"contentUrl\":\"https:\/\/high-group.de\/wp-content\/uploads\/2024\/11\/high-media-logo.png\",\"width\":300,\"height\":150,\"caption\":\"High Group\"},\"image\":{\"@id\":\"https:\/\/high-group.de\/#\/schema\/logo\/image\/\"}}]}<\/script>\n<!-- \/ Yoast SEO plugin. -->","yoast_head_json":{"title":"Fitnessraum & Spa \u2013 Dein pers\u00f6nlicher R\u00fcckzugsort f\u00fcr Training und Regeneration - Videoproduktion K\u00f6ln - High. Group","robots":{"index":"index","follow":"follow","max-snippet":"max-snippet:-1","max-image-preview":"max-image-preview:large","max-video-preview":"max-video-preview:-1"},"canonical":"https:\/\/high-group.de\/en\/shop\/fitnessraum-spa-dein-personlicher-ruckzugsort-fur-training-und-regeneration\/","og_locale":"en_US","og_type":"article","og_title":"Fitnessraum & Spa \u2013 Dein pers\u00f6nlicher R\u00fcckzugsort f\u00fcr Training und Regeneration - Videoproduktion K\u00f6ln - High. Group","og_description":"Unser Fitnessraum ist mit hochwertigen suprfit-Ger\u00e4ten ausgestattet und bietet eine ideale Umgebung f\u00fcr Personal Trainings oder Content Produktionen. In Kombination mit der Sauna und dem Eisbad findest du hier die [&hellip;]","og_url":"https:\/\/high-group.de\/en\/shop\/fitnessraum-spa-dein-personlicher-ruckzugsort-fur-training-und-regeneration\/","og_site_name":"Videoproduktion K\u00f6ln - High. Group","article_modified_time":"2024-10-23T10:53:58+00:00","twitter_card":"summary_large_image","schema":{"@context":"https:\/\/schema.org","@graph":[{"@type":"WebPage","@id":"https:\/\/high-group.de\/shop\/fitnessraum-spa-dein-personlicher-ruckzugsort-fur-training-und-regeneration\/","url":"https:\/\/high-group.de\/shop\/fitnessraum-spa-dein-personlicher-ruckzugsort-fur-training-und-regeneration\/","name":"Fitnessraum & Spa \u2013 Dein pers\u00f6nlicher R\u00fcckzugsort f\u00fcr Training und Regeneration - Videoproduktion K\u00f6ln - High. Group","isPartOf":{"@id":"https:\/\/high-group.de\/#website"},"datePublished":"2024-10-23T10:53:45+00:00","dateModified":"2024-10-23T10:53:58+00:00","breadcrumb":{"@id":"https:\/\/high-group.de\/shop\/fitnessraum-spa-dein-personlicher-ruckzugsort-fur-training-und-regeneration\/#breadcrumb"},"inLanguage":"en-US","potentialAction":[{"@type":"ReadAction","target":["https:\/\/high-group.de\/shop\/fitnessraum-spa-dein-personlicher-ruckzugsort-fur-training-und-regeneration\/"]}]},{"@type":"BreadcrumbList","@id":"https:\/\/high-group.de\/shop\/fitnessraum-spa-dein-personlicher-ruckzugsort-fur-training-und-regeneration\/#breadcrumb","itemListElement":[{"@type":"ListItem","position":1,"name":"Startseite","item":"https:\/\/high-group.de\/"},{"@type":"ListItem","position":2,"name":"Shop","item":"https:\/\/high-group.de\/shop\/"},{"@type":"ListItem","position":3,"name":"Fitnessraum &#038; Spa \u2013 Dein pers\u00f6nlicher R\u00fcckzugsort f\u00fcr Training und Regeneration"}]},{"@type":"WebSite","@id":"https:\/\/high-group.de\/#website","url":"https:\/\/high-group.de\/","name":"High Group","description":"Hochwertige Videoproduktion f\u00fcr Business, Events, Messen in K\u00f6ln. Videografen aus K\u00f6ln.","publisher":{"@id":"https:\/\/high-group.de\/#organization"},"potentialAction":[{"@type":"SearchAction","target":{"@type":"EntryPoint","urlTemplate":"https:\/\/high-group.de\/?s={search_term_string}"},"query-input":{"@type":"PropertyValueSpecification","valueRequired":true,"valueName":"search_term_string"}}],"inLanguage":"en-US"},{"@type":"Organization","@id":"https:\/\/high-group.de\/#organization","name":"High Group","url":"https:\/\/high-group.de\/","logo":{"@type":"ImageObject","inLanguage":"en-US","@id":"https:\/\/high-group.de\/#\/schema\/logo\/image\/","url":"https:\/\/high-group.de\/wp-content\/uploads\/2024\/11\/high-media-logo.png","contentUrl":"https:\/\/high-group.de\/wp-content\/uploads\/2024\/11\/high-media-logo.png","width":300,"height":150,"caption":"High Group"},"image":{"@id":"https:\/\/high-group.de\/#\/schema\/logo\/image\/"}}]}},"_links":{"self":[{"href":"https:\/\/high-group.de\/en\/wp-json\/wp\/v2\/product\/3164","targetHints":{"allow":["GET"]}}],"collection":[{"href":"https:\/\/high-group.de\/en\/wp-json\/wp\/v2\/product"}],"about":[{"href":"https:\/\/high-group.de\/en\/wp-json\/wp\/v2\/types\/product"}],"replies":[{"embeddable":true,"href":"https:\/\/high-group.de\/en\/wp-json\/wp\/v2\/comments?post=3164"}],"wp:attachment":[{"href":"https:\/\/high-group.de\/en\/wp-json\/wp\/v2\/media?parent=3164"}],"wp:term":[{"taxonomy":"product_brand","embeddable":true,"href":"https:\/\/high-group.de\/en\/wp-json\/wp\/v2\/product_brand?post=3164"},{"taxonomy":"product_cat","embeddable":true,"href":"https:\/\/high-group.de\/en\/wp-json\/wp\/v2\/product_cat?post=3164"},{"taxonomy":"product_tag","embeddable":true,"href":"https:\/\/high-group.de\/en\/wp-json\/wp\/v2\/product_tag?post=3164"}],"curies":[{"name":"wp","href":"https:\/\/api.w.org\/{rel}","templated":true}]}}