{"id":2729,"date":"2024-10-15T09:20:44","date_gmt":"2024-10-15T09:20:44","guid":{"rendered":"https:\/\/high-group.de\/product\/670e33ec15a69\/"},"modified":"2025-04-17T14:02:33","modified_gmt":"2025-04-17T12:02:33","slug":"podcaststudio-mieten","status":"publish","type":"product","link":"https:\/\/high-group.de\/en\/shop\/podcaststudio-mieten\/","title":{"rendered":"Podcast Studio - Professional productions made easy"},"content":{"rendered":"<p>Create professional podcasts and video content in our fully equipped <strong>Podcast Studio<\/strong>. With <b>Rode PodMic<\/b>, <b>Shure MR6<\/b> or <b>Rode NTG3 microphones<\/b>and <b>Sony FX6, FX3 and A7SIII cameras<\/b> and high-quality lighting equipment such as <b>Aputure 600D &amp; 300D<\/b> and effect lighting, we offer you the perfect environment for your production. Control is via our <b>Breath picture mixer<\/b> and the <b>Yamaha DM3S 16-channel digital mixing console<\/b> for absolute control.<\/p>\n<p>In the <b>Base price<\/b> includes the setup of the equipment, a camera perspective and up to 4 microphones. After recording, you will receive your video material within a few hours. We also offer you professional <b>Post-production<\/b>-services. Simply request your project via our contact form or use our <b>Podcast TakeOff<\/b>-Discover our product.<\/p>\n<p>You also have <b>up to 15 parking spaces<\/b> are available in our underground parking garage.<\/p>","protected":false},"excerpt":{"rendered":"<p>Erstelle professionelle Podcasts und Videoinhalte in unserem voll ausgestatteten Podcast Studio. Mit Rode PodMic, Shure MR6 oder Rode NTG3 Mikrofonen, sowie Sony FX6, FX3 und A7SIII Kameras und hochwertigem Lichtequipment [&hellip;]<\/p>","protected":false},"featured_media":0,"comment_status":"open","ping_status":"closed","template":"","meta":{"_acf_changed":false,"content-type":"","site-sidebar-layout":"default","site-content-layout":"","ast-site-content-layout":"default","site-content-style":"default","site-sidebar-style":"default","ast-global-header-display":"","ast-banner-title-visibility":"","ast-main-header-display":"","ast-hfb-above-header-display":"","ast-hfb-below-header-display":"","ast-hfb-mobile-header-display":"","site-post-title":"","ast-breadcrumbs-content":"","ast-featured-img":"","footer-sml-layout":"","theme-transparent-header-meta":"default","adv-header-id-meta":"","stick-header-meta":"","header-above-stick-meta":"","header-main-stick-meta":"","header-below-stick-meta":"","astra-migrate-meta-layouts":"set","ast-page-background-enabled":"default","ast-page-background-meta":{"desktop":{"background-color":"var(--ast-global-color-4)","background-image":"","background-repeat":"repeat","background-position":"center center","background-size":"auto","background-attachment":"scroll","background-type":"","background-media":"","overlay-type":"","overlay-color":"","overlay-opacity":"","overlay-gradient":""},"tablet":{"background-color":"","background-image":"","background-repeat":"repeat","background-position":"center center","background-size":"auto","background-attachment":"scroll","background-type":"","background-media":"","overlay-type":"","overlay-color":"","overlay-opacity":"","overlay-gradient":""},"mobile":{"background-color":"","background-image":"","background-repeat":"repeat","background-position":"center center","background-size":"auto","background-attachment":"scroll","background-type":"","background-media":"","overlay-type":"","overlay-color":"","overlay-opacity":"","overlay-gradient":""}},"ast-content-background-meta":{"desktop":{"background-color":"var(--ast-global-color-5)","background-image":"","background-repeat":"repeat","background-position":"center center","background-size":"auto","background-attachment":"scroll","background-type":"","background-media":"","overlay-type":"","overlay-color":"","overlay-opacity":"","overlay-gradient":""},"tablet":{"background-color":"var(--ast-global-color-5)","background-image":"","background-repeat":"repeat","background-position":"center center","background-size":"auto","background-attachment":"scroll","background-type":"","background-media":"","overlay-type":"","overlay-color":"","overlay-opacity":"","overlay-gradient":""},"mobile":{"background-color":"var(--ast-global-color-5)","background-image":"","background-repeat":"repeat","background-position":"center center","background-size":"auto","background-attachment":"scroll","background-type":"","background-media":"","overlay-type":"","overlay-color":"","overlay-opacity":"","overlay-gradient":""}}},"product_brand":[],"product_cat":[36],"product_tag":[91],"class_list":{"0":"post-2729","1":"product","2":"type-product","3":"status-publish","5":"product_cat-uncategorized","6":"product_tag-podcast-studio","7":"desktop-align-left","8":"tablet-align-left","9":"mobile-align-left","11":"first","12":"instock","13":"virtual","14":"sold-individually","15":"purchasable","16":"product-type-simple"},"acf":[],"yoast_head":"<!-- This site is optimized with the Yoast SEO plugin v24.8.1 - https:\/\/yoast.com\/wordpress\/plugins\/seo\/ -->\n<title>Podcast Studio mieten am Medienstandort K\u00f6ln<\/title>\n<meta name=\"description\" content=\"Erstelle professionelle Podcasts und Videoinhalte in unserem voll ausgestatteten Podcast Studio.\" \/>\n<meta name=\"robots\" content=\"index, follow, max-snippet:-1, max-image-preview:large, max-video-preview:-1\" \/>\n<link rel=\"canonical\" href=\"https:\/\/high-group.de\/en\/shop\/podcaststudio-mieten\/\" \/>\n<meta property=\"og:locale\" content=\"en_US\" \/>\n<meta property=\"og:type\" content=\"article\" \/>\n<meta property=\"og:title\" content=\"Podcast Studio mieten am Medienstandort K\u00f6ln\" \/>\n<meta property=\"og:description\" content=\"Erstelle professionelle Podcasts und Videoinhalte in unserem voll ausgestatteten Podcast Studio.\" \/>\n<meta property=\"og:url\" content=\"https:\/\/high-group.de\/en\/shop\/podcaststudio-mieten\/\" \/>\n<meta property=\"og:site_name\" content=\"Videoproduktion K\u00f6ln - High. Group\" \/>\n<meta property=\"article:modified_time\" content=\"2025-04-17T12:02:33+00:00\" \/>\n<meta name=\"twitter:card\" content=\"summary_large_image\" \/>\n<meta name=\"twitter:label1\" content=\"Est. reading time\" \/>\n\t<meta name=\"twitter:data1\" content=\"1 minute\" \/>\n<script type=\"application\/ld+json\" class=\"yoast-schema-graph\">{\"@context\":\"https:\/\/schema.org\",\"@graph\":[{\"@type\":\"WebPage\",\"@id\":\"https:\/\/high-group.de\/shop\/podcaststudio-mieten\/\",\"url\":\"https:\/\/high-group.de\/shop\/podcaststudio-mieten\/\",\"name\":\"Podcast Studio mieten am Medienstandort K\u00f6ln\",\"isPartOf\":{\"@id\":\"https:\/\/high-group.de\/#website\"},\"datePublished\":\"2024-10-15T09:20:44+00:00\",\"dateModified\":\"2025-04-17T12:02:33+00:00\",\"description\":\"Erstelle professionelle Podcasts und Videoinhalte in unserem voll ausgestatteten Podcast Studio.\",\"breadcrumb\":{\"@id\":\"https:\/\/high-group.de\/shop\/podcaststudio-mieten\/#breadcrumb\"},\"inLanguage\":\"en-US\",\"potentialAction\":[{\"@type\":\"ReadAction\",\"target\":[\"https:\/\/high-group.de\/shop\/podcaststudio-mieten\/\"]}]},{\"@type\":\"BreadcrumbList\",\"@id\":\"https:\/\/high-group.de\/shop\/podcaststudio-mieten\/#breadcrumb\",\"itemListElement\":[{\"@type\":\"ListItem\",\"position\":1,\"name\":\"Startseite\",\"item\":\"https:\/\/high-group.de\/\"},{\"@type\":\"ListItem\",\"position\":2,\"name\":\"Shop\",\"item\":\"https:\/\/high-group.de\/shop\/\"},{\"@type\":\"ListItem\",\"position\":3,\"name\":\"Podcast Studio \u2013 Professionelle Produktionen leicht gemacht\"}]},{\"@type\":\"WebSite\",\"@id\":\"https:\/\/high-group.de\/#website\",\"url\":\"https:\/\/high-group.de\/\",\"name\":\"High Group\",\"description\":\"Hochwertige Videoproduktion f\u00fcr Business, Events, Messen in K\u00f6ln. Videografen aus K\u00f6ln.\",\"publisher\":{\"@id\":\"https:\/\/high-group.de\/#organization\"},\"potentialAction\":[{\"@type\":\"SearchAction\",\"target\":{\"@type\":\"EntryPoint\",\"urlTemplate\":\"https:\/\/high-group.de\/?s={search_term_string}\"},\"query-input\":{\"@type\":\"PropertyValueSpecification\",\"valueRequired\":true,\"valueName\":\"search_term_string\"}}],\"inLanguage\":\"en-US\"},{\"@type\":\"Organization\",\"@id\":\"https:\/\/high-group.de\/#organization\",\"name\":\"High Group\",\"url\":\"https:\/\/high-group.de\/\",\"logo\":{\"@type\":\"ImageObject\",\"inLanguage\":\"en-US\",\"@id\":\"https:\/\/high-group.de\/#\/schema\/logo\/image\/\",\"url\":\"https:\/\/high-group.de\/wp-content\/uploads\/2024\/11\/high-media-logo.png\",\"contentUrl\":\"https:\/\/high-group.de\/wp-content\/uploads\/2024\/11\/high-media-logo.png\",\"width\":300,\"height\":150,\"caption\":\"High Group\"},\"image\":{\"@id\":\"https:\/\/high-group.de\/#\/schema\/logo\/image\/\"}}]}<\/script>\n<!-- \/ Yoast SEO plugin. -->","yoast_head_json":{"title":"Podcast Studio mieten am Medienstandort K\u00f6ln","description":"Erstelle professionelle Podcasts und Videoinhalte in unserem voll ausgestatteten Podcast Studio.","robots":{"index":"index","follow":"follow","max-snippet":"max-snippet:-1","max-image-preview":"max-image-preview:large","max-video-preview":"max-video-preview:-1"},"canonical":"https:\/\/high-group.de\/en\/shop\/podcaststudio-mieten\/","og_locale":"en_US","og_type":"article","og_title":"Podcast Studio mieten am Medienstandort K\u00f6ln","og_description":"Erstelle professionelle Podcasts und Videoinhalte in unserem voll ausgestatteten Podcast Studio.","og_url":"https:\/\/high-group.de\/en\/shop\/podcaststudio-mieten\/","og_site_name":"Videoproduktion K\u00f6ln - High. Group","article_modified_time":"2025-04-17T12:02:33+00:00","twitter_card":"summary_large_image","twitter_misc":{"Est. reading time":"1 minute"},"schema":{"@context":"https:\/\/schema.org","@graph":[{"@type":"WebPage","@id":"https:\/\/high-group.de\/shop\/podcaststudio-mieten\/","url":"https:\/\/high-group.de\/shop\/podcaststudio-mieten\/","name":"Podcast Studio mieten am Medienstandort K\u00f6ln","isPartOf":{"@id":"https:\/\/high-group.de\/#website"},"datePublished":"2024-10-15T09:20:44+00:00","dateModified":"2025-04-17T12:02:33+00:00","description":"Erstelle professionelle Podcasts und Videoinhalte in unserem voll ausgestatteten Podcast Studio.","breadcrumb":{"@id":"https:\/\/high-group.de\/shop\/podcaststudio-mieten\/#breadcrumb"},"inLanguage":"en-US","potentialAction":[{"@type":"ReadAction","target":["https:\/\/high-group.de\/shop\/podcaststudio-mieten\/"]}]},{"@type":"BreadcrumbList","@id":"https:\/\/high-group.de\/shop\/podcaststudio-mieten\/#breadcrumb","itemListElement":[{"@type":"ListItem","position":1,"name":"Startseite","item":"https:\/\/high-group.de\/"},{"@type":"ListItem","position":2,"name":"Shop","item":"https:\/\/high-group.de\/shop\/"},{"@type":"ListItem","position":3,"name":"Podcast Studio \u2013 Professionelle Produktionen leicht gemacht"}]},{"@type":"WebSite","@id":"https:\/\/high-group.de\/#website","url":"https:\/\/high-group.de\/","name":"High Group","description":"Hochwertige Videoproduktion f\u00fcr Business, Events, Messen in K\u00f6ln. Videografen aus K\u00f6ln.","publisher":{"@id":"https:\/\/high-group.de\/#organization"},"potentialAction":[{"@type":"SearchAction","target":{"@type":"EntryPoint","urlTemplate":"https:\/\/high-group.de\/?s={search_term_string}"},"query-input":{"@type":"PropertyValueSpecification","valueRequired":true,"valueName":"search_term_string"}}],"inLanguage":"en-US"},{"@type":"Organization","@id":"https:\/\/high-group.de\/#organization","name":"High Group","url":"https:\/\/high-group.de\/","logo":{"@type":"ImageObject","inLanguage":"en-US","@id":"https:\/\/high-group.de\/#\/schema\/logo\/image\/","url":"https:\/\/high-group.de\/wp-content\/uploads\/2024\/11\/high-media-logo.png","contentUrl":"https:\/\/high-group.de\/wp-content\/uploads\/2024\/11\/high-media-logo.png","width":300,"height":150,"caption":"High Group"},"image":{"@id":"https:\/\/high-group.de\/#\/schema\/logo\/image\/"}}]}},"_links":{"self":[{"href":"https:\/\/high-group.de\/en\/wp-json\/wp\/v2\/product\/2729","targetHints":{"allow":["GET"]}}],"collection":[{"href":"https:\/\/high-group.de\/en\/wp-json\/wp\/v2\/product"}],"about":[{"href":"https:\/\/high-group.de\/en\/wp-json\/wp\/v2\/types\/product"}],"replies":[{"embeddable":true,"href":"https:\/\/high-group.de\/en\/wp-json\/wp\/v2\/comments?post=2729"}],"wp:attachment":[{"href":"https:\/\/high-group.de\/en\/wp-json\/wp\/v2\/media?parent=2729"}],"wp:term":[{"taxonomy":"product_brand","embeddable":true,"href":"https:\/\/high-group.de\/en\/wp-json\/wp\/v2\/product_brand?post=2729"},{"taxonomy":"product_cat","embeddable":true,"href":"https:\/\/high-group.de\/en\/wp-json\/wp\/v2\/product_cat?post=2729"},{"taxonomy":"product_tag","embeddable":true,"href":"https:\/\/high-group.de\/en\/wp-json\/wp\/v2\/product_tag?post=2729"}],"curies":[{"name":"wp","href":"https:\/\/api.w.org\/{rel}","templated":true}]}}