{"id":7878,"date":"2026-02-16T13:02:46","date_gmt":"2026-02-16T12:02:46","guid":{"rendered":"https:\/\/high-group.de\/?page_id=7878"},"modified":"2026-02-17T12:05:58","modified_gmt":"2026-02-17T11:05:58","slug":"dein-podcast-in-24-stunden","status":"publish","type":"page","link":"https:\/\/high-group.de\/en\/dein-podcast-in-24-stunden\/","title":{"rendered":"Dein Podcast in 24 Stunden"},"content":{"rendered":"<div data-elementor-type=\"wp-page\" data-elementor-id=\"7878\" class=\"elementor elementor-7878\" data-elementor-post-type=\"page\">\n\t\t\t\t<div class=\"elementor-element elementor-element-94b7cd2 e-flex e-con-boxed e-con e-parent\" data-id=\"94b7cd2\" data-element_type=\"container\">\n\t\t\t\t\t<div class=\"e-con-inner\">\n\t\t\t\t<div class=\"elementor-element elementor-element-77cde3f elementor-widget elementor-widget-image\" data-id=\"77cde3f\" data-element_type=\"widget\" data-widget_type=\"image.default\">\n\t\t\t\t<div class=\"elementor-widget-container\">\n\t\t\t\t\t\t\t\t\t\t\t\t\t<img decoding=\"async\" width=\"300\" height=\"150\" src=\"https:\/\/high-group.de\/wp-content\/uploads\/2024\/11\/high-media-logo.png\" class=\"attachment-full size-full wp-image-4337\" alt=\"Videoproduktion K\u00f6ln high media logo\" srcset=\"https:\/\/high-group.de\/wp-content\/uploads\/2024\/11\/high-media-logo.png 300w, https:\/\/high-group.de\/wp-content\/uploads\/2024\/11\/high-media-logo-18x9.png 18w\" sizes=\"(max-width: 300px) 100vw, 300px\" \/>\t\t\t\t\t\t\t\t\t\t\t\t\t<\/div>\n\t\t\t\t<\/div>\n\t\t\t\t\t<\/div>\n\t\t\t\t<\/div>\n\t\t<div class=\"elementor-element elementor-element-d55dcb4 e-flex e-con-boxed e-con e-parent\" data-id=\"d55dcb4\" data-element_type=\"container\">\n\t\t\t\t\t<div class=\"e-con-inner\">\n\t\t\t\t<div class=\"elementor-element elementor-element-cf9c6f2 elementor-widget__width-initial elementor-widget elementor-widget-heading\" data-id=\"cf9c6f2\" data-element_type=\"widget\" data-widget_type=\"heading.default\">\n\t\t\t\t<div class=\"elementor-widget-container\">\n\t\t\t<h2 class=\"elementor-heading-title elementor-size-default\">Premium-Sichtbarkeit, die verkauft.<\/h2>\t\t<\/div>\n\t\t\t\t<\/div>\n\t\t\t\t<div class=\"elementor-element elementor-element-43fded2 elementor-widget__width-initial elementor-widget elementor-widget-heading\" data-id=\"43fded2\" data-element_type=\"widget\" data-widget_type=\"heading.default\">\n\t\t\t\t<div class=\"elementor-widget-container\">\n\t\t\t<h2 class=\"elementor-heading-title elementor-size-default\">In 14 Tagen zur Premium-Wahrnehmung <br>ohne eigenes Mediateam<\/h2>\t\t<\/div>\n\t\t\t\t<\/div>\n\t\t\t\t<div class=\"elementor-element elementor-element-81a1f41 elementor-widget__width-initial elementor-widget elementor-widget-heading\" data-id=\"81a1f41\" data-element_type=\"widget\" data-widget_type=\"heading.default\">\n\t\t\t\t<div class=\"elementor-widget-container\">\n\t\t\t<h2 class=\"elementor-heading-title elementor-size-default\"><span style=\"font-weight: normal\">Du investierst 2<u> Stunden pro Monat<\/u> in unserem Studio. Wir machen daraus <\/span>Podcast + YouTube + 30 Clips<span style=\"font-weight: normal\"> \u2013 so produziert, geschnitten und aufbereitet, dass du Vertrauen aufbaust und in jedem Kanal wie <\/span><u style=\"font-weight: normal\">die erste Wahl <\/u><span style=\"font-weight: normal\">wirkst.<\/span><\/h2>\t\t<\/div>\n\t\t\t\t<\/div>\n\t\t\t\t\t<\/div>\n\t\t\t\t<\/div>\n\t\t<div class=\"elementor-element elementor-element-1022b7d e-flex e-con-boxed e-con e-parent\" data-id=\"1022b7d\" data-element_type=\"container\">\n\t\t\t\t\t<div class=\"e-con-inner\">\n\t\t<div class=\"elementor-element elementor-element-ba76341 e-con-full e-flex e-con e-child\" data-id=\"ba76341\" data-element_type=\"container\">\n\t\t\t\t<div class=\"elementor-element elementor-element-317623a elementor-widget elementor-widget-image\" data-id=\"317623a\" data-element_type=\"widget\" data-widget_type=\"image.default\">\n\t\t\t\t<div class=\"elementor-widget-container\">\n\t\t\t\t\t\t\t\t\t\t\t\t\t<img fetchpriority=\"high\" decoding=\"async\" width=\"1024\" height=\"683\" src=\"https:\/\/high-group.de\/wp-content\/uploads\/2026\/02\/Result-1-1024x683.webp\" class=\"attachment-large size-large wp-image-7918\" alt=\"\" srcset=\"https:\/\/high-group.de\/wp-content\/uploads\/2026\/02\/Result-1-1024x683.webp 1024w, https:\/\/high-group.de\/wp-content\/uploads\/2026\/02\/Result-1-300x200.webp 300w, https:\/\/high-group.de\/wp-content\/uploads\/2026\/02\/Result-1-768x512.webp 768w, https:\/\/high-group.de\/wp-content\/uploads\/2026\/02\/Result-1-18x12.webp 18w, https:\/\/high-group.de\/wp-content\/uploads\/2026\/02\/Result-1-600x400.webp 600w, https:\/\/high-group.de\/wp-content\/uploads\/2026\/02\/Result-1.webp 1536w\" sizes=\"(max-width: 1024px) 100vw, 1024px\" \/>\t\t\t\t\t\t\t\t\t\t\t\t\t<\/div>\n\t\t\t\t<\/div>\n\t\t<div class=\"elementor-element elementor-element-29dd72d e-con-full e-flex e-con e-child\" data-id=\"29dd72d\" data-element_type=\"container\">\n\t\t<div class=\"elementor-element elementor-element-43ae300 e-con-full e-flex e-con e-child\" data-id=\"43ae300\" data-element_type=\"container\">\n\t\t\t\t<div class=\"elementor-element elementor-element-735a284 elementor-widget elementor-widget-image\" data-id=\"735a284\" data-element_type=\"widget\" data-widget_type=\"image.default\">\n\t\t\t\t<div class=\"elementor-widget-container\">\n\t\t\t\t\t\t\t\t\t\t\t\t\t<img decoding=\"async\" width=\"1024\" height=\"576\" src=\"https:\/\/high-group.de\/wp-content\/uploads\/2025\/10\/vlcsnap-2025-10-31-11h08m25s832-1024x576.png\" class=\"attachment-large size-large wp-image-7064\" alt=\"\" srcset=\"https:\/\/high-group.de\/wp-content\/uploads\/2025\/10\/vlcsnap-2025-10-31-11h08m25s832-1024x576.png 1024w, https:\/\/high-group.de\/wp-content\/uploads\/2025\/10\/vlcsnap-2025-10-31-11h08m25s832-300x169.png 300w, https:\/\/high-group.de\/wp-content\/uploads\/2025\/10\/vlcsnap-2025-10-31-11h08m25s832-768x432.png 768w, https:\/\/high-group.de\/wp-content\/uploads\/2025\/10\/vlcsnap-2025-10-31-11h08m25s832-1536x864.png 1536w, https:\/\/high-group.de\/wp-content\/uploads\/2025\/10\/vlcsnap-2025-10-31-11h08m25s832-2048x1152.png 2048w, https:\/\/high-group.de\/wp-content\/uploads\/2025\/10\/vlcsnap-2025-10-31-11h08m25s832-18x10.png 18w, https:\/\/high-group.de\/wp-content\/uploads\/2025\/10\/vlcsnap-2025-10-31-11h08m25s832-600x338.png 600w\" sizes=\"(max-width: 1024px) 100vw, 1024px\" \/>\t\t\t\t\t\t\t\t\t\t\t\t\t<\/div>\n\t\t\t\t<\/div>\n\t\t\t\t<div class=\"elementor-element elementor-element-3c0e0b2 elementor-widget__width-initial elementor-widget elementor-widget-heading\" data-id=\"3c0e0b2\" data-element_type=\"widget\" data-widget_type=\"heading.default\">\n\t\t\t\t<div class=\"elementor-widget-container\">\n\t\t\t<h2 class=\"elementor-heading-title elementor-size-default\"><span style=\"font-weight: 400\">Max Modrich,<\/span><br>Founder DatAds<\/h2>\t\t<\/div>\n\t\t\t\t<\/div>\n\t\t\t\t<\/div>\n\t\t<div class=\"elementor-element elementor-element-821d3fa e-con-full e-flex e-con e-child\" data-id=\"821d3fa\" data-element_type=\"container\">\n\t\t\t\t<\/div>\n\t\t\t\t<\/div>\n\t\t\t\t<\/div>\n\t\t<div class=\"elementor-element elementor-element-246c9b7 e-con-full e-flex e-con e-child\" data-id=\"246c9b7\" data-element_type=\"container\">\n\t\t\t\t<\/div>\n\t\t\t\t\t<\/div>\n\t\t\t\t<\/div>\n\t\t<div class=\"elementor-element elementor-element-4213e0d e-flex e-con-boxed e-con e-parent\" data-id=\"4213e0d\" data-element_type=\"container\">\n\t\t\t\t\t<div class=\"e-con-inner\">\n\t\t\t\t<div class=\"elementor-element elementor-element-2de288c elementor-pagination-type-bullets elementor-pagination-position-outside elementor-widget elementor-widget-n-carousel\" data-id=\"2de288c\" data-element_type=\"widget\" data-settings=\"{&quot;carousel_items&quot;:[{&quot;slide_title&quot;:&quot;Slide #1&quot;,&quot;_id&quot;:&quot;58a9ee8&quot;},{&quot;slide_title&quot;:&quot;Slide #2&quot;,&quot;_id&quot;:&quot;0c5ca54&quot;},{&quot;slide_title&quot;:&quot;Slide #3&quot;,&quot;_id&quot;:&quot;6d3fc78&quot;}],&quot;autoplay_speed&quot;:100,&quot;slides_to_show_tablet&quot;:&quot;2&quot;,&quot;slides_to_show_mobile&quot;:&quot;1&quot;,&quot;autoplay&quot;:&quot;yes&quot;,&quot;pause_on_hover&quot;:&quot;yes&quot;,&quot;pause_on_interaction&quot;:&quot;yes&quot;,&quot;infinite&quot;:&quot;yes&quot;,&quot;speed&quot;:500,&quot;offset_sides&quot;:&quot;none&quot;,&quot;pagination&quot;:&quot;bullets&quot;,&quot;image_spacing_custom&quot;:{&quot;unit&quot;:&quot;px&quot;,&quot;size&quot;:10,&quot;sizes&quot;:[]},&quot;image_spacing_custom_tablet&quot;:{&quot;unit&quot;:&quot;px&quot;,&quot;size&quot;:&quot;&quot;,&quot;sizes&quot;:[]},&quot;image_spacing_custom_mobile&quot;:{&quot;unit&quot;:&quot;px&quot;,&quot;size&quot;:&quot;&quot;,&quot;sizes&quot;:[]}}\" data-widget_type=\"nested-carousel.default\">\n\t\t\t\t<div class=\"elementor-widget-container\">\n\t\t\t\t\t<div class=\"e-n-carousel swiper\" dir=\"ltr\">\n\t\t\t<div class=\"swiper-wrapper\" aria-live=\"off\">\n\t\t\t\t\t\t\t\t\t\t<div class=\"swiper-slide\" data-slide=\"1\" role=\"group\" aria-roledescription=\"slide\" aria-label=\"1 of 3\">\n\t\t\t\t\t\t\t<div class=\"elementor-element elementor-element-09b9625 e-flex e-con-boxed e-con e-child\" data-id=\"09b9625\" data-element_type=\"container\">\n\t\t\t\t\t<div class=\"e-con-inner\">\n\t\t<div class=\"elementor-element elementor-element-da8f355 e-con-full e-flex e-con e-child\" data-id=\"da8f355\" data-element_type=\"container\">\n\t\t\t\t<\/div>\n\t\t\t\t\t<\/div>\n\t\t\t\t<\/div>\n\t\t\t\t\t\t\t\t<\/div>\n\t\t\t\t\t\t\t\t\t\t\t<div class=\"swiper-slide\" data-slide=\"2\" role=\"group\" aria-roledescription=\"slide\" aria-label=\"2 of 3\">\n\t\t\t\t\t\t\t<div class=\"elementor-element elementor-element-d00b845 e-flex e-con-boxed e-con e-child\" data-id=\"d00b845\" data-element_type=\"container\">\n\t\t\t\t\t<div class=\"e-con-inner\">\n\t\t<div class=\"elementor-element elementor-element-1e1209a e-con-full e-flex e-con e-child\" data-id=\"1e1209a\" data-element_type=\"container\">\n\t\t\t\t<\/div>\n\t\t\t\t\t<\/div>\n\t\t\t\t<\/div>\n\t\t\t\t\t\t\t\t<\/div>\n\t\t\t\t\t\t\t\t\t\t\t<div class=\"swiper-slide\" data-slide=\"3\" role=\"group\" aria-roledescription=\"slide\" aria-label=\"3 of 3\">\n\t\t\t\t\t\t\t<div class=\"elementor-element elementor-element-7274b5e e-flex e-con-boxed e-con e-child\" data-id=\"7274b5e\" data-element_type=\"container\">\n\t\t\t\t\t<div class=\"e-con-inner\">\n\t\t<div class=\"elementor-element elementor-element-2b550d6 e-con-full e-flex e-con e-child\" data-id=\"2b550d6\" data-element_type=\"container\">\n\t\t\t\t<\/div>\n\t\t\t\t\t<\/div>\n\t\t\t\t<\/div>\n\t\t\t\t\t\t\t\t<\/div>\n\t\t\t\t\t\t\t\t<\/div>\n\t\t<\/div>\n\t\t\t\t\t<div class=\"swiper-pagination\"><\/div>\n\t\t\t\t<\/div>\n\t\t\t\t<\/div>\n\t\t\t\t\t<\/div>\n\t\t\t\t<\/div>\n\t\t\t\t<\/div>","protected":false},"excerpt":{"rendered":"<p>Premium-Sichtbarkeit, die verkauft. In 14 Tagen zur Premium-Wahrnehmung ohne eigenes Mediateam Du investierst 2 Stunden pro Monat in unserem Studio. Wir machen daraus Podcast + YouTube + 30 Clips \u2013 [&hellip;]<\/p>","protected":false},"author":15,"featured_media":0,"parent":0,"menu_order":0,"comment_status":"closed","ping_status":"closed","template":"elementor_canvas","meta":{"_acf_changed":false,"content-type":"","site-sidebar-layout":"no-sidebar","site-content-layout":"","ast-site-content-layout":"full-width-container","site-content-style":"default","site-sidebar-style":"default","ast-global-header-display":"","ast-banner-title-visibility":"","ast-main-header-display":"","ast-hfb-above-header-display":"","ast-hfb-below-header-display":"","ast-hfb-mobile-header-display":"","site-post-title":"disabled","ast-breadcrumbs-content":"","ast-featured-img":"disabled","footer-sml-layout":"","theme-transparent-header-meta":"","adv-header-id-meta":"","stick-header-meta":"","header-above-stick-meta":"","header-main-stick-meta":"","header-below-stick-meta":"","astra-migrate-meta-layouts":"default","ast-page-background-enabled":"default","ast-page-background-meta":{"desktop":{"background-color":"var(--ast-global-color-4)","background-image":"","background-repeat":"repeat","background-position":"center center","background-size":"auto","background-attachment":"scroll","background-type":"","background-media":"","overlay-type":"","overlay-color":"","overlay-opacity":"","overlay-gradient":""},"tablet":{"background-color":"","background-image":"","background-repeat":"repeat","background-position":"center center","background-size":"auto","background-attachment":"scroll","background-type":"","background-media":"","overlay-type":"","overlay-color":"","overlay-opacity":"","overlay-gradient":""},"mobile":{"background-color":"","background-image":"","background-repeat":"repeat","background-position":"center center","background-size":"auto","background-attachment":"scroll","background-type":"","background-media":"","overlay-type":"","overlay-color":"","overlay-opacity":"","overlay-gradient":""}},"ast-content-background-meta":{"desktop":{"background-color":"var(--ast-global-color-5)","background-image":"","background-repeat":"repeat","background-position":"center center","background-size":"auto","background-attachment":"scroll","background-type":"","background-media":"","overlay-type":"","overlay-color":"","overlay-opacity":"","overlay-gradient":""},"tablet":{"background-color":"var(--ast-global-color-5)","background-image":"","background-repeat":"repeat","background-position":"center center","background-size":"auto","background-attachment":"scroll","background-type":"","background-media":"","overlay-type":"","overlay-color":"","overlay-opacity":"","overlay-gradient":""},"mobile":{"background-color":"var(--ast-global-color-5)","background-image":"","background-repeat":"repeat","background-position":"center center","background-size":"auto","background-attachment":"scroll","background-type":"","background-media":"","overlay-type":"","overlay-color":"","overlay-opacity":"","overlay-gradient":""}},"footnotes":""},"class_list":["post-7878","page","type-page","status-publish","hentry"],"acf":[],"yoast_head":"<!-- This site is optimized with the Yoast SEO plugin v24.8.1 - https:\/\/yoast.com\/wordpress\/plugins\/seo\/ -->\n<title>Dein Podcast in 24 Stunden - Videoproduktion K\u00f6ln - High. Group<\/title>\n<meta name=\"robots\" content=\"index, follow, max-snippet:-1, max-image-preview:large, max-video-preview:-1\" \/>\n<link rel=\"canonical\" href=\"https:\/\/high-group.de\/en\/dein-podcast-in-24-stunden\/\" \/>\n<meta property=\"og:locale\" content=\"en_US\" \/>\n<meta property=\"og:type\" content=\"article\" \/>\n<meta property=\"og:title\" content=\"Dein Podcast in 24 Stunden - Videoproduktion K\u00f6ln - High. Group\" \/>\n<meta property=\"og:description\" content=\"Premium-Sichtbarkeit, die verkauft. In 14 Tagen zur Premium-Wahrnehmung ohne eigenes Mediateam Du investierst 2 Stunden pro Monat in unserem Studio. Wir machen daraus Podcast + YouTube + 30 Clips \u2013 [&hellip;]\" \/>\n<meta property=\"og:url\" content=\"https:\/\/high-group.de\/en\/dein-podcast-in-24-stunden\/\" \/>\n<meta property=\"og:site_name\" content=\"Videoproduktion K\u00f6ln - High. Group\" \/>\n<meta property=\"article:modified_time\" content=\"2026-02-17T11:05:58+00:00\" \/>\n<meta property=\"og:image\" content=\"https:\/\/high-group.de\/wp-content\/uploads\/2024\/11\/high-media-logo.png\" \/>\n\t<meta property=\"og:image:width\" content=\"300\" \/>\n\t<meta property=\"og:image:height\" content=\"150\" \/>\n\t<meta property=\"og:image:type\" content=\"image\/png\" \/>\n<meta name=\"twitter:card\" content=\"summary_large_image\" \/>\n<meta name=\"twitter:label1\" content=\"Est. reading time\" \/>\n\t<meta name=\"twitter:data1\" content=\"1 minute\" \/>\n<script type=\"application\/ld+json\" class=\"yoast-schema-graph\">{\"@context\":\"https:\/\/schema.org\",\"@graph\":[{\"@type\":\"WebPage\",\"@id\":\"https:\/\/high-group.de\/dein-podcast-in-24-stunden\/\",\"url\":\"https:\/\/high-group.de\/dein-podcast-in-24-stunden\/\",\"name\":\"Dein Podcast in 24 Stunden - Videoproduktion K\u00f6ln - High. Group\",\"isPartOf\":{\"@id\":\"https:\/\/high-group.de\/#website\"},\"primaryImageOfPage\":{\"@id\":\"https:\/\/high-group.de\/dein-podcast-in-24-stunden\/#primaryimage\"},\"image\":{\"@id\":\"https:\/\/high-group.de\/dein-podcast-in-24-stunden\/#primaryimage\"},\"thumbnailUrl\":\"https:\/\/high-group.de\/wp-content\/uploads\/2024\/11\/high-media-logo.png\",\"datePublished\":\"2026-02-16T12:02:46+00:00\",\"dateModified\":\"2026-02-17T11:05:58+00:00\",\"breadcrumb\":{\"@id\":\"https:\/\/high-group.de\/dein-podcast-in-24-stunden\/#breadcrumb\"},\"inLanguage\":\"en-US\",\"potentialAction\":[{\"@type\":\"ReadAction\",\"target\":[\"https:\/\/high-group.de\/dein-podcast-in-24-stunden\/\"]}]},{\"@type\":\"ImageObject\",\"inLanguage\":\"en-US\",\"@id\":\"https:\/\/high-group.de\/dein-podcast-in-24-stunden\/#primaryimage\",\"url\":\"https:\/\/high-group.de\/wp-content\/uploads\/2024\/11\/high-media-logo.png\",\"contentUrl\":\"https:\/\/high-group.de\/wp-content\/uploads\/2024\/11\/high-media-logo.png\"},{\"@type\":\"BreadcrumbList\",\"@id\":\"https:\/\/high-group.de\/dein-podcast-in-24-stunden\/#breadcrumb\",\"itemListElement\":[{\"@type\":\"ListItem\",\"position\":1,\"name\":\"Startseite\",\"item\":\"https:\/\/high-group.de\/\"},{\"@type\":\"ListItem\",\"position\":2,\"name\":\"Dein Podcast in 24 Stunden\"}]},{\"@type\":\"WebSite\",\"@id\":\"https:\/\/high-group.de\/#website\",\"url\":\"https:\/\/high-group.de\/\",\"name\":\"High Group\",\"description\":\"Hochwertige Videoproduktion f\u00fcr Business, Events, Messen in K\u00f6ln. Videografen aus K\u00f6ln.\",\"publisher\":{\"@id\":\"https:\/\/high-group.de\/#organization\"},\"potentialAction\":[{\"@type\":\"SearchAction\",\"target\":{\"@type\":\"EntryPoint\",\"urlTemplate\":\"https:\/\/high-group.de\/?s={search_term_string}\"},\"query-input\":{\"@type\":\"PropertyValueSpecification\",\"valueRequired\":true,\"valueName\":\"search_term_string\"}}],\"inLanguage\":\"en-US\"},{\"@type\":\"Organization\",\"@id\":\"https:\/\/high-group.de\/#organization\",\"name\":\"High Group\",\"url\":\"https:\/\/high-group.de\/\",\"logo\":{\"@type\":\"ImageObject\",\"inLanguage\":\"en-US\",\"@id\":\"https:\/\/high-group.de\/#\/schema\/logo\/image\/\",\"url\":\"https:\/\/high-group.de\/wp-content\/uploads\/2024\/11\/high-media-logo.png\",\"contentUrl\":\"https:\/\/high-group.de\/wp-content\/uploads\/2024\/11\/high-media-logo.png\",\"width\":300,\"height\":150,\"caption\":\"High Group\"},\"image\":{\"@id\":\"https:\/\/high-group.de\/#\/schema\/logo\/image\/\"}}]}<\/script>\n<!-- \/ Yoast SEO plugin. -->","yoast_head_json":{"title":"Dein Podcast in 24 Stunden - Videoproduktion K\u00f6ln - High. Group","robots":{"index":"index","follow":"follow","max-snippet":"max-snippet:-1","max-image-preview":"max-image-preview:large","max-video-preview":"max-video-preview:-1"},"canonical":"https:\/\/high-group.de\/en\/dein-podcast-in-24-stunden\/","og_locale":"en_US","og_type":"article","og_title":"Dein Podcast in 24 Stunden - Videoproduktion K\u00f6ln - High. Group","og_description":"Premium-Sichtbarkeit, die verkauft. In 14 Tagen zur Premium-Wahrnehmung ohne eigenes Mediateam Du investierst 2 Stunden pro Monat in unserem Studio. Wir machen daraus Podcast + YouTube + 30 Clips \u2013 [&hellip;]","og_url":"https:\/\/high-group.de\/en\/dein-podcast-in-24-stunden\/","og_site_name":"Videoproduktion K\u00f6ln - High. Group","article_modified_time":"2026-02-17T11:05:58+00:00","og_image":[{"width":300,"height":150,"url":"https:\/\/high-group.de\/wp-content\/uploads\/2024\/11\/high-media-logo.png","type":"image\/png"}],"twitter_card":"summary_large_image","twitter_misc":{"Est. reading time":"1 minute"},"schema":{"@context":"https:\/\/schema.org","@graph":[{"@type":"WebPage","@id":"https:\/\/high-group.de\/dein-podcast-in-24-stunden\/","url":"https:\/\/high-group.de\/dein-podcast-in-24-stunden\/","name":"Dein Podcast in 24 Stunden - Videoproduktion K\u00f6ln - High. Group","isPartOf":{"@id":"https:\/\/high-group.de\/#website"},"primaryImageOfPage":{"@id":"https:\/\/high-group.de\/dein-podcast-in-24-stunden\/#primaryimage"},"image":{"@id":"https:\/\/high-group.de\/dein-podcast-in-24-stunden\/#primaryimage"},"thumbnailUrl":"https:\/\/high-group.de\/wp-content\/uploads\/2024\/11\/high-media-logo.png","datePublished":"2026-02-16T12:02:46+00:00","dateModified":"2026-02-17T11:05:58+00:00","breadcrumb":{"@id":"https:\/\/high-group.de\/dein-podcast-in-24-stunden\/#breadcrumb"},"inLanguage":"en-US","potentialAction":[{"@type":"ReadAction","target":["https:\/\/high-group.de\/dein-podcast-in-24-stunden\/"]}]},{"@type":"ImageObject","inLanguage":"en-US","@id":"https:\/\/high-group.de\/dein-podcast-in-24-stunden\/#primaryimage","url":"https:\/\/high-group.de\/wp-content\/uploads\/2024\/11\/high-media-logo.png","contentUrl":"https:\/\/high-group.de\/wp-content\/uploads\/2024\/11\/high-media-logo.png"},{"@type":"BreadcrumbList","@id":"https:\/\/high-group.de\/dein-podcast-in-24-stunden\/#breadcrumb","itemListElement":[{"@type":"ListItem","position":1,"name":"Startseite","item":"https:\/\/high-group.de\/"},{"@type":"ListItem","position":2,"name":"Dein Podcast in 24 Stunden"}]},{"@type":"WebSite","@id":"https:\/\/high-group.de\/#website","url":"https:\/\/high-group.de\/","name":"High Group","description":"Hochwertige Videoproduktion f\u00fcr Business, Events, Messen in K\u00f6ln. Videografen aus K\u00f6ln.","publisher":{"@id":"https:\/\/high-group.de\/#organization"},"potentialAction":[{"@type":"SearchAction","target":{"@type":"EntryPoint","urlTemplate":"https:\/\/high-group.de\/?s={search_term_string}"},"query-input":{"@type":"PropertyValueSpecification","valueRequired":true,"valueName":"search_term_string"}}],"inLanguage":"en-US"},{"@type":"Organization","@id":"https:\/\/high-group.de\/#organization","name":"High Group","url":"https:\/\/high-group.de\/","logo":{"@type":"ImageObject","inLanguage":"en-US","@id":"https:\/\/high-group.de\/#\/schema\/logo\/image\/","url":"https:\/\/high-group.de\/wp-content\/uploads\/2024\/11\/high-media-logo.png","contentUrl":"https:\/\/high-group.de\/wp-content\/uploads\/2024\/11\/high-media-logo.png","width":300,"height":150,"caption":"High Group"},"image":{"@id":"https:\/\/high-group.de\/#\/schema\/logo\/image\/"}}]}},"_links":{"self":[{"href":"https:\/\/high-group.de\/en\/wp-json\/wp\/v2\/pages\/7878","targetHints":{"allow":["GET"]}}],"collection":[{"href":"https:\/\/high-group.de\/en\/wp-json\/wp\/v2\/pages"}],"about":[{"href":"https:\/\/high-group.de\/en\/wp-json\/wp\/v2\/types\/page"}],"author":[{"embeddable":true,"href":"https:\/\/high-group.de\/en\/wp-json\/wp\/v2\/users\/15"}],"replies":[{"embeddable":true,"href":"https:\/\/high-group.de\/en\/wp-json\/wp\/v2\/comments?post=7878"}],"version-history":[{"count":13,"href":"https:\/\/high-group.de\/en\/wp-json\/wp\/v2\/pages\/7878\/revisions"}],"predecessor-version":[{"id":7938,"href":"https:\/\/high-group.de\/en\/wp-json\/wp\/v2\/pages\/7878\/revisions\/7938"}],"wp:attachment":[{"href":"https:\/\/high-group.de\/en\/wp-json\/wp\/v2\/media?parent=7878"}],"curies":[{"name":"wp","href":"https:\/\/api.w.org\/{rel}","templated":true}]}}