{"id":764,"date":"2024-10-01T16:12:34","date_gmt":"2024-10-01T16:12:34","guid":{"rendered":"https:\/\/high-group.de\/projekte\/witte-technology-gmbh-copy\/"},"modified":"2025-03-10T15:21:21","modified_gmt":"2025-03-10T15:21:21","slug":"bmw-i-vision-dee","status":"publish","type":"page","link":"https:\/\/high-group.de\/en\/projekte\/bmw-i-vision-dee\/","title":{"rendered":"BMW i Vision Dee"},"content":{"rendered":"<div data-elementor-type=\"wp-page\" data-elementor-id=\"764\" class=\"elementor elementor-764\" data-elementor-post-type=\"page\">\n\t\t\t\t<div class=\"elementor-element elementor-element-ff819c8 e-flex e-con-boxed e-con e-parent\" data-id=\"ff819c8\" data-element_type=\"container\" data-settings=\"{&quot;background_background&quot;:&quot;video&quot;,&quot;background_video_link&quot;:&quot;https:\\\/\\\/high-group.de\\\/wp-content\\\/uploads\\\/2024\\\/10\\\/Reel-2-Domagoj-V3.mp4&quot;,&quot;background_play_on_mobile&quot;:&quot;yes&quot;}\">\n\t\t\t\t\t<div class=\"e-con-inner\">\n\t\t<div class=\"elementor-background-video-container\">\n\t\t\t\t\t\t\t<video class=\"elementor-background-video-hosted elementor-html5-video\" autoplay muted playsinline loop><\/video>\n\t\t\t\t\t<\/div>\t\t<div class=\"elementor-element elementor-element-49ceac2 elementor-widget elementor-widget-heading\" data-id=\"49ceac2\" data-element_type=\"widget\" data-widget_type=\"heading.default\">\n\t\t\t\t<div class=\"elementor-widget-container\">\n\t\t\t<h2 class=\"elementor-heading-title elementor-size-default\">BMW i Vision Dee\n<\/h2>\t\t<\/div>\n\t\t\t\t<\/div>\n\t\t\t\t\t<\/div>\n\t\t\t\t<\/div>\n\t\t<div class=\"elementor-element elementor-element-be7419c e-flex e-con-boxed e-con e-parent\" data-id=\"be7419c\" data-element_type=\"container\" data-settings=\"{&quot;background_background&quot;:&quot;classic&quot;}\">\n\t\t\t\t\t<div class=\"e-con-inner\">\n\t\t<div class=\"elementor-element elementor-element-cf89945 e-flex e-con-boxed e-con e-child\" data-id=\"cf89945\" data-element_type=\"container\">\n\t\t\t\t\t<div class=\"e-con-inner\">\n\t\t\t\t<div class=\"elementor-element elementor-element-e9e9873 elementor-widget elementor-widget-heading\" data-id=\"e9e9873\" data-element_type=\"widget\" data-widget_type=\"heading.default\">\n\t\t\t\t<div class=\"elementor-widget-container\">\n\t\t\t<h2 class=\"elementor-heading-title elementor-size-default\">Instagram Reels for the BMW Group<\/h2>\t\t<\/div>\n\t\t\t\t<\/div>\n\t\t\t\t<div class=\"elementor-element elementor-element-27bf3a0 elementor-widget elementor-widget-text-editor\" data-id=\"27bf3a0\" data-element_type=\"widget\" data-widget_type=\"text-editor.default\">\n\t\t\t\t<div class=\"elementor-widget-container\">\n\t\t\t\t\t\t\tThe BMW iVisionDEE is a state-of-the-art concept car. In cooperation with the LOOPING GROUP, high.high.end Reels &amp; Bilder has produced it. We interviewed chief designer Domagoj Dukec and other BMW employees. Immerse yourself in a visual &amp; playful story in which Dee meets people.\t\t\t\t\t\t<\/div>\n\t\t\t\t<\/div>\n\t\t<div class=\"elementor-element elementor-element-43b5b11 e-grid e-con-full e-con e-child\" data-id=\"43b5b11\" data-element_type=\"container\">\n\t\t\t\t<div class=\"elementor-element elementor-element-fd24cdb elementor-widget elementor-widget-html\" data-id=\"fd24cdb\" data-element_type=\"widget\" data-widget_type=\"html.default\">\n\t\t\t\t<div class=\"elementor-widget-container\">\n\t\t\t<iframe width=\"512\" height=\"600\" src=\"https:\/\/www.youtube.com\/embed\/T8DzW0S5ooM\" title=\"BMW iVisionDEE - Instagram Reel\" frameborder=\"0\" allow=\"accelerometer; autoplay; clipboard-write; encrypted-media; gyroscope; picture-in-picture; web-share\" referrerpolicy=\"strict-origin-when-cross-origin\" allowfullscreen><\/iframe>\t\t<\/div>\n\t\t\t\t<\/div>\n\t\t\t\t<div class=\"elementor-element elementor-element-0909a16 elementor-widget elementor-widget-html\" data-id=\"0909a16\" data-element_type=\"widget\" data-widget_type=\"html.default\">\n\t\t\t\t<div class=\"elementor-widget-container\">\n\t\t\t<iframe width=\"512\" height=\"600\" src=\"https:\/\/www.youtube.com\/embed\/e2bXwwpQR8g\" title=\"BMW iVisionDEE - Instagram Reel\" frameborder=\"0\" allow=\"accelerometer; autoplay; clipboard-write; encrypted-media; gyroscope; picture-in-picture; web-share\" referrerpolicy=\"strict-origin-when-cross-origin\" allowfullscreen><\/iframe>\t\t<\/div>\n\t\t\t\t<\/div>\n\t\t\t\t<div class=\"elementor-element elementor-element-99d15cf elementor-widget elementor-widget-html\" data-id=\"99d15cf\" data-element_type=\"widget\" data-widget_type=\"html.default\">\n\t\t\t\t<div class=\"elementor-widget-container\">\n\t\t\t<iframe width=\"512\" height=\"600\" src=\"https:\/\/www.youtube.com\/embed\/waq6ri4xzj8\" title=\"BMW iVisionDEE - Instagram Reel\" frameborder=\"0\" allow=\"accelerometer; autoplay; clipboard-write; encrypted-media; gyroscope; picture-in-picture; web-share\" referrerpolicy=\"strict-origin-when-cross-origin\" allowfullscreen><\/iframe>\t\t<\/div>\n\t\t\t\t<\/div>\n\t\t\t\t<\/div>\n\t\t\t\t\t<\/div>\n\t\t\t\t<\/div>\n\t\t\t\t\t<\/div>\n\t\t\t\t<\/div>\n\t\t<div class=\"elementor-element elementor-element-5e3c688 e-flex e-con-boxed e-con e-parent\" data-id=\"5e3c688\" data-element_type=\"container\" data-settings=\"{&quot;background_background&quot;:&quot;classic&quot;}\">\n\t\t\t\t\t<div class=\"e-con-inner\">\n\t\t\t\t<div class=\"elementor-element elementor-element-415d862 elementor-arrows-position-inside elementor-widget elementor-widget-image-carousel\" data-id=\"415d862\" data-element_type=\"widget\" data-settings=\"{&quot;navigation&quot;:&quot;arrows&quot;,&quot;autoplay&quot;:&quot;yes&quot;,&quot;pause_on_hover&quot;:&quot;yes&quot;,&quot;pause_on_interaction&quot;:&quot;yes&quot;,&quot;autoplay_speed&quot;:5000,&quot;infinite&quot;:&quot;yes&quot;,&quot;speed&quot;:500,&quot;image_spacing_custom&quot;:{&quot;unit&quot;:&quot;px&quot;,&quot;size&quot;:20,&quot;sizes&quot;:[]},&quot;image_spacing_custom_tablet&quot;:{&quot;unit&quot;:&quot;px&quot;,&quot;size&quot;:&quot;&quot;,&quot;sizes&quot;:[]},&quot;image_spacing_custom_mobile&quot;:{&quot;unit&quot;:&quot;px&quot;,&quot;size&quot;:&quot;&quot;,&quot;sizes&quot;:[]}}\" data-widget_type=\"image-carousel.default\">\n\t\t\t\t<div class=\"elementor-widget-container\">\n\t\t\t\t\t<div class=\"elementor-image-carousel-wrapper swiper\" dir=\"ltr\">\n\t\t\t<div class=\"elementor-image-carousel swiper-wrapper\" aria-live=\"off\">\n\t\t\t\t\t\t\t\t<div class=\"swiper-slide\" role=\"group\" aria-roledescription=\"slide\" aria-label=\"1 of 9\" data-no-translation-aria-label=\"\"><figure class=\"swiper-slide-inner\"><img decoding=\"async\" class=\"swiper-slide-image\" src=\"https:\/\/high-group.de\/wp-content\/uploads\/elementor\/thumbs\/BMWiVisionDEE1-qwh4hf6ebya6lj6nd1qe5m0m72eugqxrddbpzntvns.jpeg\" alt=\"BMWiVisionDEE1\" \/><\/figure><\/div><div class=\"swiper-slide\" role=\"group\" aria-roledescription=\"slide\" aria-label=\"2 of 9\" data-no-translation-aria-label=\"\"><figure class=\"swiper-slide-inner\"><img decoding=\"async\" class=\"swiper-slide-image\" src=\"https:\/\/high-group.de\/wp-content\/uploads\/elementor\/thumbs\/BMWiVisionDEE8-qwh6t6kncgy16lim995kch3bv5kcdrgo7y5djbmx6w.jpeg\" alt=\"BMWiVisionDEE8\" \/><\/figure><\/div><div class=\"swiper-slide\" role=\"group\" aria-roledescription=\"slide\" aria-label=\"3 of 9\" data-no-translation-aria-label=\"\"><figure class=\"swiper-slide-inner\"><img decoding=\"async\" class=\"swiper-slide-image\" src=\"https:\/\/high-group.de\/wp-content\/uploads\/elementor\/thumbs\/BMWiVisionDEE6-qwh59hmweupfacewgoic4114sa2fbdd7kamow47nuw.jpeg\" alt=\"BMWiVisionDEE6\" \/><\/figure><\/div><div class=\"swiper-slide\" role=\"group\" aria-roledescription=\"slide\" aria-label=\"4 of 9\" data-no-translation-aria-label=\"\"><figure class=\"swiper-slide-inner\"><img decoding=\"async\" class=\"swiper-slide-image\" src=\"https:\/\/high-group.de\/wp-content\/uploads\/elementor\/thumbs\/BMWiVisionDEE7-qwh6gobyettopdomacj9o4pjbl7iyqt8u1nsns6hzc.jpeg\" alt=\"BMWiVisionDEE7\" \/><\/figure><\/div><div class=\"swiper-slide\" role=\"group\" aria-roledescription=\"slide\" aria-label=\"5 of 9\" data-no-translation-aria-label=\"\"><figure class=\"swiper-slide-inner\"><img decoding=\"async\" class=\"swiper-slide-image\" src=\"https:\/\/high-group.de\/wp-content\/uploads\/elementor\/thumbs\/BMWiVisionDEE9-qwh72edoczk90y4nfqkvand1k64wux1x5kfrxzyy6g.jpeg\" alt=\"BMWiVisionDEE9\" \/><\/figure><\/div><div class=\"swiper-slide\" role=\"group\" aria-roledescription=\"slide\" aria-label=\"6 of 9\" data-no-translation-aria-label=\"\"><figure class=\"swiper-slide-inner\"><img decoding=\"async\" class=\"swiper-slide-image\" src=\"https:\/\/high-group.de\/wp-content\/uploads\/elementor\/thumbs\/BMWiVisionDEE5-qwh7bqvwbocwhcjuus1b3ag2842bek5trtzlr240aw.jpeg\" alt=\"BMWiVisionDEE5\" \/><\/figure><\/div><div class=\"swiper-slide\" role=\"group\" aria-roledescription=\"slide\" aria-label=\"7 of 9\" data-no-translation-aria-label=\"\"><figure class=\"swiper-slide-inner\"><img decoding=\"async\" class=\"swiper-slide-image\" src=\"https:\/\/high-group.de\/wp-content\/uploads\/elementor\/thumbs\/BMWiVisionDEE2-qwh7o5d8hzc3o4jbfn13hns0e4xnysebt7v8phq07c.jpeg\" alt=\"BMWiVisionDEE2\" \/><\/figure><\/div><div class=\"swiper-slide\" role=\"group\" aria-roledescription=\"slide\" aria-label=\"8 of 9\" data-no-translation-aria-label=\"\"><figure class=\"swiper-slide-inner\"><img decoding=\"async\" class=\"swiper-slide-image\" src=\"https:\/\/high-group.de\/wp-content\/uploads\/elementor\/thumbs\/BMWiVisionDEE4-qwh6mpgo9k2x7ax82ge363x0jlhbctr8nwcyip8k20.jpeg\" alt=\"BMWiVisionDEE4\" \/><\/figure><\/div><div class=\"swiper-slide\" role=\"group\" aria-roledescription=\"slide\" aria-label=\"9 of 9\" data-no-translation-aria-label=\"\"><figure class=\"swiper-slide-inner\"><img decoding=\"async\" class=\"swiper-slide-image\" src=\"https:\/\/high-group.de\/wp-content\/uploads\/elementor\/thumbs\/BMWiVisionDEE3-qwh812ncgz11b3rgyq5f9wd6fv8csypgl6sl9gk4nc.jpeg\" alt=\"BMWiVisionDEE3\" \/><\/figure><\/div>\t\t\t<\/div>\n\t\t\t\t\t\t\t\t\t\t\t\t<div class=\"elementor-swiper-button elementor-swiper-button-prev\" role=\"button\" tabindex=\"0\">\n\t\t\t\t\t\t<svg aria-hidden=\"true\" class=\"e-font-icon-svg e-eicon-chevron-left\" viewbox=\"0 0 1000 1000\" xmlns=\"http:\/\/www.w3.org\/2000\/svg\"><path d=\"M646 125C629 125 613 133 604 142L308 442C296 454 292 471 292 487 292 504 296 521 308 533L604 854C617 867 629 875 646 875 663 875 679 871 692 858 704 846 713 829 713 812 713 796 708 779 692 767L438 487 692 225C700 217 708 204 708 187 708 171 704 154 692 142 675 129 663 125 646 125Z\"><\/path><\/svg>\t\t\t\t\t<\/div>\n\t\t\t\t\t<div class=\"elementor-swiper-button elementor-swiper-button-next\" role=\"button\" tabindex=\"0\">\n\t\t\t\t\t\t<svg aria-hidden=\"true\" class=\"e-font-icon-svg e-eicon-chevron-right\" viewbox=\"0 0 1000 1000\" xmlns=\"http:\/\/www.w3.org\/2000\/svg\"><path d=\"M696 533C708 521 713 504 713 487 713 471 708 454 696 446L400 146C388 133 375 125 354 125 338 125 325 129 313 142 300 154 292 171 292 187 292 204 296 221 308 233L563 492 304 771C292 783 288 800 288 817 288 833 296 850 308 863 321 871 338 875 354 875 371 875 388 867 400 854L696 533Z\"><\/path><\/svg>\t\t\t\t\t<\/div>\n\t\t\t\t\n\t\t\t\t\t\t\t\t\t<\/div>\n\t\t\t\t<\/div>\n\t\t\t\t<\/div>\n\t\t\t\t\t<\/div>\n\t\t\t\t<\/div>\n\t\t\t\t<\/div>","protected":false},"excerpt":{"rendered":"<p>BMW i Vision Dee Instagram Reels f\u00fcr die BMW Group Der BMW iVisionDEE ist ein hochmodernes Konzeptfahrzeug. In Zusammenarbeit mit der LOOPING GROUP hat high.high.end Reels &#038; Bilder produziert. Wir [&hellip;]<\/p>","protected":false},"author":1,"featured_media":0,"parent":11,"menu_order":0,"comment_status":"closed","ping_status":"closed","template":"","meta":{"_acf_changed":false,"content-type":"","site-sidebar-layout":"no-sidebar","site-content-layout":"","ast-site-content-layout":"full-width-container","site-content-style":"default","site-sidebar-style":"default","ast-global-header-display":"","ast-banner-title-visibility":"","ast-main-header-display":"","ast-hfb-above-header-display":"","ast-hfb-below-header-display":"","ast-hfb-mobile-header-display":"","site-post-title":"disabled","ast-breadcrumbs-content":"","ast-featured-img":"disabled","footer-sml-layout":"","theme-transparent-header-meta":"","adv-header-id-meta":"","stick-header-meta":"","header-above-stick-meta":"","header-main-stick-meta":"","header-below-stick-meta":"","astra-migrate-meta-layouts":"default","ast-page-background-enabled":"default","ast-page-background-meta":{"desktop":{"background-color":"var(--ast-global-color-4)","background-image":"","background-repeat":"repeat","background-position":"center center","background-size":"auto","background-attachment":"scroll","background-type":"","background-media":"","overlay-type":"","overlay-color":"","overlay-opacity":"","overlay-gradient":""},"tablet":{"background-color":"","background-image":"","background-repeat":"repeat","background-position":"center center","background-size":"auto","background-attachment":"scroll","background-type":"","background-media":"","overlay-type":"","overlay-color":"","overlay-opacity":"","overlay-gradient":""},"mobile":{"background-color":"","background-image":"","background-repeat":"repeat","background-position":"center center","background-size":"auto","background-attachment":"scroll","background-type":"","background-media":"","overlay-type":"","overlay-color":"","overlay-opacity":"","overlay-gradient":""}},"ast-content-background-meta":{"desktop":{"background-color":"var(--ast-global-color-5)","background-image":"","background-repeat":"repeat","background-position":"center center","background-size":"auto","background-attachment":"scroll","background-type":"","background-media":"","overlay-type":"","overlay-color":"","overlay-opacity":"","overlay-gradient":""},"tablet":{"background-color":"var(--ast-global-color-5)","background-image":"","background-repeat":"repeat","background-position":"center center","background-size":"auto","background-attachment":"scroll","background-type":"","background-media":"","overlay-type":"","overlay-color":"","overlay-opacity":"","overlay-gradient":""},"mobile":{"background-color":"var(--ast-global-color-5)","background-image":"","background-repeat":"repeat","background-position":"center center","background-size":"auto","background-attachment":"scroll","background-type":"","background-media":"","overlay-type":"","overlay-color":"","overlay-opacity":"","overlay-gradient":""}},"footnotes":""},"class_list":["post-764","page","type-page","status-publish","hentry"],"acf":[],"yoast_head":"<!-- This site is optimized with the Yoast SEO plugin v24.8.1 - https:\/\/yoast.com\/wordpress\/plugins\/seo\/ -->\n<title>BMW i Vision Dee - Videoproduktion K\u00f6ln - High. Group<\/title>\n<meta name=\"robots\" content=\"index, follow, max-snippet:-1, max-image-preview:large, max-video-preview:-1\" \/>\n<link rel=\"canonical\" href=\"https:\/\/high-group.de\/en\/projekte\/bmw-i-vision-dee\/\" \/>\n<meta property=\"og:locale\" content=\"en_US\" \/>\n<meta property=\"og:type\" content=\"article\" \/>\n<meta property=\"og:title\" content=\"BMW i Vision Dee - Videoproduktion K\u00f6ln - High. Group\" \/>\n<meta property=\"og:description\" content=\"BMW i Vision Dee Instagram Reels f\u00fcr die BMW Group Der BMW iVisionDEE ist ein hochmodernes Konzeptfahrzeug. In Zusammenarbeit mit der LOOPING GROUP hat high.high.end Reels &#038; Bilder produziert. Wir [&hellip;]\" \/>\n<meta property=\"og:url\" content=\"https:\/\/high-group.de\/en\/projekte\/bmw-i-vision-dee\/\" \/>\n<meta property=\"og:site_name\" content=\"Videoproduktion K\u00f6ln - High. Group\" \/>\n<meta property=\"article:modified_time\" content=\"2025-03-10T15:21:21+00:00\" \/>\n<meta property=\"og:image\" content=\"https:\/\/high-group.de\/wp-content\/uploads\/elementor\/thumbs\/BMWiVisionDEE1-qwh4hf6ebya6lj6nd1qe5m0m72eugqxrddbpzntvns.jpeg?wsr\" \/>\n<meta name=\"twitter:card\" content=\"summary_large_image\" \/>\n<meta name=\"twitter:label1\" content=\"Est. reading time\" \/>\n\t<meta name=\"twitter:data1\" content=\"4 minutes\" \/>\n<script type=\"application\/ld+json\" class=\"yoast-schema-graph\">{\"@context\":\"https:\/\/schema.org\",\"@graph\":[{\"@type\":\"WebPage\",\"@id\":\"https:\/\/high-group.de\/projekte\/bmw-i-vision-dee\/\",\"url\":\"https:\/\/high-group.de\/projekte\/bmw-i-vision-dee\/\",\"name\":\"BMW i Vision Dee - Videoproduktion K\u00f6ln - High. Group\",\"isPartOf\":{\"@id\":\"https:\/\/high-group.de\/#website\"},\"primaryImageOfPage\":{\"@id\":\"https:\/\/high-group.de\/projekte\/bmw-i-vision-dee\/#primaryimage\"},\"image\":{\"@id\":\"https:\/\/high-group.de\/projekte\/bmw-i-vision-dee\/#primaryimage\"},\"thumbnailUrl\":\"https:\/\/high-group.de\/wp-content\/uploads\/elementor\/thumbs\/BMWiVisionDEE1-qwh4hf6ebya6lj6nd1qe5m0m72eugqxrddbpzntvns.jpeg?wsr\",\"datePublished\":\"2024-10-01T16:12:34+00:00\",\"dateModified\":\"2025-03-10T15:21:21+00:00\",\"breadcrumb\":{\"@id\":\"https:\/\/high-group.de\/projekte\/bmw-i-vision-dee\/#breadcrumb\"},\"inLanguage\":\"en-US\",\"potentialAction\":[{\"@type\":\"ReadAction\",\"target\":[\"https:\/\/high-group.de\/projekte\/bmw-i-vision-dee\/\"]}]},{\"@type\":\"ImageObject\",\"inLanguage\":\"en-US\",\"@id\":\"https:\/\/high-group.de\/projekte\/bmw-i-vision-dee\/#primaryimage\",\"url\":\"https:\/\/high-group.de\/wp-content\/uploads\/elementor\/thumbs\/BMWiVisionDEE1-qwh4hf6ebya6lj6nd1qe5m0m72eugqxrddbpzntvns.jpeg?wsr\",\"contentUrl\":\"https:\/\/high-group.de\/wp-content\/uploads\/elementor\/thumbs\/BMWiVisionDEE1-qwh4hf6ebya6lj6nd1qe5m0m72eugqxrddbpzntvns.jpeg?wsr\"},{\"@type\":\"BreadcrumbList\",\"@id\":\"https:\/\/high-group.de\/projekte\/bmw-i-vision-dee\/#breadcrumb\",\"itemListElement\":[{\"@type\":\"ListItem\",\"position\":1,\"name\":\"Startseite\",\"item\":\"https:\/\/high-group.de\/\"},{\"@type\":\"ListItem\",\"position\":2,\"name\":\"Projekte\",\"item\":\"https:\/\/high-group.de\/projekte\/\"},{\"@type\":\"ListItem\",\"position\":3,\"name\":\"BMW i Vision Dee\"}]},{\"@type\":\"WebSite\",\"@id\":\"https:\/\/high-group.de\/#website\",\"url\":\"https:\/\/high-group.de\/\",\"name\":\"High Group\",\"description\":\"Hochwertige Videoproduktion f\u00fcr Business, Events, Messen in K\u00f6ln. Videografen aus K\u00f6ln.\",\"publisher\":{\"@id\":\"https:\/\/high-group.de\/#organization\"},\"potentialAction\":[{\"@type\":\"SearchAction\",\"target\":{\"@type\":\"EntryPoint\",\"urlTemplate\":\"https:\/\/high-group.de\/?s={search_term_string}\"},\"query-input\":{\"@type\":\"PropertyValueSpecification\",\"valueRequired\":true,\"valueName\":\"search_term_string\"}}],\"inLanguage\":\"en-US\"},{\"@type\":\"Organization\",\"@id\":\"https:\/\/high-group.de\/#organization\",\"name\":\"High Group\",\"url\":\"https:\/\/high-group.de\/\",\"logo\":{\"@type\":\"ImageObject\",\"inLanguage\":\"en-US\",\"@id\":\"https:\/\/high-group.de\/#\/schema\/logo\/image\/\",\"url\":\"https:\/\/high-group.de\/wp-content\/uploads\/2024\/11\/high-media-logo.png\",\"contentUrl\":\"https:\/\/high-group.de\/wp-content\/uploads\/2024\/11\/high-media-logo.png\",\"width\":300,\"height\":150,\"caption\":\"High Group\"},\"image\":{\"@id\":\"https:\/\/high-group.de\/#\/schema\/logo\/image\/\"}}]}<\/script>\n<!-- \/ Yoast SEO plugin. -->","yoast_head_json":{"title":"BMW i Vision Dee - Videoproduktion K\u00f6ln - High. Group","robots":{"index":"index","follow":"follow","max-snippet":"max-snippet:-1","max-image-preview":"max-image-preview:large","max-video-preview":"max-video-preview:-1"},"canonical":"https:\/\/high-group.de\/en\/projekte\/bmw-i-vision-dee\/","og_locale":"en_US","og_type":"article","og_title":"BMW i Vision Dee - Videoproduktion K\u00f6ln - High. Group","og_description":"BMW i Vision Dee Instagram Reels f\u00fcr die BMW Group Der BMW iVisionDEE ist ein hochmodernes Konzeptfahrzeug. In Zusammenarbeit mit der LOOPING GROUP hat high.high.end Reels &#038; Bilder produziert. Wir [&hellip;]","og_url":"https:\/\/high-group.de\/en\/projekte\/bmw-i-vision-dee\/","og_site_name":"Videoproduktion K\u00f6ln - High. Group","article_modified_time":"2025-03-10T15:21:21+00:00","og_image":[{"url":"https:\/\/high-group.de\/wp-content\/uploads\/elementor\/thumbs\/BMWiVisionDEE1-qwh4hf6ebya6lj6nd1qe5m0m72eugqxrddbpzntvns.jpeg?wsr","type":"","width":"","height":""}],"twitter_card":"summary_large_image","twitter_misc":{"Est. reading time":"4 minutes"},"schema":{"@context":"https:\/\/schema.org","@graph":[{"@type":"WebPage","@id":"https:\/\/high-group.de\/projekte\/bmw-i-vision-dee\/","url":"https:\/\/high-group.de\/projekte\/bmw-i-vision-dee\/","name":"BMW i Vision Dee - Videoproduktion K\u00f6ln - High. Group","isPartOf":{"@id":"https:\/\/high-group.de\/#website"},"primaryImageOfPage":{"@id":"https:\/\/high-group.de\/projekte\/bmw-i-vision-dee\/#primaryimage"},"image":{"@id":"https:\/\/high-group.de\/projekte\/bmw-i-vision-dee\/#primaryimage"},"thumbnailUrl":"https:\/\/high-group.de\/wp-content\/uploads\/elementor\/thumbs\/BMWiVisionDEE1-qwh4hf6ebya6lj6nd1qe5m0m72eugqxrddbpzntvns.jpeg?wsr","datePublished":"2024-10-01T16:12:34+00:00","dateModified":"2025-03-10T15:21:21+00:00","breadcrumb":{"@id":"https:\/\/high-group.de\/projekte\/bmw-i-vision-dee\/#breadcrumb"},"inLanguage":"en-US","potentialAction":[{"@type":"ReadAction","target":["https:\/\/high-group.de\/projekte\/bmw-i-vision-dee\/"]}]},{"@type":"ImageObject","inLanguage":"en-US","@id":"https:\/\/high-group.de\/projekte\/bmw-i-vision-dee\/#primaryimage","url":"https:\/\/high-group.de\/wp-content\/uploads\/elementor\/thumbs\/BMWiVisionDEE1-qwh4hf6ebya6lj6nd1qe5m0m72eugqxrddbpzntvns.jpeg?wsr","contentUrl":"https:\/\/high-group.de\/wp-content\/uploads\/elementor\/thumbs\/BMWiVisionDEE1-qwh4hf6ebya6lj6nd1qe5m0m72eugqxrddbpzntvns.jpeg?wsr"},{"@type":"BreadcrumbList","@id":"https:\/\/high-group.de\/projekte\/bmw-i-vision-dee\/#breadcrumb","itemListElement":[{"@type":"ListItem","position":1,"name":"Startseite","item":"https:\/\/high-group.de\/"},{"@type":"ListItem","position":2,"name":"Projekte","item":"https:\/\/high-group.de\/projekte\/"},{"@type":"ListItem","position":3,"name":"BMW i Vision Dee"}]},{"@type":"WebSite","@id":"https:\/\/high-group.de\/#website","url":"https:\/\/high-group.de\/","name":"High Group","description":"Hochwertige Videoproduktion f\u00fcr Business, Events, Messen in K\u00f6ln. Videografen aus K\u00f6ln.","publisher":{"@id":"https:\/\/high-group.de\/#organization"},"potentialAction":[{"@type":"SearchAction","target":{"@type":"EntryPoint","urlTemplate":"https:\/\/high-group.de\/?s={search_term_string}"},"query-input":{"@type":"PropertyValueSpecification","valueRequired":true,"valueName":"search_term_string"}}],"inLanguage":"en-US"},{"@type":"Organization","@id":"https:\/\/high-group.de\/#organization","name":"High Group","url":"https:\/\/high-group.de\/","logo":{"@type":"ImageObject","inLanguage":"en-US","@id":"https:\/\/high-group.de\/#\/schema\/logo\/image\/","url":"https:\/\/high-group.de\/wp-content\/uploads\/2024\/11\/high-media-logo.png","contentUrl":"https:\/\/high-group.de\/wp-content\/uploads\/2024\/11\/high-media-logo.png","width":300,"height":150,"caption":"High Group"},"image":{"@id":"https:\/\/high-group.de\/#\/schema\/logo\/image\/"}}]}},"_links":{"self":[{"href":"https:\/\/high-group.de\/en\/wp-json\/wp\/v2\/pages\/764","targetHints":{"allow":["GET"]}}],"collection":[{"href":"https:\/\/high-group.de\/en\/wp-json\/wp\/v2\/pages"}],"about":[{"href":"https:\/\/high-group.de\/en\/wp-json\/wp\/v2\/types\/page"}],"author":[{"embeddable":true,"href":"https:\/\/high-group.de\/en\/wp-json\/wp\/v2\/users\/1"}],"replies":[{"embeddable":true,"href":"https:\/\/high-group.de\/en\/wp-json\/wp\/v2\/comments?post=764"}],"version-history":[{"count":19,"href":"https:\/\/high-group.de\/en\/wp-json\/wp\/v2\/pages\/764\/revisions"}],"predecessor-version":[{"id":6593,"href":"https:\/\/high-group.de\/en\/wp-json\/wp\/v2\/pages\/764\/revisions\/6593"}],"up":[{"embeddable":true,"href":"https:\/\/high-group.de\/en\/wp-json\/wp\/v2\/pages\/11"}],"wp:attachment":[{"href":"https:\/\/high-group.de\/en\/wp-json\/wp\/v2\/media?parent=764"}],"curies":[{"name":"wp","href":"https:\/\/api.w.org\/{rel}","templated":true}]}}