{"id":6978,"date":"2025-10-30T11:14:29","date_gmt":"2025-10-30T10:14:29","guid":{"rendered":"https:\/\/high-group.de\/?page_id=6978"},"modified":"2025-10-30T15:45:53","modified_gmt":"2025-10-30T14:45:53","slug":"czarnowski","status":"publish","type":"page","link":"https:\/\/high-group.de\/en\/projekte\/czarnowski\/","title":{"rendered":"Czarnowski"},"content":{"rendered":"<div data-elementor-type=\"wp-page\" data-elementor-id=\"6978\" class=\"elementor elementor-6978\" data-elementor-post-type=\"page\">\n\t\t\t\t<div class=\"elementor-element elementor-element-d023eda e-flex e-con-boxed e-con e-parent\" data-id=\"d023eda\" data-element_type=\"container\" data-settings=\"{&quot;background_background&quot;:&quot;video&quot;,&quot;background_video_link&quot;:&quot;https:\\\/\\\/youtu.be\\\/X4BBc9t5O88&quot;,&quot;background_play_on_mobile&quot;:&quot;yes&quot;}\">\n\t\t\t\t\t<div class=\"e-con-inner\">\n\t\t<div class=\"elementor-background-video-container\">\n\t\t\t\t\t\t\t<div class=\"elementor-background-video-embed\"><\/div>\n\t\t\t\t\t\t<\/div>\t\t<div class=\"elementor-element elementor-element-f36fe40 elementor-widget elementor-widget-heading\" data-id=\"f36fe40\" data-element_type=\"widget\" data-widget_type=\"heading.default\">\n\t\t\t\t<div class=\"elementor-widget-container\">\n\t\t\t<h2 class=\"elementor-heading-title elementor-size-default\">Czarnowski<\/h2>\t\t<\/div>\n\t\t\t\t<\/div>\n\t\t\t\t\t<\/div>\n\t\t\t\t<\/div>\n\t\t<div class=\"elementor-element elementor-element-b5b088c e-flex e-con-boxed e-con e-parent\" data-id=\"b5b088c\" data-element_type=\"container\" data-settings=\"{&quot;background_background&quot;:&quot;classic&quot;}\">\n\t\t\t\t\t<div class=\"e-con-inner\">\n\t\t<div class=\"elementor-element elementor-element-4be88b4 e-flex e-con-boxed e-con e-child\" data-id=\"4be88b4\" data-element_type=\"container\">\n\t\t\t\t\t<div class=\"e-con-inner\">\n\t\t\t\t<div class=\"elementor-element elementor-element-7d1c090 elementor-widget elementor-widget-heading\" data-id=\"7d1c090\" data-element_type=\"widget\" data-widget_type=\"heading.default\">\n\t\t\t\t<div class=\"elementor-widget-container\">\n\t\t\t<h2 class=\"elementor-heading-title elementor-size-default\">Czarnowski - Meta exhibition stand at Gamescom\nCologne<\/h2>\t\t<\/div>\n\t\t\t\t<\/div>\n\t\t\t\t<div class=\"elementor-element elementor-element-479a9fa elementor-widget elementor-widget-heading\" data-id=\"479a9fa\" data-element_type=\"widget\" data-widget_type=\"heading.default\">\n\t\t\t\t<div class=\"elementor-widget-container\">\n\t\t\t<h2 class=\"elementor-heading-title elementor-size-default\">Initial situation<\/h2>\t\t<\/div>\n\t\t\t\t<\/div>\n\t\t\t\t<div class=\"elementor-element elementor-element-8442b36 elementor-widget elementor-widget-text-editor\" data-id=\"8442b36\" data-element_type=\"widget\" data-widget_type=\"text-editor.default\">\n\t\t\t\t<div class=\"elementor-widget-container\">\n\t\t\t\t\t\t\t<p>The international trade fair construction company <b>Czarnowski<\/b> designed the <b>Meta booth<\/b>\u00a0<span style=\"font-style: inherit;\"><b>at the Gamescom Cologne<\/b><\/span><span style=\"font-style: inherit; font-weight: inherit;\"> - one of the most eye-catching stands at the entire trade fair.\u00a0<\/span><span style=\"font-style: inherit; font-weight: inherit;\">Our task was to improve the design, the atmosphere and the visitor experience in <\/span><b><span style=\"font-style: inherit;\">Photo and\u00a0<\/span><span style=\"font-style: inherit;\">Video<\/span><\/b><span style=\"font-style: inherit; font-weight: inherit;\"> to be noted.<\/span><\/p>\t\t\t\t\t\t<\/div>\n\t\t\t\t<\/div>\n\t\t\t\t<div class=\"elementor-element elementor-element-4d75606 elementor-widget elementor-widget-heading\" data-id=\"4d75606\" data-element_type=\"widget\" data-widget_type=\"heading.default\">\n\t\t\t\t<div class=\"elementor-widget-container\">\n\t\t\t<h2 class=\"elementor-heading-title elementor-size-default\">Objective<\/h2>\t\t<\/div>\n\t\t\t\t<\/div>\n\t\t\t\t<div class=\"elementor-element elementor-element-074d1ce elementor-widget elementor-widget-text-editor\" data-id=\"074d1ce\" data-element_type=\"widget\" data-widget_type=\"text-editor.default\">\n\t\t\t\t<div class=\"elementor-widget-container\">\n\t\t\t\t\t\t\t<p>\u25cf High quality <b>Trade fair documentation<\/b> for the customer Meta<br \/><span style=\"font-style: inherit; font-weight: inherit;\">\u25cf Strong <\/span><span style=\"font-style: inherit;\"><b>visual content<\/b><\/span><span style=\"font-style: inherit; font-weight: inherit;\"> for further marketing<br \/><\/span><span style=\"font-style: inherit; font-weight: inherit;\">\u25cf Authentic presentation of the stand experience with a focus on <\/span><b><span style=\"font-style: inherit;\">Networking and\u00a0<\/span><span style=\"font-style: inherit;\">Interaction<\/span><\/b><\/p>\t\t\t\t\t\t<\/div>\n\t\t\t\t<\/div>\n\t\t\t\t<div class=\"elementor-element elementor-element-ce15aad elementor-widget elementor-widget-heading\" data-id=\"ce15aad\" data-element_type=\"widget\" data-widget_type=\"heading.default\">\n\t\t\t\t<div class=\"elementor-widget-container\">\n\t\t\t<h2 class=\"elementor-heading-title elementor-size-default\">Implementation<\/h2>\t\t<\/div>\n\t\t\t\t<\/div>\n\t\t\t\t<div class=\"elementor-element elementor-element-d8aeed5 elementor-widget elementor-widget-text-editor\" data-id=\"d8aeed5\" data-element_type=\"widget\" data-widget_type=\"text-editor.default\">\n\t\t\t\t<div class=\"elementor-widget-container\">\n\t\t\t\t\t\t\t<p>In collaboration with the trade fair photographer <b>Philip Kistner<\/b> a holistic\u00a0<span style=\"font-style: inherit; font-weight: inherit;\">Documentation of the exhibition stand.\u00a0<br \/><\/span><span style=\"font-style: inherit; font-weight: inherit;\">Our team took over the <\/span><span style=\"font-style: inherit;\"><b>Video production<\/b><\/span><span style=\"font-style: inherit; font-weight: inherit;\">while Philip is the <\/span><span style=\"font-style: inherit;\"><b>Photography<\/b><\/span><span style=\"font-style: inherit; font-weight: inherit;\">\u00a0<\/span><span style=\"font-style: inherit; font-weight: inherit;\">was responsible for.\u00a0<\/span><span style=\"font-style: inherit; font-weight: inherit;\">The focus was on the presentation of the <\/span><span style=\"font-style: inherit;\"><b>Meta Quest VR glasses<\/b><\/span><span style=\"font-style: inherit; font-weight: inherit;\">the new\u00a0<\/span><span style=\"font-style: inherit;\"><b>Deadpool Game<\/b><\/span><span style=\"font-style: inherit; font-weight: inherit;\"> and the lively hustle and bustle around the stand.<\/span><\/p>\t\t\t\t\t\t<\/div>\n\t\t\t\t<\/div>\n\t\t\t\t<div class=\"elementor-element elementor-element-54af72e elementor-widget elementor-widget-heading\" data-id=\"54af72e\" data-element_type=\"widget\" data-widget_type=\"heading.default\">\n\t\t\t\t<div class=\"elementor-widget-container\">\n\t\t\t<h2 class=\"elementor-heading-title elementor-size-default\">Result<\/h2>\t\t<\/div>\n\t\t\t\t<\/div>\n\t\t\t\t<div class=\"elementor-element elementor-element-e3f3717 elementor-widget elementor-widget-text-editor\" data-id=\"e3f3717\" data-element_type=\"widget\" data-widget_type=\"text-editor.default\">\n\t\t\t\t<div class=\"elementor-widget-container\">\n\t\t\t\t\t\t\t<p>\u25cf High-quality trade fair content for Czarnowski and Meta<br><span style=\"font-style: inherit;\">\u25cf Emotional insight into the trade fair experience at Gamescom<br><\/span><span style=\"font-style: inherit;\">\u25cf Seamless collaboration between photo and video team<\/span><\/p>\t\t\t\t\t\t<\/div>\n\t\t\t\t<\/div>\n\t\t<div class=\"elementor-element elementor-element-f15f741 e-grid e-con-full e-con e-child\" data-id=\"f15f741\" data-element_type=\"container\">\n\t\t<div class=\"elementor-element elementor-element-710dfa0 e-con-full e-flex e-con e-child\" data-id=\"710dfa0\" data-element_type=\"container\" data-settings=\"{&quot;background_background&quot;:&quot;classic&quot;}\">\n\t\t\t\t<div class=\"elementor-element elementor-element-0f8a0f1 elementor-widget elementor-widget-video\" data-id=\"0f8a0f1\" data-element_type=\"widget\" data-settings=\"{&quot;youtube_url&quot;:&quot;https:\\\/\\\/youtu.be\\\/X4BBc9t5O88&quot;,&quot;loop&quot;:&quot;yes&quot;,&quot;yt_privacy&quot;:&quot;yes&quot;,&quot;video_type&quot;:&quot;youtube&quot;}\" data-widget_type=\"video.default\">\n\t\t\t\t<div class=\"elementor-widget-container\">\n\t\t\t\t\t<div class=\"elementor-wrapper elementor-open-inline\">\n\t\t\t<div class=\"elementor-video\"><\/div>\t\t<\/div>\n\t\t\t\t<\/div>\n\t\t\t\t<\/div>\n\t\t\t\t<\/div>\n\t\t\t\t<\/div>\n\t\t\t\t\t<\/div>\n\t\t\t\t<\/div>\n\t\t\t\t\t<\/div>\n\t\t\t\t<\/div>\n\t\t<div class=\"elementor-element elementor-element-8c396ed e-flex e-con-boxed e-con e-parent\" data-id=\"8c396ed\" data-element_type=\"container\" data-settings=\"{&quot;background_background&quot;:&quot;classic&quot;}\">\n\t\t\t\t\t<div class=\"e-con-inner\">\n\t\t\t\t<div class=\"elementor-element elementor-element-9d1b334 elementor-arrows-position-inside elementor-widget elementor-widget-image-carousel\" data-id=\"9d1b334\" data-element_type=\"widget\" data-settings=\"{&quot;navigation&quot;:&quot;arrows&quot;,&quot;autoplay&quot;:&quot;yes&quot;,&quot;pause_on_hover&quot;:&quot;yes&quot;,&quot;pause_on_interaction&quot;:&quot;yes&quot;,&quot;autoplay_speed&quot;:5000,&quot;infinite&quot;:&quot;yes&quot;,&quot;speed&quot;:500,&quot;image_spacing_custom&quot;:{&quot;unit&quot;:&quot;px&quot;,&quot;size&quot;:20,&quot;sizes&quot;:[]},&quot;image_spacing_custom_tablet&quot;:{&quot;unit&quot;:&quot;px&quot;,&quot;size&quot;:&quot;&quot;,&quot;sizes&quot;:[]},&quot;image_spacing_custom_mobile&quot;:{&quot;unit&quot;:&quot;px&quot;,&quot;size&quot;:&quot;&quot;,&quot;sizes&quot;:[]}}\" data-widget_type=\"image-carousel.default\">\n\t\t\t\t<div class=\"elementor-widget-container\">\n\t\t\t\t\t<div class=\"elementor-image-carousel-wrapper swiper\" dir=\"ltr\">\n\t\t\t<div class=\"elementor-image-carousel swiper-wrapper\" aria-live=\"off\">\n\t\t\t\t\t\t\t\t<div class=\"swiper-slide\" role=\"group\" aria-roledescription=\"slide\" aria-label=\"1 of 4\"><figure class=\"swiper-slide-inner\"><img decoding=\"async\" class=\"swiper-slide-image\" src=\"https:\/\/high-group.de\/wp-content\/uploads\/elementor\/thumbs\/Meta_Gamescom6170-scaled-rdyqidlvu17z174n1krhao2uxruszmw5sbs3zunvd4.jpg\" alt=\"Meta_Gamescom6170\" \/><\/figure><\/div><div class=\"swiper-slide\" role=\"group\" aria-roledescription=\"slide\" aria-label=\"2 of 4\"><figure class=\"swiper-slide-inner\"><img decoding=\"async\" class=\"swiper-slide-image\" src=\"https:\/\/high-group.de\/wp-content\/uploads\/elementor\/thumbs\/Meta_Gamescom7030-scaled-rdyqiib2s7een8xta4sm54w5wp7n24etgz1je8gwi0.jpg\" alt=\"Meta_Gamescom7030\" \/><\/figure><\/div><div class=\"swiper-slide\" role=\"group\" aria-roledescription=\"slide\" aria-label=\"3 of 4\"><figure class=\"swiper-slide-inner\"><img decoding=\"async\" class=\"swiper-slide-image\" src=\"https:\/\/high-group.de\/wp-content\/uploads\/elementor\/thumbs\/Meta_Gamescom7514-scaled-rdyqim2fjjjjxosco6f4f3y0a8p3wwtqthnhbcbbt4.jpg\" alt=\"Meta_Gamescom7514\" \/><\/figure><\/div><div class=\"swiper-slide\" role=\"group\" aria-roledescription=\"slide\" aria-label=\"4 of 4\"><figure class=\"swiper-slide-inner\"><img decoding=\"async\" class=\"swiper-slide-image\" src=\"https:\/\/high-group.de\/wp-content\/uploads\/elementor\/thumbs\/Meta_Gamescom7818-scaled-rdyqiqrmhppzjqliwqg99krb961xzecei4wwpq4cy0.jpg\" alt=\"Meta_Gamescom7818\" \/><\/figure><\/div>\t\t\t<\/div>\n\t\t\t\t\t\t\t\t\t\t\t\t<div class=\"elementor-swiper-button elementor-swiper-button-prev\" role=\"button\" tabindex=\"0\">\n\t\t\t\t\t\t<svg aria-hidden=\"true\" class=\"e-font-icon-svg e-eicon-chevron-left\" viewbox=\"0 0 1000 1000\" xmlns=\"http:\/\/www.w3.org\/2000\/svg\"><path d=\"M646 125C629 125 613 133 604 142L308 442C296 454 292 471 292 487 292 504 296 521 308 533L604 854C617 867 629 875 646 875 663 875 679 871 692 858 704 846 713 829 713 812 713 796 708 779 692 767L438 487 692 225C700 217 708 204 708 187 708 171 704 154 692 142 675 129 663 125 646 125Z\"><\/path><\/svg>\t\t\t\t\t<\/div>\n\t\t\t\t\t<div class=\"elementor-swiper-button elementor-swiper-button-next\" role=\"button\" tabindex=\"0\">\n\t\t\t\t\t\t<svg aria-hidden=\"true\" class=\"e-font-icon-svg e-eicon-chevron-right\" viewbox=\"0 0 1000 1000\" xmlns=\"http:\/\/www.w3.org\/2000\/svg\"><path d=\"M696 533C708 521 713 504 713 487 713 471 708 454 696 446L400 146C388 133 375 125 354 125 338 125 325 129 313 142 300 154 292 171 292 187 292 204 296 221 308 233L563 492 304 771C292 783 288 800 288 817 288 833 296 850 308 863 321 871 338 875 354 875 371 875 388 867 400 854L696 533Z\"><\/path><\/svg>\t\t\t\t\t<\/div>\n\t\t\t\t\n\t\t\t\t\t\t\t\t\t<\/div>\n\t\t\t\t<\/div>\n\t\t\t\t<\/div>\n\t\t\t\t\t<\/div>\n\t\t\t\t<\/div>\n\t\t\t\t<\/div>","protected":false},"excerpt":{"rendered":"<p>Czarnowski Czarnowski \u2013 Meta-Messestand auf der Gamescom K\u00f6ln Ausgangslage Das internationale Messebau-Unternehmen Czarnowski gestaltete den Meta-Messestand\u00a0auf der Gamescom K\u00f6ln \u2013 einen der auff\u00e4lligsten St\u00e4nde der gesamten Messe.\u00a0Unsere Aufgabe war, das [&hellip;]<\/p>","protected":false},"author":6,"featured_media":0,"parent":11,"menu_order":0,"comment_status":"closed","ping_status":"closed","template":"","meta":{"_acf_changed":false,"content-type":"","site-sidebar-layout":"no-sidebar","site-content-layout":"","ast-site-content-layout":"full-width-container","site-content-style":"default","site-sidebar-style":"default","ast-global-header-display":"","ast-banner-title-visibility":"","ast-main-header-display":"","ast-hfb-above-header-display":"","ast-hfb-below-header-display":"","ast-hfb-mobile-header-display":"","site-post-title":"disabled","ast-breadcrumbs-content":"","ast-featured-img":"disabled","footer-sml-layout":"","theme-transparent-header-meta":"","adv-header-id-meta":"","stick-header-meta":"","header-above-stick-meta":"","header-main-stick-meta":"","header-below-stick-meta":"","astra-migrate-meta-layouts":"default","ast-page-background-enabled":"default","ast-page-background-meta":{"desktop":{"background-color":"var(--ast-global-color-4)","background-image":"","background-repeat":"repeat","background-position":"center center","background-size":"auto","background-attachment":"scroll","background-type":"","background-media":"","overlay-type":"","overlay-color":"","overlay-opacity":"","overlay-gradient":""},"tablet":{"background-color":"","background-image":"","background-repeat":"repeat","background-position":"center center","background-size":"auto","background-attachment":"scroll","background-type":"","background-media":"","overlay-type":"","overlay-color":"","overlay-opacity":"","overlay-gradient":""},"mobile":{"background-color":"","background-image":"","background-repeat":"repeat","background-position":"center center","background-size":"auto","background-attachment":"scroll","background-type":"","background-media":"","overlay-type":"","overlay-color":"","overlay-opacity":"","overlay-gradient":""}},"ast-content-background-meta":{"desktop":{"background-color":"var(--ast-global-color-5)","background-image":"","background-repeat":"repeat","background-position":"center center","background-size":"auto","background-attachment":"scroll","background-type":"","background-media":"","overlay-type":"","overlay-color":"","overlay-opacity":"","overlay-gradient":""},"tablet":{"background-color":"var(--ast-global-color-5)","background-image":"","background-repeat":"repeat","background-position":"center center","background-size":"auto","background-attachment":"scroll","background-type":"","background-media":"","overlay-type":"","overlay-color":"","overlay-opacity":"","overlay-gradient":""},"mobile":{"background-color":"var(--ast-global-color-5)","background-image":"","background-repeat":"repeat","background-position":"center center","background-size":"auto","background-attachment":"scroll","background-type":"","background-media":"","overlay-type":"","overlay-color":"","overlay-opacity":"","overlay-gradient":""}},"footnotes":""},"class_list":["post-6978","page","type-page","status-publish","hentry"],"acf":[],"yoast_head":"<!-- This site is optimized with the Yoast SEO plugin v24.8.1 - https:\/\/yoast.com\/wordpress\/plugins\/seo\/ -->\n<title>Czarnowski - Videoproduktion K\u00f6ln - High. Group<\/title>\n<meta name=\"robots\" content=\"index, follow, max-snippet:-1, max-image-preview:large, max-video-preview:-1\" \/>\n<link rel=\"canonical\" href=\"https:\/\/high-group.de\/en\/projekte\/czarnowski\/\" \/>\n<meta property=\"og:locale\" content=\"en_US\" \/>\n<meta property=\"og:type\" content=\"article\" \/>\n<meta property=\"og:title\" content=\"Czarnowski - Videoproduktion K\u00f6ln - High. Group\" \/>\n<meta property=\"og:description\" content=\"Czarnowski Czarnowski \u2013 Meta-Messestand auf der Gamescom K\u00f6ln Ausgangslage Das internationale Messebau-Unternehmen Czarnowski gestaltete den Meta-Messestand\u00a0auf der Gamescom K\u00f6ln \u2013 einen der auff\u00e4lligsten St\u00e4nde der gesamten Messe.\u00a0Unsere Aufgabe war, das [&hellip;]\" \/>\n<meta property=\"og:url\" content=\"https:\/\/high-group.de\/en\/projekte\/czarnowski\/\" \/>\n<meta property=\"og:site_name\" content=\"Videoproduktion K\u00f6ln - High. Group\" \/>\n<meta property=\"article:modified_time\" content=\"2025-10-30T14:45:53+00:00\" \/>\n<meta property=\"og:image\" content=\"https:\/\/high-group.de\/wp-content\/uploads\/elementor\/thumbs\/Meta_Gamescom6170-scaled-rdyqidlvu17z174n1krhao2uxruszmw5sbs3zunvd4.jpg\" \/>\n<meta name=\"twitter:card\" content=\"summary_large_image\" \/>\n<meta name=\"twitter:label1\" content=\"Est. reading time\" \/>\n\t<meta name=\"twitter:data1\" content=\"3 minutes\" \/>\n<script type=\"application\/ld+json\" class=\"yoast-schema-graph\">{\"@context\":\"https:\/\/schema.org\",\"@graph\":[{\"@type\":\"WebPage\",\"@id\":\"https:\/\/high-group.de\/projekte\/czarnowski\/\",\"url\":\"https:\/\/high-group.de\/projekte\/czarnowski\/\",\"name\":\"Czarnowski - Videoproduktion K\u00f6ln - High. Group\",\"isPartOf\":{\"@id\":\"https:\/\/high-group.de\/#website\"},\"primaryImageOfPage\":{\"@id\":\"https:\/\/high-group.de\/projekte\/czarnowski\/#primaryimage\"},\"image\":{\"@id\":\"https:\/\/high-group.de\/projekte\/czarnowski\/#primaryimage\"},\"thumbnailUrl\":\"https:\/\/high-group.de\/wp-content\/uploads\/elementor\/thumbs\/Meta_Gamescom6170-scaled-rdyqidlvu17z174n1krhao2uxruszmw5sbs3zunvd4.jpg\",\"datePublished\":\"2025-10-30T10:14:29+00:00\",\"dateModified\":\"2025-10-30T14:45:53+00:00\",\"breadcrumb\":{\"@id\":\"https:\/\/high-group.de\/projekte\/czarnowski\/#breadcrumb\"},\"inLanguage\":\"en-US\",\"potentialAction\":[{\"@type\":\"ReadAction\",\"target\":[\"https:\/\/high-group.de\/projekte\/czarnowski\/\"]}]},{\"@type\":\"ImageObject\",\"inLanguage\":\"en-US\",\"@id\":\"https:\/\/high-group.de\/projekte\/czarnowski\/#primaryimage\",\"url\":\"https:\/\/high-group.de\/wp-content\/uploads\/elementor\/thumbs\/Meta_Gamescom6170-scaled-rdyqidlvu17z174n1krhao2uxruszmw5sbs3zunvd4.jpg\",\"contentUrl\":\"https:\/\/high-group.de\/wp-content\/uploads\/elementor\/thumbs\/Meta_Gamescom6170-scaled-rdyqidlvu17z174n1krhao2uxruszmw5sbs3zunvd4.jpg\"},{\"@type\":\"BreadcrumbList\",\"@id\":\"https:\/\/high-group.de\/projekte\/czarnowski\/#breadcrumb\",\"itemListElement\":[{\"@type\":\"ListItem\",\"position\":1,\"name\":\"Startseite\",\"item\":\"https:\/\/high-group.de\/\"},{\"@type\":\"ListItem\",\"position\":2,\"name\":\"Projekte\",\"item\":\"https:\/\/high-group.de\/projekte\/\"},{\"@type\":\"ListItem\",\"position\":3,\"name\":\"Czarnowski\"}]},{\"@type\":\"WebSite\",\"@id\":\"https:\/\/high-group.de\/#website\",\"url\":\"https:\/\/high-group.de\/\",\"name\":\"High Group\",\"description\":\"Hochwertige Videoproduktion f\u00fcr Business, Events, Messen in K\u00f6ln. Videografen aus K\u00f6ln.\",\"publisher\":{\"@id\":\"https:\/\/high-group.de\/#organization\"},\"potentialAction\":[{\"@type\":\"SearchAction\",\"target\":{\"@type\":\"EntryPoint\",\"urlTemplate\":\"https:\/\/high-group.de\/?s={search_term_string}\"},\"query-input\":{\"@type\":\"PropertyValueSpecification\",\"valueRequired\":true,\"valueName\":\"search_term_string\"}}],\"inLanguage\":\"en-US\"},{\"@type\":\"Organization\",\"@id\":\"https:\/\/high-group.de\/#organization\",\"name\":\"High Group\",\"url\":\"https:\/\/high-group.de\/\",\"logo\":{\"@type\":\"ImageObject\",\"inLanguage\":\"en-US\",\"@id\":\"https:\/\/high-group.de\/#\/schema\/logo\/image\/\",\"url\":\"https:\/\/high-group.de\/wp-content\/uploads\/2024\/11\/high-media-logo.png\",\"contentUrl\":\"https:\/\/high-group.de\/wp-content\/uploads\/2024\/11\/high-media-logo.png\",\"width\":300,\"height\":150,\"caption\":\"High Group\"},\"image\":{\"@id\":\"https:\/\/high-group.de\/#\/schema\/logo\/image\/\"}}]}<\/script>\n<!-- \/ Yoast SEO plugin. -->","yoast_head_json":{"title":"Czarnowski - Videoproduktion K\u00f6ln - High. Group","robots":{"index":"index","follow":"follow","max-snippet":"max-snippet:-1","max-image-preview":"max-image-preview:large","max-video-preview":"max-video-preview:-1"},"canonical":"https:\/\/high-group.de\/en\/projekte\/czarnowski\/","og_locale":"en_US","og_type":"article","og_title":"Czarnowski - Videoproduktion K\u00f6ln - High. Group","og_description":"Czarnowski Czarnowski \u2013 Meta-Messestand auf der Gamescom K\u00f6ln Ausgangslage Das internationale Messebau-Unternehmen Czarnowski gestaltete den Meta-Messestand\u00a0auf der Gamescom K\u00f6ln \u2013 einen der auff\u00e4lligsten St\u00e4nde der gesamten Messe.\u00a0Unsere Aufgabe war, das [&hellip;]","og_url":"https:\/\/high-group.de\/en\/projekte\/czarnowski\/","og_site_name":"Videoproduktion K\u00f6ln - High. Group","article_modified_time":"2025-10-30T14:45:53+00:00","og_image":[{"url":"https:\/\/high-group.de\/wp-content\/uploads\/elementor\/thumbs\/Meta_Gamescom6170-scaled-rdyqidlvu17z174n1krhao2uxruszmw5sbs3zunvd4.jpg","type":"","width":"","height":""}],"twitter_card":"summary_large_image","twitter_misc":{"Est. reading time":"3 minutes"},"schema":{"@context":"https:\/\/schema.org","@graph":[{"@type":"WebPage","@id":"https:\/\/high-group.de\/projekte\/czarnowski\/","url":"https:\/\/high-group.de\/projekte\/czarnowski\/","name":"Czarnowski - Videoproduktion K\u00f6ln - High. Group","isPartOf":{"@id":"https:\/\/high-group.de\/#website"},"primaryImageOfPage":{"@id":"https:\/\/high-group.de\/projekte\/czarnowski\/#primaryimage"},"image":{"@id":"https:\/\/high-group.de\/projekte\/czarnowski\/#primaryimage"},"thumbnailUrl":"https:\/\/high-group.de\/wp-content\/uploads\/elementor\/thumbs\/Meta_Gamescom6170-scaled-rdyqidlvu17z174n1krhao2uxruszmw5sbs3zunvd4.jpg","datePublished":"2025-10-30T10:14:29+00:00","dateModified":"2025-10-30T14:45:53+00:00","breadcrumb":{"@id":"https:\/\/high-group.de\/projekte\/czarnowski\/#breadcrumb"},"inLanguage":"en-US","potentialAction":[{"@type":"ReadAction","target":["https:\/\/high-group.de\/projekte\/czarnowski\/"]}]},{"@type":"ImageObject","inLanguage":"en-US","@id":"https:\/\/high-group.de\/projekte\/czarnowski\/#primaryimage","url":"https:\/\/high-group.de\/wp-content\/uploads\/elementor\/thumbs\/Meta_Gamescom6170-scaled-rdyqidlvu17z174n1krhao2uxruszmw5sbs3zunvd4.jpg","contentUrl":"https:\/\/high-group.de\/wp-content\/uploads\/elementor\/thumbs\/Meta_Gamescom6170-scaled-rdyqidlvu17z174n1krhao2uxruszmw5sbs3zunvd4.jpg"},{"@type":"BreadcrumbList","@id":"https:\/\/high-group.de\/projekte\/czarnowski\/#breadcrumb","itemListElement":[{"@type":"ListItem","position":1,"name":"Startseite","item":"https:\/\/high-group.de\/"},{"@type":"ListItem","position":2,"name":"Projekte","item":"https:\/\/high-group.de\/projekte\/"},{"@type":"ListItem","position":3,"name":"Czarnowski"}]},{"@type":"WebSite","@id":"https:\/\/high-group.de\/#website","url":"https:\/\/high-group.de\/","name":"High Group","description":"Hochwertige Videoproduktion f\u00fcr Business, Events, Messen in K\u00f6ln. Videografen aus K\u00f6ln.","publisher":{"@id":"https:\/\/high-group.de\/#organization"},"potentialAction":[{"@type":"SearchAction","target":{"@type":"EntryPoint","urlTemplate":"https:\/\/high-group.de\/?s={search_term_string}"},"query-input":{"@type":"PropertyValueSpecification","valueRequired":true,"valueName":"search_term_string"}}],"inLanguage":"en-US"},{"@type":"Organization","@id":"https:\/\/high-group.de\/#organization","name":"High Group","url":"https:\/\/high-group.de\/","logo":{"@type":"ImageObject","inLanguage":"en-US","@id":"https:\/\/high-group.de\/#\/schema\/logo\/image\/","url":"https:\/\/high-group.de\/wp-content\/uploads\/2024\/11\/high-media-logo.png","contentUrl":"https:\/\/high-group.de\/wp-content\/uploads\/2024\/11\/high-media-logo.png","width":300,"height":150,"caption":"High Group"},"image":{"@id":"https:\/\/high-group.de\/#\/schema\/logo\/image\/"}}]}},"_links":{"self":[{"href":"https:\/\/high-group.de\/en\/wp-json\/wp\/v2\/pages\/6978","targetHints":{"allow":["GET"]}}],"collection":[{"href":"https:\/\/high-group.de\/en\/wp-json\/wp\/v2\/pages"}],"about":[{"href":"https:\/\/high-group.de\/en\/wp-json\/wp\/v2\/types\/page"}],"author":[{"embeddable":true,"href":"https:\/\/high-group.de\/en\/wp-json\/wp\/v2\/users\/6"}],"replies":[{"embeddable":true,"href":"https:\/\/high-group.de\/en\/wp-json\/wp\/v2\/comments?post=6978"}],"version-history":[{"count":8,"href":"https:\/\/high-group.de\/en\/wp-json\/wp\/v2\/pages\/6978\/revisions"}],"predecessor-version":[{"id":7040,"href":"https:\/\/high-group.de\/en\/wp-json\/wp\/v2\/pages\/6978\/revisions\/7040"}],"up":[{"embeddable":true,"href":"https:\/\/high-group.de\/en\/wp-json\/wp\/v2\/pages\/11"}],"wp:attachment":[{"href":"https:\/\/high-group.de\/en\/wp-json\/wp\/v2\/media?parent=6978"}],"curies":[{"name":"wp","href":"https:\/\/api.w.org\/{rel}","templated":true}]}}