{"id":6706,"date":"2025-03-19T17:20:38","date_gmt":"2025-03-19T16:20:38","guid":{"rendered":"https:\/\/high-group.de\/projekte\/automobile-arndt-2-copy\/"},"modified":"2025-03-19T17:54:47","modified_gmt":"2025-03-19T16:54:47","slug":"kinderwunschzentrum-bonner-bogen","status":"publish","type":"page","link":"https:\/\/high-group.de\/en\/projekte\/kinderwunschzentrum-bonner-bogen\/","title":{"rendered":"Fertility Center Bonner Bogen"},"content":{"rendered":"<div data-elementor-type=\"wp-page\" data-elementor-id=\"6706\" class=\"elementor elementor-6706\" data-elementor-post-type=\"page\">\n\t\t\t\t<div class=\"elementor-element elementor-element-ff819c8 e-flex e-con-boxed e-con e-parent\" data-id=\"ff819c8\" data-element_type=\"container\" data-settings=\"{&quot;background_background&quot;:&quot;video&quot;,&quot;background_video_link&quot;:&quot;https:\\\/\\\/youtu.be\\\/tiT3pooXy2M&quot;,&quot;background_play_on_mobile&quot;:&quot;yes&quot;,&quot;background_video_start&quot;:13}\">\n\t\t\t\t\t<div class=\"e-con-inner\">\n\t\t<div class=\"elementor-background-video-container\">\n\t\t\t\t\t\t\t<div class=\"elementor-background-video-embed\"><\/div>\n\t\t\t\t\t\t<\/div>\t\t<div class=\"elementor-element elementor-element-49ceac2 elementor-widget elementor-widget-heading\" data-id=\"49ceac2\" data-element_type=\"widget\" data-widget_type=\"heading.default\">\n\t\t\t\t<div class=\"elementor-widget-container\">\n\t\t\t<h2 class=\"elementor-heading-title elementor-size-default\">Fertility Center Bonner Bogen<\/h2>\t\t<\/div>\n\t\t\t\t<\/div>\n\t\t\t\t\t<\/div>\n\t\t\t\t<\/div>\n\t\t<div class=\"elementor-element elementor-element-be7419c e-flex e-con-boxed e-con e-parent\" data-id=\"be7419c\" data-element_type=\"container\" data-settings=\"{&quot;background_background&quot;:&quot;classic&quot;}\">\n\t\t\t\t\t<div class=\"e-con-inner\">\n\t\t<div class=\"elementor-element elementor-element-cf89945 e-flex e-con-boxed e-con e-child\" data-id=\"cf89945\" data-element_type=\"container\">\n\t\t\t\t\t<div class=\"e-con-inner\">\n\t\t\t\t<div class=\"elementor-element elementor-element-e9e9873 elementor-widget elementor-widget-heading\" data-id=\"e9e9873\" data-element_type=\"widget\" data-widget_type=\"heading.default\">\n\t\t\t\t<div class=\"elementor-widget-container\">\n\t\t\t<h2 class=\"elementor-heading-title elementor-size-default\">Explanatory short video formats<\/h2>\t\t<\/div>\n\t\t\t\t<\/div>\n\t\t\t\t<div class=\"elementor-element elementor-element-27bf3a0 elementor-widget elementor-widget-text-editor\" data-id=\"27bf3a0\" data-element_type=\"widget\" data-widget_type=\"text-editor.default\">\n\t\t\t\t<div class=\"elementor-widget-container\">\n\t\t\t\t\t\t\t<p><span style=\"font-weight: 400;\">The Kinderwunschzentrum Bonn is the leading clinic for artificial insemination in NRW. We regularly produce short videos to explain complex treatment steps in a simple way. The doctors, Dr. Boogen and Dr. Bohlen, personally appear in front of the camera. The short videos are then posted on Instagram. Long-form videos on the subject of the desire to have children and the treatment methods are regularly published on YouTube.<\/span><\/p>\t\t\t\t\t\t<\/div>\n\t\t\t\t<\/div>\n\t\t<div class=\"elementor-element elementor-element-43b5b11 e-grid e-con-full e-con e-child\" data-id=\"43b5b11\" data-element_type=\"container\">\n\t\t\t\t<div class=\"elementor-element elementor-element-83b65e4 elementor-widget elementor-widget-html\" data-id=\"83b65e4\" data-element_type=\"widget\" data-widget_type=\"html.default\">\n\t\t\t\t<div class=\"elementor-widget-container\">\n\t\t\t<iframe width=\"512\" height=\"500\" src=\"https:\/\/www.youtube.com\/embed\/fQB7wbLjhNE\" title=\"high x Fertility Center Bonner Bogen - Diagnosis of fertility problems\" frameborder=\"0\" allow=\"accelerometer; autoplay; clipboard-write; encrypted-media; gyroscope; picture-in-picture; web-share\" referrerpolicy=\"strict-origin-when-cross-origin\" allowfullscreen><\/iframe>\t\t<\/div>\n\t\t\t\t<\/div>\n\t\t\t\t<div class=\"elementor-element elementor-element-2a9e14b elementor-widget elementor-widget-html\" data-id=\"2a9e14b\" data-element_type=\"widget\" data-widget_type=\"html.default\">\n\t\t\t\t<div class=\"elementor-widget-container\">\n\t\t\t<iframe width=\"512\" height=\"500\" src=\"https:\/\/www.youtube.com\/embed\/7KW5PiB5EDQ\" title=\"high x Fertility Center Bonner Bogen - Blastocyst\" frameborder=\"0\" allow=\"accelerometer; autoplay; clipboard-write; encrypted-media; gyroscope; picture-in-picture; web-share\" referrerpolicy=\"strict-origin-when-cross-origin\" allowfullscreen><\/iframe>\t\t<\/div>\n\t\t\t\t<\/div>\n\t\t\t\t<div class=\"elementor-element elementor-element-d3356a5 elementor-widget elementor-widget-html\" data-id=\"d3356a5\" data-element_type=\"widget\" data-widget_type=\"html.default\">\n\t\t\t\t<div class=\"elementor-widget-container\">\n\t\t\t<iframe width=\"512\" height=\"500\" src=\"https:\/\/www.youtube.com\/embed\/D9mgt4Dpr84\" title=\"high x Kinderwunschzentrum Bonner Bogen - grants for fertility treatments\" frameborder=\"0\" allow=\"accelerometer; autoplay; clipboard-write; encrypted-media; gyroscope; picture-in-picture; web-share\" referrerpolicy=\"strict-origin-when-cross-origin\" allowfullscreen><\/iframe>\t\t<\/div>\n\t\t\t\t<\/div>\n\t\t\t\t<div class=\"elementor-element elementor-element-9a83478 elementor-widget elementor-widget-html\" data-id=\"9a83478\" data-element_type=\"widget\" data-widget_type=\"html.default\">\n\t\t\t\t<div class=\"elementor-widget-container\">\n\t\t\t<iframe width=\"512\" height=\"500\" src=\"https:\/\/www.youtube.com\/embed\/3RyESjr7qyo\" title=\"high x Fertility Center Bonner Bogen - Emotional support\" frameborder=\"0\" allow=\"accelerometer; autoplay; clipboard-write; encrypted-media; gyroscope; picture-in-picture; web-share\" referrerpolicy=\"strict-origin-when-cross-origin\" allowfullscreen><\/iframe>\t\t<\/div>\n\t\t\t\t<\/div>\n\t\t\t\t<\/div>\n\t\t\t\t\t<\/div>\n\t\t\t\t<\/div>\n\t\t\t\t\t<\/div>\n\t\t\t\t<\/div>\n\t\t<div class=\"elementor-element elementor-element-5e3c688 e-flex e-con-boxed e-con e-parent\" data-id=\"5e3c688\" data-element_type=\"container\" data-settings=\"{&quot;background_background&quot;:&quot;classic&quot;}\">\n\t\t\t\t\t<div class=\"e-con-inner\">\n\t\t\t\t<div class=\"elementor-element elementor-element-415d862 elementor-arrows-position-inside elementor-widget elementor-widget-image-carousel\" data-id=\"415d862\" data-element_type=\"widget\" data-settings=\"{&quot;navigation&quot;:&quot;arrows&quot;,&quot;autoplay&quot;:&quot;yes&quot;,&quot;pause_on_hover&quot;:&quot;yes&quot;,&quot;pause_on_interaction&quot;:&quot;yes&quot;,&quot;autoplay_speed&quot;:5000,&quot;infinite&quot;:&quot;yes&quot;,&quot;speed&quot;:500,&quot;image_spacing_custom&quot;:{&quot;unit&quot;:&quot;px&quot;,&quot;size&quot;:20,&quot;sizes&quot;:[]},&quot;image_spacing_custom_tablet&quot;:{&quot;unit&quot;:&quot;px&quot;,&quot;size&quot;:&quot;&quot;,&quot;sizes&quot;:[]},&quot;image_spacing_custom_mobile&quot;:{&quot;unit&quot;:&quot;px&quot;,&quot;size&quot;:&quot;&quot;,&quot;sizes&quot;:[]}}\" data-widget_type=\"image-carousel.default\">\n\t\t\t\t<div class=\"elementor-widget-container\">\n\t\t\t\t\t<div class=\"elementor-image-carousel-wrapper swiper\" dir=\"ltr\">\n\t\t\t<div class=\"elementor-image-carousel swiper-wrapper\" aria-live=\"off\">\n\t\t\t\t\t\t\t\t<div class=\"swiper-slide\" role=\"group\" aria-roledescription=\"slide\" aria-label=\"1 of 7\" data-no-translation-aria-label=\"\"><figure class=\"swiper-slide-inner\"><img decoding=\"async\" class=\"swiper-slide-image\" src=\"https:\/\/high-group.de\/wp-content\/uploads\/elementor\/thumbs\/Kinderwunschzentrum-25.01.22-31-scaled-r33jq23rcldtuubv11lk3vx0dfbikn60sq3rftfpmw.jpg\" alt=\"Kinderwunschzentrum 25.01.22-31\" \/><\/figure><\/div><div class=\"swiper-slide\" role=\"group\" aria-roledescription=\"slide\" aria-label=\"2 of 7\" data-no-translation-aria-label=\"\"><figure class=\"swiper-slide-inner\"><img decoding=\"async\" class=\"swiper-slide-image\" src=\"https:\/\/high-group.de\/wp-content\/uploads\/elementor\/thumbs\/Kinderwunschzentrum-25.01.22-25-scaled-r33jq8omofmu442aymfy3c98j4f32iw55mo5sr5yfc.jpg\" alt=\"Kinderwunschzentrum 25.01.22-25\" \/><\/figure><\/div><div class=\"swiper-slide\" role=\"group\" aria-roledescription=\"slide\" aria-label=\"3 of 7\" data-no-translation-aria-label=\"\"><figure class=\"swiper-slide-inner\"><img decoding=\"async\" class=\"swiper-slide-image\" src=\"https:\/\/high-group.de\/wp-content\/uploads\/elementor\/thumbs\/Kinderwunschzentrum-25.01.22-28-scaled-r33jqf9i09vuddsqw7ac2slgotinkem9ij8k5ow77s.jpg\" alt=\"Kinderwunschzentrum 25.01.22-28\" \/><\/figure><\/div><div class=\"swiper-slide\" role=\"group\" aria-roledescription=\"slide\" aria-label=\"4 of 7\" data-no-translation-aria-label=\"\"><figure class=\"swiper-slide-inner\"><img decoding=\"async\" class=\"swiper-slide-image\" src=\"https:\/\/high-group.de\/wp-content\/uploads\/elementor\/thumbs\/Kinderwunschzentrum-25.01.22-23-scaled-r33jqms7iy64y9htoajcmqp5fwhl9zg47kgfzwl1u0.jpg\" alt=\"Kinderwunschzentrum 25.01.22-23\" \/><\/figure><\/div><div class=\"swiper-slide\" role=\"group\" aria-roledescription=\"slide\" aria-label=\"5 of 7\" data-no-translation-aria-label=\"\"><figure class=\"swiper-slide-inner\"><img decoding=\"async\" class=\"swiper-slide-image\" src=\"https:\/\/high-group.de\/wp-content\/uploads\/elementor\/thumbs\/Kinderwunschzentrum-25.01.22-21-scaled-r33jqtd2usf57j89lvdqm71dlll5rv68kh0ucubamg.jpg\" alt=\"Kinderwunschzentrum 25.01.22-21\" \/><\/figure><\/div><div class=\"swiper-slide\" role=\"group\" aria-roledescription=\"slide\" aria-label=\"6 of 7\" data-no-translation-aria-label=\"\"><figure class=\"swiper-slide-inner\"><img decoding=\"async\" class=\"swiper-slide-image\" src=\"https:\/\/high-group.de\/wp-content\/uploads\/elementor\/thumbs\/Kinderwunschzentrum-25.01.22-22-scaled-r33jqzxy6mo5gsypjg84lndlraoq9qwcxdl8ps1jew.jpg\" alt=\"Kinderwunschzentrum 25.01.22-22\" \/><\/figure><\/div><div class=\"swiper-slide\" role=\"group\" aria-roledescription=\"slide\" aria-label=\"7 of 7\" data-no-translation-aria-label=\"\"><figure class=\"swiper-slide-inner\"><img decoding=\"async\" class=\"swiper-slide-image\" src=\"https:\/\/high-group.de\/wp-content\/uploads\/elementor\/thumbs\/Kinderwunschzentrum-25.01.22-19-scaled-r33jr7gnpayg1onsbjh55lhaidnnzbq7met4jzqe14.jpg\" alt=\"Kinderwunschzentrum 25.01.22-19\" \/><\/figure><\/div>\t\t\t<\/div>\n\t\t\t\t\t\t\t\t\t\t\t\t<div class=\"elementor-swiper-button elementor-swiper-button-prev\" role=\"button\" tabindex=\"0\">\n\t\t\t\t\t\t<svg aria-hidden=\"true\" class=\"e-font-icon-svg e-eicon-chevron-left\" viewbox=\"0 0 1000 1000\" xmlns=\"http:\/\/www.w3.org\/2000\/svg\"><path d=\"M646 125C629 125 613 133 604 142L308 442C296 454 292 471 292 487 292 504 296 521 308 533L604 854C617 867 629 875 646 875 663 875 679 871 692 858 704 846 713 829 713 812 713 796 708 779 692 767L438 487 692 225C700 217 708 204 708 187 708 171 704 154 692 142 675 129 663 125 646 125Z\"><\/path><\/svg>\t\t\t\t\t<\/div>\n\t\t\t\t\t<div class=\"elementor-swiper-button elementor-swiper-button-next\" role=\"button\" tabindex=\"0\">\n\t\t\t\t\t\t<svg aria-hidden=\"true\" class=\"e-font-icon-svg e-eicon-chevron-right\" viewbox=\"0 0 1000 1000\" xmlns=\"http:\/\/www.w3.org\/2000\/svg\"><path d=\"M696 533C708 521 713 504 713 487 713 471 708 454 696 446L400 146C388 133 375 125 354 125 338 125 325 129 313 142 300 154 292 171 292 187 292 204 296 221 308 233L563 492 304 771C292 783 288 800 288 817 288 833 296 850 308 863 321 871 338 875 354 875 371 875 388 867 400 854L696 533Z\"><\/path><\/svg>\t\t\t\t\t<\/div>\n\t\t\t\t\n\t\t\t\t\t\t\t\t\t<\/div>\n\t\t\t\t<\/div>\n\t\t\t\t<\/div>\n\t\t\t\t\t<\/div>\n\t\t\t\t<\/div>\n\t\t\t\t<\/div>","protected":false},"excerpt":{"rendered":"<p>Kinderwunschzentrum Bonner Bogen Erkl\u00e4rende Kurzvideoformate Das Kinderwunschzentrum Bonn ist die f\u00fchrende Klinik f\u00fcr k\u00fcnstliche Befruchtungen in NRW. Wir produzieren regelm\u00e4\u00dfig Kurzvideos um komplexe Behandlungsschritte einfach zu erkl\u00e4ren. Dabei treten die [&hellip;]<\/p>","protected":false},"author":6,"featured_media":0,"parent":11,"menu_order":0,"comment_status":"closed","ping_status":"closed","template":"","meta":{"_acf_changed":false,"content-type":"","site-sidebar-layout":"no-sidebar","site-content-layout":"","ast-site-content-layout":"full-width-container","site-content-style":"default","site-sidebar-style":"default","ast-global-header-display":"","ast-banner-title-visibility":"","ast-main-header-display":"","ast-hfb-above-header-display":"","ast-hfb-below-header-display":"","ast-hfb-mobile-header-display":"","site-post-title":"disabled","ast-breadcrumbs-content":"","ast-featured-img":"disabled","footer-sml-layout":"","theme-transparent-header-meta":"","adv-header-id-meta":"","stick-header-meta":"","header-above-stick-meta":"","header-main-stick-meta":"","header-below-stick-meta":"","astra-migrate-meta-layouts":"default","ast-page-background-enabled":"default","ast-page-background-meta":{"desktop":{"background-color":"var(--ast-global-color-4)","background-image":"","background-repeat":"repeat","background-position":"center center","background-size":"auto","background-attachment":"scroll","background-type":"","background-media":"","overlay-type":"","overlay-color":"","overlay-opacity":"","overlay-gradient":""},"tablet":{"background-color":"","background-image":"","background-repeat":"repeat","background-position":"center center","background-size":"auto","background-attachment":"scroll","background-type":"","background-media":"","overlay-type":"","overlay-color":"","overlay-opacity":"","overlay-gradient":""},"mobile":{"background-color":"","background-image":"","background-repeat":"repeat","background-position":"center center","background-size":"auto","background-attachment":"scroll","background-type":"","background-media":"","overlay-type":"","overlay-color":"","overlay-opacity":"","overlay-gradient":""}},"ast-content-background-meta":{"desktop":{"background-color":"var(--ast-global-color-5)","background-image":"","background-repeat":"repeat","background-position":"center center","background-size":"auto","background-attachment":"scroll","background-type":"","background-media":"","overlay-type":"","overlay-color":"","overlay-opacity":"","overlay-gradient":""},"tablet":{"background-color":"var(--ast-global-color-5)","background-image":"","background-repeat":"repeat","background-position":"center center","background-size":"auto","background-attachment":"scroll","background-type":"","background-media":"","overlay-type":"","overlay-color":"","overlay-opacity":"","overlay-gradient":""},"mobile":{"background-color":"var(--ast-global-color-5)","background-image":"","background-repeat":"repeat","background-position":"center center","background-size":"auto","background-attachment":"scroll","background-type":"","background-media":"","overlay-type":"","overlay-color":"","overlay-opacity":"","overlay-gradient":""}},"footnotes":""},"class_list":["post-6706","page","type-page","status-publish","hentry"],"acf":[],"yoast_head":"<!-- This site is optimized with the Yoast SEO plugin v24.8.1 - https:\/\/yoast.com\/wordpress\/plugins\/seo\/ -->\n<title>Kinderwunschzentrum Bonner Bogen - Videoproduktion K\u00f6ln - High. Group<\/title>\n<meta name=\"robots\" content=\"index, follow, max-snippet:-1, max-image-preview:large, max-video-preview:-1\" \/>\n<link rel=\"canonical\" href=\"https:\/\/high-group.de\/en\/projekte\/kinderwunschzentrum-bonner-bogen\/\" \/>\n<meta property=\"og:locale\" content=\"en_US\" \/>\n<meta property=\"og:type\" content=\"article\" \/>\n<meta property=\"og:title\" content=\"Kinderwunschzentrum Bonner Bogen - Videoproduktion K\u00f6ln - High. Group\" \/>\n<meta property=\"og:description\" content=\"Kinderwunschzentrum Bonner Bogen Erkl\u00e4rende Kurzvideoformate Das Kinderwunschzentrum Bonn ist die f\u00fchrende Klinik f\u00fcr k\u00fcnstliche Befruchtungen in NRW. Wir produzieren regelm\u00e4\u00dfig Kurzvideos um komplexe Behandlungsschritte einfach zu erkl\u00e4ren. Dabei treten die [&hellip;]\" \/>\n<meta property=\"og:url\" content=\"https:\/\/high-group.de\/en\/projekte\/kinderwunschzentrum-bonner-bogen\/\" \/>\n<meta property=\"og:site_name\" content=\"Videoproduktion K\u00f6ln - High. Group\" \/>\n<meta property=\"article:modified_time\" content=\"2025-03-19T16:54:47+00:00\" \/>\n<meta property=\"og:image\" content=\"https:\/\/high-group.de\/wp-content\/uploads\/elementor\/thumbs\/Kinderwunschzentrum-25.01.22-31-scaled-r33jq23rcldtuubv11lk3vx0dfbikn60sq3rftfpmw.jpg?wsr\" \/>\n<meta name=\"twitter:card\" content=\"summary_large_image\" \/>\n<meta name=\"twitter:label1\" content=\"Est. reading time\" \/>\n\t<meta name=\"twitter:data1\" content=\"3 minutes\" \/>\n<script type=\"application\/ld+json\" class=\"yoast-schema-graph\">{\"@context\":\"https:\/\/schema.org\",\"@graph\":[{\"@type\":\"WebPage\",\"@id\":\"https:\/\/high-group.de\/projekte\/kinderwunschzentrum-bonner-bogen\/\",\"url\":\"https:\/\/high-group.de\/projekte\/kinderwunschzentrum-bonner-bogen\/\",\"name\":\"Kinderwunschzentrum Bonner Bogen - Videoproduktion K\u00f6ln - High. Group\",\"isPartOf\":{\"@id\":\"https:\/\/high-group.de\/#website\"},\"primaryImageOfPage\":{\"@id\":\"https:\/\/high-group.de\/projekte\/kinderwunschzentrum-bonner-bogen\/#primaryimage\"},\"image\":{\"@id\":\"https:\/\/high-group.de\/projekte\/kinderwunschzentrum-bonner-bogen\/#primaryimage\"},\"thumbnailUrl\":\"https:\/\/high-group.de\/wp-content\/uploads\/elementor\/thumbs\/Kinderwunschzentrum-25.01.22-31-scaled-r33jq23rcldtuubv11lk3vx0dfbikn60sq3rftfpmw.jpg?wsr\",\"datePublished\":\"2025-03-19T16:20:38+00:00\",\"dateModified\":\"2025-03-19T16:54:47+00:00\",\"breadcrumb\":{\"@id\":\"https:\/\/high-group.de\/projekte\/kinderwunschzentrum-bonner-bogen\/#breadcrumb\"},\"inLanguage\":\"en-US\",\"potentialAction\":[{\"@type\":\"ReadAction\",\"target\":[\"https:\/\/high-group.de\/projekte\/kinderwunschzentrum-bonner-bogen\/\"]}]},{\"@type\":\"ImageObject\",\"inLanguage\":\"en-US\",\"@id\":\"https:\/\/high-group.de\/projekte\/kinderwunschzentrum-bonner-bogen\/#primaryimage\",\"url\":\"https:\/\/high-group.de\/wp-content\/uploads\/elementor\/thumbs\/Kinderwunschzentrum-25.01.22-31-scaled-r33jq23rcldtuubv11lk3vx0dfbikn60sq3rftfpmw.jpg?wsr\",\"contentUrl\":\"https:\/\/high-group.de\/wp-content\/uploads\/elementor\/thumbs\/Kinderwunschzentrum-25.01.22-31-scaled-r33jq23rcldtuubv11lk3vx0dfbikn60sq3rftfpmw.jpg?wsr\"},{\"@type\":\"BreadcrumbList\",\"@id\":\"https:\/\/high-group.de\/projekte\/kinderwunschzentrum-bonner-bogen\/#breadcrumb\",\"itemListElement\":[{\"@type\":\"ListItem\",\"position\":1,\"name\":\"Startseite\",\"item\":\"https:\/\/high-group.de\/\"},{\"@type\":\"ListItem\",\"position\":2,\"name\":\"Projekte\",\"item\":\"https:\/\/high-group.de\/projekte\/\"},{\"@type\":\"ListItem\",\"position\":3,\"name\":\"Kinderwunschzentrum Bonner Bogen\"}]},{\"@type\":\"WebSite\",\"@id\":\"https:\/\/high-group.de\/#website\",\"url\":\"https:\/\/high-group.de\/\",\"name\":\"High Group\",\"description\":\"Hochwertige Videoproduktion f\u00fcr Business, Events, Messen in K\u00f6ln. Videografen aus K\u00f6ln.\",\"publisher\":{\"@id\":\"https:\/\/high-group.de\/#organization\"},\"potentialAction\":[{\"@type\":\"SearchAction\",\"target\":{\"@type\":\"EntryPoint\",\"urlTemplate\":\"https:\/\/high-group.de\/?s={search_term_string}\"},\"query-input\":{\"@type\":\"PropertyValueSpecification\",\"valueRequired\":true,\"valueName\":\"search_term_string\"}}],\"inLanguage\":\"en-US\"},{\"@type\":\"Organization\",\"@id\":\"https:\/\/high-group.de\/#organization\",\"name\":\"High Group\",\"url\":\"https:\/\/high-group.de\/\",\"logo\":{\"@type\":\"ImageObject\",\"inLanguage\":\"en-US\",\"@id\":\"https:\/\/high-group.de\/#\/schema\/logo\/image\/\",\"url\":\"https:\/\/high-group.de\/wp-content\/uploads\/2024\/11\/high-media-logo.png\",\"contentUrl\":\"https:\/\/high-group.de\/wp-content\/uploads\/2024\/11\/high-media-logo.png\",\"width\":300,\"height\":150,\"caption\":\"High Group\"},\"image\":{\"@id\":\"https:\/\/high-group.de\/#\/schema\/logo\/image\/\"}}]}<\/script>\n<!-- \/ Yoast SEO plugin. -->","yoast_head_json":{"title":"Kinderwunschzentrum Bonner Bogen - Videoproduktion K\u00f6ln - High. Group","robots":{"index":"index","follow":"follow","max-snippet":"max-snippet:-1","max-image-preview":"max-image-preview:large","max-video-preview":"max-video-preview:-1"},"canonical":"https:\/\/high-group.de\/en\/projekte\/kinderwunschzentrum-bonner-bogen\/","og_locale":"en_US","og_type":"article","og_title":"Kinderwunschzentrum Bonner Bogen - Videoproduktion K\u00f6ln - High. Group","og_description":"Kinderwunschzentrum Bonner Bogen Erkl\u00e4rende Kurzvideoformate Das Kinderwunschzentrum Bonn ist die f\u00fchrende Klinik f\u00fcr k\u00fcnstliche Befruchtungen in NRW. Wir produzieren regelm\u00e4\u00dfig Kurzvideos um komplexe Behandlungsschritte einfach zu erkl\u00e4ren. Dabei treten die [&hellip;]","og_url":"https:\/\/high-group.de\/en\/projekte\/kinderwunschzentrum-bonner-bogen\/","og_site_name":"Videoproduktion K\u00f6ln - High. Group","article_modified_time":"2025-03-19T16:54:47+00:00","og_image":[{"url":"https:\/\/high-group.de\/wp-content\/uploads\/elementor\/thumbs\/Kinderwunschzentrum-25.01.22-31-scaled-r33jq23rcldtuubv11lk3vx0dfbikn60sq3rftfpmw.jpg?wsr","type":"","width":"","height":""}],"twitter_card":"summary_large_image","twitter_misc":{"Est. reading time":"3 minutes"},"schema":{"@context":"https:\/\/schema.org","@graph":[{"@type":"WebPage","@id":"https:\/\/high-group.de\/projekte\/kinderwunschzentrum-bonner-bogen\/","url":"https:\/\/high-group.de\/projekte\/kinderwunschzentrum-bonner-bogen\/","name":"Kinderwunschzentrum Bonner Bogen - Videoproduktion K\u00f6ln - High. Group","isPartOf":{"@id":"https:\/\/high-group.de\/#website"},"primaryImageOfPage":{"@id":"https:\/\/high-group.de\/projekte\/kinderwunschzentrum-bonner-bogen\/#primaryimage"},"image":{"@id":"https:\/\/high-group.de\/projekte\/kinderwunschzentrum-bonner-bogen\/#primaryimage"},"thumbnailUrl":"https:\/\/high-group.de\/wp-content\/uploads\/elementor\/thumbs\/Kinderwunschzentrum-25.01.22-31-scaled-r33jq23rcldtuubv11lk3vx0dfbikn60sq3rftfpmw.jpg?wsr","datePublished":"2025-03-19T16:20:38+00:00","dateModified":"2025-03-19T16:54:47+00:00","breadcrumb":{"@id":"https:\/\/high-group.de\/projekte\/kinderwunschzentrum-bonner-bogen\/#breadcrumb"},"inLanguage":"en-US","potentialAction":[{"@type":"ReadAction","target":["https:\/\/high-group.de\/projekte\/kinderwunschzentrum-bonner-bogen\/"]}]},{"@type":"ImageObject","inLanguage":"en-US","@id":"https:\/\/high-group.de\/projekte\/kinderwunschzentrum-bonner-bogen\/#primaryimage","url":"https:\/\/high-group.de\/wp-content\/uploads\/elementor\/thumbs\/Kinderwunschzentrum-25.01.22-31-scaled-r33jq23rcldtuubv11lk3vx0dfbikn60sq3rftfpmw.jpg?wsr","contentUrl":"https:\/\/high-group.de\/wp-content\/uploads\/elementor\/thumbs\/Kinderwunschzentrum-25.01.22-31-scaled-r33jq23rcldtuubv11lk3vx0dfbikn60sq3rftfpmw.jpg?wsr"},{"@type":"BreadcrumbList","@id":"https:\/\/high-group.de\/projekte\/kinderwunschzentrum-bonner-bogen\/#breadcrumb","itemListElement":[{"@type":"ListItem","position":1,"name":"Startseite","item":"https:\/\/high-group.de\/"},{"@type":"ListItem","position":2,"name":"Projekte","item":"https:\/\/high-group.de\/projekte\/"},{"@type":"ListItem","position":3,"name":"Kinderwunschzentrum Bonner Bogen"}]},{"@type":"WebSite","@id":"https:\/\/high-group.de\/#website","url":"https:\/\/high-group.de\/","name":"High Group","description":"Hochwertige Videoproduktion f\u00fcr Business, Events, Messen in K\u00f6ln. Videografen aus K\u00f6ln.","publisher":{"@id":"https:\/\/high-group.de\/#organization"},"potentialAction":[{"@type":"SearchAction","target":{"@type":"EntryPoint","urlTemplate":"https:\/\/high-group.de\/?s={search_term_string}"},"query-input":{"@type":"PropertyValueSpecification","valueRequired":true,"valueName":"search_term_string"}}],"inLanguage":"en-US"},{"@type":"Organization","@id":"https:\/\/high-group.de\/#organization","name":"High Group","url":"https:\/\/high-group.de\/","logo":{"@type":"ImageObject","inLanguage":"en-US","@id":"https:\/\/high-group.de\/#\/schema\/logo\/image\/","url":"https:\/\/high-group.de\/wp-content\/uploads\/2024\/11\/high-media-logo.png","contentUrl":"https:\/\/high-group.de\/wp-content\/uploads\/2024\/11\/high-media-logo.png","width":300,"height":150,"caption":"High Group"},"image":{"@id":"https:\/\/high-group.de\/#\/schema\/logo\/image\/"}}]}},"_links":{"self":[{"href":"https:\/\/high-group.de\/en\/wp-json\/wp\/v2\/pages\/6706","targetHints":{"allow":["GET"]}}],"collection":[{"href":"https:\/\/high-group.de\/en\/wp-json\/wp\/v2\/pages"}],"about":[{"href":"https:\/\/high-group.de\/en\/wp-json\/wp\/v2\/types\/page"}],"author":[{"embeddable":true,"href":"https:\/\/high-group.de\/en\/wp-json\/wp\/v2\/users\/6"}],"replies":[{"embeddable":true,"href":"https:\/\/high-group.de\/en\/wp-json\/wp\/v2\/comments?post=6706"}],"version-history":[{"count":4,"href":"https:\/\/high-group.de\/en\/wp-json\/wp\/v2\/pages\/6706\/revisions"}],"predecessor-version":[{"id":6718,"href":"https:\/\/high-group.de\/en\/wp-json\/wp\/v2\/pages\/6706\/revisions\/6718"}],"up":[{"embeddable":true,"href":"https:\/\/high-group.de\/en\/wp-json\/wp\/v2\/pages\/11"}],"wp:attachment":[{"href":"https:\/\/high-group.de\/en\/wp-json\/wp\/v2\/media?parent=6706"}],"curies":[{"name":"wp","href":"https:\/\/api.w.org\/{rel}","templated":true}]}}