{"id":5247,"date":"2024-11-26T13:58:45","date_gmt":"2024-11-26T13:58:45","guid":{"rendered":"https:\/\/high-group.de\/projekte\/1live-sektor-event-copy\/"},"modified":"2024-11-29T12:27:40","modified_gmt":"2024-11-29T12:27:40","slug":"sparkasse-kolnbonn","status":"publish","type":"page","link":"https:\/\/high-group.de\/en\/projekte\/sparkasse-kolnbonn\/","title":{"rendered":"CologneBonn Savings Bank"},"content":{"rendered":"<div data-elementor-type=\"wp-page\" data-elementor-id=\"5247\" class=\"elementor elementor-5247\" data-elementor-post-type=\"page\">\n\t\t\t\t<div class=\"elementor-element elementor-element-ff819c8 e-flex e-con-boxed e-con e-parent\" data-id=\"ff819c8\" data-element_type=\"container\" data-settings=\"{&quot;background_background&quot;:&quot;video&quot;,&quot;background_video_link&quot;:&quot;https:\\\/\\\/www.youtube.com\\\/watch?v=lCJmRtTWmw4&quot;,&quot;background_play_on_mobile&quot;:&quot;yes&quot;}\">\n\t\t\t\t\t<div class=\"e-con-inner\">\n\t\t<div class=\"elementor-background-video-container\">\n\t\t\t\t\t\t\t<div class=\"elementor-background-video-embed\"><\/div>\n\t\t\t\t\t\t<\/div>\t\t<div class=\"elementor-element elementor-element-49ceac2 elementor-widget elementor-widget-heading\" data-id=\"49ceac2\" data-element_type=\"widget\" data-widget_type=\"heading.default\">\n\t\t\t\t<div class=\"elementor-widget-container\">\n\t\t\t<h1 class=\"elementor-heading-title elementor-size-default\">Savings Bank Cologne\/Bonn<\/h1>\t\t<\/div>\n\t\t\t\t<\/div>\n\t\t\t\t\t<\/div>\n\t\t\t\t<\/div>\n\t\t<div class=\"elementor-element elementor-element-be7419c e-flex e-con-boxed e-con e-parent\" data-id=\"be7419c\" data-element_type=\"container\" data-settings=\"{&quot;background_background&quot;:&quot;classic&quot;}\">\n\t\t\t\t\t<div class=\"e-con-inner\">\n\t\t<div class=\"elementor-element elementor-element-cf89945 e-flex e-con-boxed e-con e-child\" data-id=\"cf89945\" data-element_type=\"container\">\n\t\t\t\t\t<div class=\"e-con-inner\">\n\t\t\t\t<div class=\"elementor-element elementor-element-e9e9873 elementor-widget elementor-widget-heading\" data-id=\"e9e9873\" data-element_type=\"widget\" data-widget_type=\"heading.default\">\n\t\t\t\t<div class=\"elementor-widget-container\">\n\t\t\t<h2 class=\"elementor-heading-title elementor-size-default\">Image film &amp; commercial production in Cologne\/Bonn - Sparkasse campaign by high.media GmbH\n<\/h2>\t\t<\/div>\n\t\t\t\t<\/div>\n\t\t\t\t<div class=\"elementor-element elementor-element-27bf3a0 elementor-widget elementor-widget-text-editor\" data-id=\"27bf3a0\" data-element_type=\"widget\" data-widget_type=\"text-editor.default\">\n\t\t\t\t<div class=\"elementor-widget-container\">\n\t\t\t\t\t\t\t<p>For the new campaign of Sparkasse K\u00f6ln\/Bonn, we produced an impressive image film and several social media formats in collaboration with the Counterpart Group from Cologne. The concept was developed by the Counterpart Group and focuses on the Sparkasse bus - an innovative project with six mobile branches and 45 stops in the region. Our aim was to capture the dynamics and reach of this unique project on film and create emotional connections with the target group.<\/p>\t\t\t\t\t\t<\/div>\n\t\t\t\t<\/div>\n\t\t<div class=\"elementor-element elementor-element-43b5b11 e-grid e-con-full e-con e-child\" data-id=\"43b5b11\" data-element_type=\"container\">\n\t\t\t\t<div class=\"elementor-element elementor-element-8d5bb87 elementor-widget elementor-widget-html\" data-id=\"8d5bb87\" data-element_type=\"widget\" data-widget_type=\"html.default\">\n\t\t\t\t<div class=\"elementor-widget-container\">\n\t\t\t<iframe width=\"100%\" height=\"500\" src=\"https:\/\/www.youtube.com\/embed\/7Sy-mEk6xac\" title=\"Commercial production Cologne - Creative campaigns for maximum impact | high.media GmbH\" frameborder=\"0\" allow=\"accelerometer; autoplay; clipboard-write; encrypted-media; gyroscope; picture-in-picture; web-share\" referrerpolicy=\"strict-origin-when-cross-origin\" allowfullscreen><\/iframe>\t\t<\/div>\n\t\t\t\t<\/div>\n\t\t\t\t<div class=\"elementor-element elementor-element-877958a elementor-widget elementor-widget-html\" data-id=\"877958a\" data-element_type=\"widget\" data-widget_type=\"html.default\">\n\t\t\t\t<div class=\"elementor-widget-container\">\n\t\t\t<iframe width=\"100%\" height=\"500\" src=\"https:\/\/www.youtube.com\/embed\/_ewXzS7_9sk\" title=\"Commercial production Cologne - Reach the audience on TikTok | high.media GmbH\" frameborder=\"0\" allow=\"accelerometer; autoplay; clipboard-write; encrypted-media; gyroscope; picture-in-picture; web-share\" referrerpolicy=\"strict-origin-when-cross-origin\" allowfullscreen><\/iframe>\t\t<\/div>\n\t\t\t\t<\/div>\n\t\t\t\t<\/div>\n\t\t\t\t\t<\/div>\n\t\t\t\t<\/div>\n\t\t\t\t\t<\/div>\n\t\t\t\t<\/div>\n\t\t<div class=\"elementor-element elementor-element-fbe56c2 e-flex e-con-boxed e-con e-parent\" data-id=\"fbe56c2\" data-element_type=\"container\" data-settings=\"{&quot;background_background&quot;:&quot;classic&quot;}\">\n\t\t\t\t\t<div class=\"e-con-inner\">\n\t\t<div class=\"elementor-element elementor-element-16e4007 e-flex e-con-boxed e-con e-child\" data-id=\"16e4007\" data-element_type=\"container\">\n\t\t\t\t\t<div class=\"e-con-inner\">\n\t\t\t\t<div class=\"elementor-element elementor-element-fd78d16 elementor-widget elementor-widget-heading\" data-id=\"fd78d16\" data-element_type=\"widget\" data-widget_type=\"heading.default\">\n\t\t\t\t<div class=\"elementor-widget-container\">\n\t\t\t<h3 class=\"elementor-heading-title elementor-size-default\">Our highlights:\n<\/h3>\t\t<\/div>\n\t\t\t\t<\/div>\n\t\t\t\t<div class=\"elementor-element elementor-element-4e46bee elementor-widget elementor-widget-text-editor\" data-id=\"4e46bee\" data-element_type=\"widget\" data-widget_type=\"text-editor.default\">\n\t\t\t\t<div class=\"elementor-widget-container\">\n\t\t\t\t\t\t\t<ul>\n \t<li style=\"list-style-type: none;\">\n<ul>\n \t<li><strong>High-quality film production:<\/strong> We accompanied Sparkasse K\u00f6ln\/Bonn at various locations to create authentic and lively images that perfectly showcase the concept of mobile branches.<\/li><br>\n \t<li><strong>Drone shots with a wow effect:<\/strong>\u00a0With spectacular aerial shots, including on the Deutz Bridge, we visually emphasized the mobility and expansiveness of the campaign.<\/li><br>\n \t<li><strong>Diverse social media formats:<\/strong>\u00a0In addition to the main film, we created a series of short clips for platforms such as Instagram, TikTok and Facebook to maximize the campaign's reach and reach different target groups.<\/li>\n<\/ul>\n<\/li>\n<\/ul>\t\t\t\t\t\t<\/div>\n\t\t\t\t<\/div>\n\t\t\t\t<div class=\"elementor-element elementor-element-17d3314 elementor-widget elementor-widget-heading\" data-id=\"17d3314\" data-element_type=\"widget\" data-widget_type=\"heading.default\">\n\t\t\t\t<div class=\"elementor-widget-container\">\n\t\t\t<h3 class=\"elementor-heading-title elementor-size-default\">Why high.media GmbH?\n<\/h3>\t\t<\/div>\n\t\t\t\t<\/div>\n\t\t\t\t<div class=\"elementor-element elementor-element-932c159 elementor-widget elementor-widget-text-editor\" data-id=\"932c159\" data-element_type=\"widget\" data-widget_type=\"text-editor.default\">\n\t\t\t\t<div class=\"elementor-widget-container\">\n\t\t\t\t\t\t\tWhether image film, commercial or customized social media content - our experienced team from Cologne\/Bonn gets your brand moving. Projects such as the Sparkasse campaign in particular show how important additional social media formats are in order to increase the ROI of the production. We use innovative approaches and state-of-the-art technology to implement your project effectively across all channels.\n\n\t\t\t\t\t\t<\/div>\n\t\t\t\t<\/div>\n\t\t\t\t<div class=\"elementor-element elementor-element-bc62747 elementor-widget elementor-widget-text-editor\" data-id=\"bc62747\" data-element_type=\"widget\" data-widget_type=\"text-editor.default\">\n\t\t\t\t<div class=\"elementor-widget-container\">\n\t\t\t\t\t\t\t<div>\n\nAre you looking for an experienced agency for\u00a0<strong>Commercial production in Cologne<\/strong>? Contact us - together with partner agencies such as the Counterpart Group, we create convincing content!\n<\/div>\t\t\t\t\t\t<\/div>\n\t\t\t\t<\/div>\n\t\t\t\t\t<\/div>\n\t\t\t\t<\/div>\n\t\t\t\t\t<\/div>\n\t\t\t\t<\/div>\n\t\t<div class=\"elementor-element elementor-element-5e3c688 e-flex e-con-boxed e-con e-parent\" data-id=\"5e3c688\" data-element_type=\"container\" data-settings=\"{&quot;background_background&quot;:&quot;classic&quot;}\">\n\t\t\t\t\t<div class=\"e-con-inner\">\n\t\t\t\t<div class=\"elementor-element elementor-element-415d862 elementor-arrows-position-inside elementor-widget elementor-widget-image-carousel\" data-id=\"415d862\" data-element_type=\"widget\" data-settings=\"{&quot;navigation&quot;:&quot;arrows&quot;,&quot;slides_to_show&quot;:&quot;2&quot;,&quot;autoplay&quot;:&quot;yes&quot;,&quot;pause_on_hover&quot;:&quot;yes&quot;,&quot;pause_on_interaction&quot;:&quot;yes&quot;,&quot;autoplay_speed&quot;:5000,&quot;infinite&quot;:&quot;yes&quot;,&quot;speed&quot;:500,&quot;image_spacing_custom&quot;:{&quot;unit&quot;:&quot;px&quot;,&quot;size&quot;:20,&quot;sizes&quot;:[]},&quot;image_spacing_custom_tablet&quot;:{&quot;unit&quot;:&quot;px&quot;,&quot;size&quot;:&quot;&quot;,&quot;sizes&quot;:[]},&quot;image_spacing_custom_mobile&quot;:{&quot;unit&quot;:&quot;px&quot;,&quot;size&quot;:&quot;&quot;,&quot;sizes&quot;:[]}}\" data-widget_type=\"image-carousel.default\">\n\t\t\t\t<div class=\"elementor-widget-container\">\n\t\t\t\t\t<div class=\"elementor-image-carousel-wrapper swiper\" dir=\"ltr\">\n\t\t\t<div class=\"elementor-image-carousel swiper-wrapper\" aria-live=\"off\">\n\t\t\t\t\t\t\t\t<div class=\"swiper-slide\" role=\"group\" aria-roledescription=\"slide\" aria-label=\"1 of 2\" data-no-translation-aria-label=\"\"><figure class=\"swiper-slide-inner\"><img decoding=\"async\" class=\"swiper-slide-image\" src=\"https:\/\/high-group.de\/wp-content\/uploads\/elementor\/thumbs\/DSC04953-scaled-qxmnde36o0adqohhwap3ec7fwecic2lv1otpr2csco.jpg\" alt=\"DSC04953\" \/><\/figure><\/div><div class=\"swiper-slide\" role=\"group\" aria-roledescription=\"slide\" aria-label=\"2 of 2\" data-no-translation-aria-label=\"\"><figure class=\"swiper-slide-inner\"><img decoding=\"async\" class=\"swiper-slide-image\" src=\"https:\/\/high-group.de\/wp-content\/uploads\/elementor\/thumbs\/DSC04937-scaled-qxmnk3npgfh2mgqlpp47p58wkf9uaa8vmwhi36elxk.jpg\" alt=\"DSC04937\" \/><\/figure><\/div>\t\t\t<\/div>\n\t\t\t\t\t\t\t\t\t\t\t\t<div class=\"elementor-swiper-button elementor-swiper-button-prev\" role=\"button\" tabindex=\"0\">\n\t\t\t\t\t\t<svg aria-hidden=\"true\" class=\"e-font-icon-svg e-eicon-chevron-left\" viewbox=\"0 0 1000 1000\" xmlns=\"http:\/\/www.w3.org\/2000\/svg\"><path d=\"M646 125C629 125 613 133 604 142L308 442C296 454 292 471 292 487 292 504 296 521 308 533L604 854C617 867 629 875 646 875 663 875 679 871 692 858 704 846 713 829 713 812 713 796 708 779 692 767L438 487 692 225C700 217 708 204 708 187 708 171 704 154 692 142 675 129 663 125 646 125Z\"><\/path><\/svg>\t\t\t\t\t<\/div>\n\t\t\t\t\t<div class=\"elementor-swiper-button elementor-swiper-button-next\" role=\"button\" tabindex=\"0\">\n\t\t\t\t\t\t<svg aria-hidden=\"true\" class=\"e-font-icon-svg e-eicon-chevron-right\" viewbox=\"0 0 1000 1000\" xmlns=\"http:\/\/www.w3.org\/2000\/svg\"><path d=\"M696 533C708 521 713 504 713 487 713 471 708 454 696 446L400 146C388 133 375 125 354 125 338 125 325 129 313 142 300 154 292 171 292 187 292 204 296 221 308 233L563 492 304 771C292 783 288 800 288 817 288 833 296 850 308 863 321 871 338 875 354 875 371 875 388 867 400 854L696 533Z\"><\/path><\/svg>\t\t\t\t\t<\/div>\n\t\t\t\t\n\t\t\t\t\t\t\t\t\t<\/div>\n\t\t\t\t<\/div>\n\t\t\t\t<\/div>\n\t\t\t\t\t<\/div>\n\t\t\t\t<\/div>\n\t\t\t\t<\/div>","protected":false},"excerpt":{"rendered":"<p>Sparkasse K\u00f6ln\/Bonn Imagefilm &amp; Werbespot Produktion in K\u00f6ln\/Bonn \u2013 Sparkasse Kampagne von high.media GmbH F\u00fcr die neue Kampagne der Sparkasse K\u00f6ln\/Bonn haben wir in Zusammenarbeit mit der Counterpart Group aus [&hellip;]<\/p>","protected":false},"author":1,"featured_media":0,"parent":11,"menu_order":0,"comment_status":"closed","ping_status":"closed","template":"","meta":{"_acf_changed":false,"content-type":"","site-sidebar-layout":"no-sidebar","site-content-layout":"","ast-site-content-layout":"full-width-container","site-content-style":"default","site-sidebar-style":"default","ast-global-header-display":"","ast-banner-title-visibility":"","ast-main-header-display":"","ast-hfb-above-header-display":"","ast-hfb-below-header-display":"","ast-hfb-mobile-header-display":"","site-post-title":"disabled","ast-breadcrumbs-content":"","ast-featured-img":"disabled","footer-sml-layout":"","theme-transparent-header-meta":"","adv-header-id-meta":"","stick-header-meta":"","header-above-stick-meta":"","header-main-stick-meta":"","header-below-stick-meta":"","astra-migrate-meta-layouts":"default","ast-page-background-enabled":"default","ast-page-background-meta":{"desktop":{"background-color":"var(--ast-global-color-4)","background-image":"","background-repeat":"repeat","background-position":"center center","background-size":"auto","background-attachment":"scroll","background-type":"","background-media":"","overlay-type":"","overlay-color":"","overlay-opacity":"","overlay-gradient":""},"tablet":{"background-color":"","background-image":"","background-repeat":"repeat","background-position":"center center","background-size":"auto","background-attachment":"scroll","background-type":"","background-media":"","overlay-type":"","overlay-color":"","overlay-opacity":"","overlay-gradient":""},"mobile":{"background-color":"","background-image":"","background-repeat":"repeat","background-position":"center center","background-size":"auto","background-attachment":"scroll","background-type":"","background-media":"","overlay-type":"","overlay-color":"","overlay-opacity":"","overlay-gradient":""}},"ast-content-background-meta":{"desktop":{"background-color":"var(--ast-global-color-5)","background-image":"","background-repeat":"repeat","background-position":"center center","background-size":"auto","background-attachment":"scroll","background-type":"","background-media":"","overlay-type":"","overlay-color":"","overlay-opacity":"","overlay-gradient":""},"tablet":{"background-color":"var(--ast-global-color-5)","background-image":"","background-repeat":"repeat","background-position":"center center","background-size":"auto","background-attachment":"scroll","background-type":"","background-media":"","overlay-type":"","overlay-color":"","overlay-opacity":"","overlay-gradient":""},"mobile":{"background-color":"var(--ast-global-color-5)","background-image":"","background-repeat":"repeat","background-position":"center center","background-size":"auto","background-attachment":"scroll","background-type":"","background-media":"","overlay-type":"","overlay-color":"","overlay-opacity":"","overlay-gradient":""}},"footnotes":""},"class_list":["post-5247","page","type-page","status-publish","hentry"],"acf":[],"yoast_head":"<!-- This site is optimized with the Yoast SEO plugin v24.8.1 - https:\/\/yoast.com\/wordpress\/plugins\/seo\/ -->\n<title>Sparkasse K\u00f6lnBonn - Videoproduktion K\u00f6ln - High. Group<\/title>\n<meta name=\"robots\" content=\"index, follow, max-snippet:-1, max-image-preview:large, max-video-preview:-1\" \/>\n<link rel=\"canonical\" href=\"https:\/\/high-group.de\/en\/projekte\/sparkasse-kolnbonn\/\" \/>\n<meta property=\"og:locale\" content=\"en_US\" \/>\n<meta property=\"og:type\" content=\"article\" \/>\n<meta property=\"og:title\" content=\"Sparkasse K\u00f6lnBonn - Videoproduktion K\u00f6ln - High. Group\" \/>\n<meta property=\"og:description\" content=\"Sparkasse K\u00f6ln\/Bonn Imagefilm &amp; Werbespot Produktion in K\u00f6ln\/Bonn \u2013 Sparkasse Kampagne von high.media GmbH F\u00fcr die neue Kampagne der Sparkasse K\u00f6ln\/Bonn haben wir in Zusammenarbeit mit der Counterpart Group aus [&hellip;]\" \/>\n<meta property=\"og:url\" content=\"https:\/\/high-group.de\/en\/projekte\/sparkasse-kolnbonn\/\" \/>\n<meta property=\"og:site_name\" content=\"Videoproduktion K\u00f6ln - High. Group\" \/>\n<meta property=\"article:modified_time\" content=\"2024-11-29T12:27:40+00:00\" \/>\n<meta property=\"og:image\" content=\"https:\/\/high-group.de\/wp-content\/uploads\/elementor\/thumbs\/DSC04953-scaled-qxmnde36o0adqohhwap3ec7fwecic2lv1otpr2csco.jpg?wsr\" \/>\n<meta name=\"twitter:card\" content=\"summary_large_image\" \/>\n<meta name=\"twitter:label1\" content=\"Est. reading time\" \/>\n\t<meta name=\"twitter:data1\" content=\"3 minutes\" \/>\n<script type=\"application\/ld+json\" class=\"yoast-schema-graph\">{\"@context\":\"https:\/\/schema.org\",\"@graph\":[{\"@type\":\"WebPage\",\"@id\":\"https:\/\/high-group.de\/projekte\/sparkasse-kolnbonn\/\",\"url\":\"https:\/\/high-group.de\/projekte\/sparkasse-kolnbonn\/\",\"name\":\"Sparkasse K\u00f6lnBonn - Videoproduktion K\u00f6ln - High. Group\",\"isPartOf\":{\"@id\":\"https:\/\/high-group.de\/#website\"},\"primaryImageOfPage\":{\"@id\":\"https:\/\/high-group.de\/projekte\/sparkasse-kolnbonn\/#primaryimage\"},\"image\":{\"@id\":\"https:\/\/high-group.de\/projekte\/sparkasse-kolnbonn\/#primaryimage\"},\"thumbnailUrl\":\"https:\/\/high-group.de\/wp-content\/uploads\/elementor\/thumbs\/DSC04953-scaled-qxmnde36o0adqohhwap3ec7fwecic2lv1otpr2csco.jpg?wsr\",\"datePublished\":\"2024-11-26T13:58:45+00:00\",\"dateModified\":\"2024-11-29T12:27:40+00:00\",\"breadcrumb\":{\"@id\":\"https:\/\/high-group.de\/projekte\/sparkasse-kolnbonn\/#breadcrumb\"},\"inLanguage\":\"en-US\",\"potentialAction\":[{\"@type\":\"ReadAction\",\"target\":[\"https:\/\/high-group.de\/projekte\/sparkasse-kolnbonn\/\"]}]},{\"@type\":\"ImageObject\",\"inLanguage\":\"en-US\",\"@id\":\"https:\/\/high-group.de\/projekte\/sparkasse-kolnbonn\/#primaryimage\",\"url\":\"https:\/\/high-group.de\/wp-content\/uploads\/elementor\/thumbs\/DSC04953-scaled-qxmnde36o0adqohhwap3ec7fwecic2lv1otpr2csco.jpg?wsr\",\"contentUrl\":\"https:\/\/high-group.de\/wp-content\/uploads\/elementor\/thumbs\/DSC04953-scaled-qxmnde36o0adqohhwap3ec7fwecic2lv1otpr2csco.jpg?wsr\"},{\"@type\":\"BreadcrumbList\",\"@id\":\"https:\/\/high-group.de\/projekte\/sparkasse-kolnbonn\/#breadcrumb\",\"itemListElement\":[{\"@type\":\"ListItem\",\"position\":1,\"name\":\"Startseite\",\"item\":\"https:\/\/high-group.de\/\"},{\"@type\":\"ListItem\",\"position\":2,\"name\":\"Projekte\",\"item\":\"https:\/\/high-group.de\/projekte\/\"},{\"@type\":\"ListItem\",\"position\":3,\"name\":\"Sparkasse K\u00f6lnBonn\"}]},{\"@type\":\"WebSite\",\"@id\":\"https:\/\/high-group.de\/#website\",\"url\":\"https:\/\/high-group.de\/\",\"name\":\"High Group\",\"description\":\"Hochwertige Videoproduktion f\u00fcr Business, Events, Messen in K\u00f6ln. Videografen aus K\u00f6ln.\",\"publisher\":{\"@id\":\"https:\/\/high-group.de\/#organization\"},\"potentialAction\":[{\"@type\":\"SearchAction\",\"target\":{\"@type\":\"EntryPoint\",\"urlTemplate\":\"https:\/\/high-group.de\/?s={search_term_string}\"},\"query-input\":{\"@type\":\"PropertyValueSpecification\",\"valueRequired\":true,\"valueName\":\"search_term_string\"}}],\"inLanguage\":\"en-US\"},{\"@type\":\"Organization\",\"@id\":\"https:\/\/high-group.de\/#organization\",\"name\":\"High Group\",\"url\":\"https:\/\/high-group.de\/\",\"logo\":{\"@type\":\"ImageObject\",\"inLanguage\":\"en-US\",\"@id\":\"https:\/\/high-group.de\/#\/schema\/logo\/image\/\",\"url\":\"https:\/\/high-group.de\/wp-content\/uploads\/2024\/11\/high-media-logo.png\",\"contentUrl\":\"https:\/\/high-group.de\/wp-content\/uploads\/2024\/11\/high-media-logo.png\",\"width\":300,\"height\":150,\"caption\":\"High Group\"},\"image\":{\"@id\":\"https:\/\/high-group.de\/#\/schema\/logo\/image\/\"}}]}<\/script>\n<!-- \/ Yoast SEO plugin. -->","yoast_head_json":{"title":"Sparkasse K\u00f6lnBonn - Videoproduktion K\u00f6ln - High. Group","robots":{"index":"index","follow":"follow","max-snippet":"max-snippet:-1","max-image-preview":"max-image-preview:large","max-video-preview":"max-video-preview:-1"},"canonical":"https:\/\/high-group.de\/en\/projekte\/sparkasse-kolnbonn\/","og_locale":"en_US","og_type":"article","og_title":"Sparkasse K\u00f6lnBonn - Videoproduktion K\u00f6ln - High. Group","og_description":"Sparkasse K\u00f6ln\/Bonn Imagefilm &amp; Werbespot Produktion in K\u00f6ln\/Bonn \u2013 Sparkasse Kampagne von high.media GmbH F\u00fcr die neue Kampagne der Sparkasse K\u00f6ln\/Bonn haben wir in Zusammenarbeit mit der Counterpart Group aus [&hellip;]","og_url":"https:\/\/high-group.de\/en\/projekte\/sparkasse-kolnbonn\/","og_site_name":"Videoproduktion K\u00f6ln - High. Group","article_modified_time":"2024-11-29T12:27:40+00:00","og_image":[{"url":"https:\/\/high-group.de\/wp-content\/uploads\/elementor\/thumbs\/DSC04953-scaled-qxmnde36o0adqohhwap3ec7fwecic2lv1otpr2csco.jpg?wsr","type":"","width":"","height":""}],"twitter_card":"summary_large_image","twitter_misc":{"Est. reading time":"3 minutes"},"schema":{"@context":"https:\/\/schema.org","@graph":[{"@type":"WebPage","@id":"https:\/\/high-group.de\/projekte\/sparkasse-kolnbonn\/","url":"https:\/\/high-group.de\/projekte\/sparkasse-kolnbonn\/","name":"Sparkasse K\u00f6lnBonn - Videoproduktion K\u00f6ln - High. Group","isPartOf":{"@id":"https:\/\/high-group.de\/#website"},"primaryImageOfPage":{"@id":"https:\/\/high-group.de\/projekte\/sparkasse-kolnbonn\/#primaryimage"},"image":{"@id":"https:\/\/high-group.de\/projekte\/sparkasse-kolnbonn\/#primaryimage"},"thumbnailUrl":"https:\/\/high-group.de\/wp-content\/uploads\/elementor\/thumbs\/DSC04953-scaled-qxmnde36o0adqohhwap3ec7fwecic2lv1otpr2csco.jpg?wsr","datePublished":"2024-11-26T13:58:45+00:00","dateModified":"2024-11-29T12:27:40+00:00","breadcrumb":{"@id":"https:\/\/high-group.de\/projekte\/sparkasse-kolnbonn\/#breadcrumb"},"inLanguage":"en-US","potentialAction":[{"@type":"ReadAction","target":["https:\/\/high-group.de\/projekte\/sparkasse-kolnbonn\/"]}]},{"@type":"ImageObject","inLanguage":"en-US","@id":"https:\/\/high-group.de\/projekte\/sparkasse-kolnbonn\/#primaryimage","url":"https:\/\/high-group.de\/wp-content\/uploads\/elementor\/thumbs\/DSC04953-scaled-qxmnde36o0adqohhwap3ec7fwecic2lv1otpr2csco.jpg?wsr","contentUrl":"https:\/\/high-group.de\/wp-content\/uploads\/elementor\/thumbs\/DSC04953-scaled-qxmnde36o0adqohhwap3ec7fwecic2lv1otpr2csco.jpg?wsr"},{"@type":"BreadcrumbList","@id":"https:\/\/high-group.de\/projekte\/sparkasse-kolnbonn\/#breadcrumb","itemListElement":[{"@type":"ListItem","position":1,"name":"Startseite","item":"https:\/\/high-group.de\/"},{"@type":"ListItem","position":2,"name":"Projekte","item":"https:\/\/high-group.de\/projekte\/"},{"@type":"ListItem","position":3,"name":"Sparkasse K\u00f6lnBonn"}]},{"@type":"WebSite","@id":"https:\/\/high-group.de\/#website","url":"https:\/\/high-group.de\/","name":"High Group","description":"Hochwertige Videoproduktion f\u00fcr Business, Events, Messen in K\u00f6ln. Videografen aus K\u00f6ln.","publisher":{"@id":"https:\/\/high-group.de\/#organization"},"potentialAction":[{"@type":"SearchAction","target":{"@type":"EntryPoint","urlTemplate":"https:\/\/high-group.de\/?s={search_term_string}"},"query-input":{"@type":"PropertyValueSpecification","valueRequired":true,"valueName":"search_term_string"}}],"inLanguage":"en-US"},{"@type":"Organization","@id":"https:\/\/high-group.de\/#organization","name":"High Group","url":"https:\/\/high-group.de\/","logo":{"@type":"ImageObject","inLanguage":"en-US","@id":"https:\/\/high-group.de\/#\/schema\/logo\/image\/","url":"https:\/\/high-group.de\/wp-content\/uploads\/2024\/11\/high-media-logo.png","contentUrl":"https:\/\/high-group.de\/wp-content\/uploads\/2024\/11\/high-media-logo.png","width":300,"height":150,"caption":"High Group"},"image":{"@id":"https:\/\/high-group.de\/#\/schema\/logo\/image\/"}}]}},"_links":{"self":[{"href":"https:\/\/high-group.de\/en\/wp-json\/wp\/v2\/pages\/5247","targetHints":{"allow":["GET"]}}],"collection":[{"href":"https:\/\/high-group.de\/en\/wp-json\/wp\/v2\/pages"}],"about":[{"href":"https:\/\/high-group.de\/en\/wp-json\/wp\/v2\/types\/page"}],"author":[{"embeddable":true,"href":"https:\/\/high-group.de\/en\/wp-json\/wp\/v2\/users\/1"}],"replies":[{"embeddable":true,"href":"https:\/\/high-group.de\/en\/wp-json\/wp\/v2\/comments?post=5247"}],"version-history":[{"count":52,"href":"https:\/\/high-group.de\/en\/wp-json\/wp\/v2\/pages\/5247\/revisions"}],"predecessor-version":[{"id":6347,"href":"https:\/\/high-group.de\/en\/wp-json\/wp\/v2\/pages\/5247\/revisions\/6347"}],"up":[{"embeddable":true,"href":"https:\/\/high-group.de\/en\/wp-json\/wp\/v2\/pages\/11"}],"wp:attachment":[{"href":"https:\/\/high-group.de\/en\/wp-json\/wp\/v2\/media?parent=5247"}],"curies":[{"name":"wp","href":"https:\/\/api.w.org\/{rel}","templated":true}]}}