{"id":3545,"date":"2024-10-29T14:11:10","date_gmt":"2024-10-29T14:11:10","guid":{"rendered":"https:\/\/high-group.de\/?page_id=3545"},"modified":"2024-10-29T14:21:58","modified_gmt":"2024-10-29T14:21:58","slug":"podcast-studio-booking","status":"publish","type":"page","link":"https:\/\/high-group.de\/en\/podcast-studio-booking\/","title":{"rendered":"Podcast Studio Booking"},"content":{"rendered":"<div data-elementor-type=\"wp-page\" data-elementor-id=\"3545\" class=\"elementor elementor-3545\" data-elementor-post-type=\"page\">\n\t\t\t\t<div class=\"elementor-element elementor-element-fb9a8ed e-flex e-con-boxed e-con e-parent\" data-id=\"fb9a8ed\" data-element_type=\"container\" data-settings=\"{&quot;background_background&quot;:&quot;classic&quot;}\">\n\t\t\t\t\t<div class=\"e-con-inner\">\n\t\t<div class=\"elementor-element elementor-element-2a89c02 e-con-full e-flex e-con e-child\" data-id=\"2a89c02\" data-element_type=\"container\">\n\t\t\t\t<div class=\"elementor-element elementor-element-d7d6be8 elementor-widget elementor-widget-heading\" data-id=\"d7d6be8\" data-element_type=\"widget\" data-widget_type=\"heading.default\">\n\t\t\t\t<div class=\"elementor-widget-container\">\n\t\t\t<h2 class=\"elementor-heading-title elementor-size-default\">Equipment rental - your tool for perfect productions<\/h2>\t\t<\/div>\n\t\t\t\t<\/div>\n\t\t\t\t<\/div>\n\t\t\t\t\t<\/div>\n\t\t\t\t<\/div>\n\t\t<div class=\"elementor-element elementor-element-9f88f43 e-flex e-con-boxed e-con e-parent\" data-id=\"9f88f43\" data-element_type=\"container\">\n\t\t\t\t\t<div class=\"e-con-inner\">\n\t\t\t\t<div class=\"elementor-element elementor-element-5410d7c elementor-widget elementor-widget-text-editor\" data-id=\"5410d7c\" data-element_type=\"widget\" data-widget_type=\"text-editor.default\">\n\t\t\t\t<div class=\"elementor-widget-container\">\n\t\t\t\t\t\t\t<p>Benefit from our high-quality equipment, which is specially designed for <b>Productions in the high.studios<\/b> is at your disposal. We offer you everything you need for photo and video productions: <b>Cameras<\/b>, <b>Lighting<\/b>, <b>Tripods<\/b> and <b>Sound engineering<\/b>. Each device is supplied with a professional introduction so that you can get started straight away.<\/p><p>Our equipment is designed exclusively for <b>Professionals<\/b> who would like to carry out high-quality productions in our studio. Parking facilities are also available: <b>up to 15 parking spaces<\/b> in our underground parking garage.<\/p><p>Equipment overview:<\/p><p><b>Sony FX6<\/b>: <b>\u20ac220\/day<\/b><\/p><p><b>Sony FX3: \u20ac180\/ day<\/b><\/p><p><b>Sony ILCE-7SM3 (Sony a7S III)<\/b>: \u20ac140\/day<br \/><b>Sony ILCE-7M3<\/b>: \u20ac85\/day<br \/><b>Sony SEL1635GM (16-35mm f\/2.8)<\/b>: \u20ac45\/day<\/p><p><b>Sony SEL70200GM (70-200mm f\/2.8)<\/b>: \u20ac110\/day<\/p><p><b>Insta One RS 1-Inch 360 Edition<\/b>: \u20ac40\/day<\/p><p><b>DJI Osmo Action<\/b>: \u20ac20\/day<\/p><p><b>Atomos 5.2\u2033 4K Shinobi Monitor<\/b>: \u20ac25\/day<br \/><b>Rode Wireless Go 2<\/b>: \u20ac25\/day<br \/><b>DJI Mavic 2 Pro<\/b>: \u20ac70\/day<br \/><b>DJI RSC 2<\/b>: \u20ac30\/day<br \/><b>Sony SEL50F18F (50mm f\/1.8)<\/b>: \u20ac20\/day<\/p><p><b>Godox VL150<\/b>: \u20ac25\/day<\/p><p><b>Rode NTG3<\/b>: \u20ac30\/day<\/p><p><b>Rode Wireless Go<\/b>: \u20ac25\/day<\/p><p><b>Focusrite Scarlett 2i2<\/b>: \u20ac10\/day<\/p><p><b>Zoom H5<\/b>: \u20ac20\/day<br \/><b>Zoom H6<\/b>: \u20ac25\/day<br \/><b>Aputure MC<\/b>: \u20ac15\/day<\/p><p><b>BlackMagic Video Assist 4K<\/b>: \u20ac30\/day<\/p>\t\t\t\t\t\t<\/div>\n\t\t\t\t<\/div>\n\t\t\t\t\t<\/div>\n\t\t\t\t<\/div>\n\t\t\t\t<\/div>","protected":false},"excerpt":{"rendered":"<p>Equipmentvermietung \u2013 Dein Werkzeug f\u00fcr perfekte Produktionen Profitiere von unserem hochwertigen Equipment, das speziell f\u00fcr Produktionen in den high.studios zur Verf\u00fcgung steht. Wir bieten dir alles, was du f\u00fcr Foto- [&hellip;]<\/p>\n","protected":false},"author":1,"featured_media":0,"parent":0,"menu_order":0,"comment_status":"closed","ping_status":"closed","template":"","meta":{"_acf_changed":false,"content-type":"","site-sidebar-layout":"no-sidebar","site-content-layout":"","ast-site-content-layout":"full-width-container","site-content-style":"default","site-sidebar-style":"default","ast-global-header-display":"","ast-banner-title-visibility":"","ast-main-header-display":"","ast-hfb-above-header-display":"","ast-hfb-below-header-display":"","ast-hfb-mobile-header-display":"","site-post-title":"disabled","ast-breadcrumbs-content":"","ast-featured-img":"disabled","footer-sml-layout":"","theme-transparent-header-meta":"","adv-header-id-meta":"","stick-header-meta":"","header-above-stick-meta":"","header-main-stick-meta":"","header-below-stick-meta":"","astra-migrate-meta-layouts":"default","ast-page-background-enabled":"default","ast-page-background-meta":{"desktop":{"background-color":"var(--ast-global-color-4)","background-image":"","background-repeat":"repeat","background-position":"center center","background-size":"auto","background-attachment":"scroll","background-type":"","background-media":"","overlay-type":"","overlay-color":"","overlay-opacity":"","overlay-gradient":""},"tablet":{"background-color":"","background-image":"","background-repeat":"repeat","background-position":"center center","background-size":"auto","background-attachment":"scroll","background-type":"","background-media":"","overlay-type":"","overlay-color":"","overlay-opacity":"","overlay-gradient":""},"mobile":{"background-color":"","background-image":"","background-repeat":"repeat","background-position":"center center","background-size":"auto","background-attachment":"scroll","background-type":"","background-media":"","overlay-type":"","overlay-color":"","overlay-opacity":"","overlay-gradient":""}},"ast-content-background-meta":{"desktop":{"background-color":"var(--ast-global-color-5)","background-image":"","background-repeat":"repeat","background-position":"center center","background-size":"auto","background-attachment":"scroll","background-type":"","background-media":"","overlay-type":"","overlay-color":"","overlay-opacity":"","overlay-gradient":""},"tablet":{"background-color":"var(--ast-global-color-5)","background-image":"","background-repeat":"repeat","background-position":"center center","background-size":"auto","background-attachment":"scroll","background-type":"","background-media":"","overlay-type":"","overlay-color":"","overlay-opacity":"","overlay-gradient":""},"mobile":{"background-color":"var(--ast-global-color-5)","background-image":"","background-repeat":"repeat","background-position":"center center","background-size":"auto","background-attachment":"scroll","background-type":"","background-media":"","overlay-type":"","overlay-color":"","overlay-opacity":"","overlay-gradient":""}},"footnotes":""},"class_list":["post-3545","page","type-page","status-publish","hentry"],"acf":[],"yoast_head":"<!-- This site is optimized with the Yoast SEO plugin v27.4 - https:\/\/yoast.com\/product\/yoast-seo-wordpress\/ -->\n<title>Podcast Studio Booking - Videoproduktion K\u00f6ln - High. Group<\/title>\n<meta name=\"robots\" content=\"index, follow, max-snippet:-1, max-image-preview:large, max-video-preview:-1\" \/>\n<link rel=\"canonical\" href=\"https:\/\/high-group.de\/en\/podcast-studio-booking\/\" \/>\n<meta property=\"og:locale\" content=\"en_US\" \/>\n<meta property=\"og:type\" content=\"article\" \/>\n<meta property=\"og:title\" content=\"Podcast Studio Booking - Videoproduktion K\u00f6ln - High. Group\" \/>\n<meta property=\"og:description\" content=\"Equipmentvermietung \u2013 Dein Werkzeug f\u00fcr perfekte Produktionen Profitiere von unserem hochwertigen Equipment, das speziell f\u00fcr Produktionen in den high.studios zur Verf\u00fcgung steht. Wir bieten dir alles, was du f\u00fcr Foto- [&hellip;]\" \/>\n<meta property=\"og:url\" content=\"https:\/\/high-group.de\/en\/podcast-studio-booking\/\" \/>\n<meta property=\"og:site_name\" content=\"Videoproduktion K\u00f6ln - High. Group\" \/>\n<meta property=\"article:modified_time\" content=\"2024-10-29T14:21:58+00:00\" \/>\n<meta name=\"twitter:card\" content=\"summary_large_image\" \/>\n<meta name=\"twitter:label1\" content=\"Est. reading time\" \/>\n\t<meta name=\"twitter:data1\" content=\"1 minute\" \/>\n<script type=\"application\/ld+json\" class=\"yoast-schema-graph\">{\"@context\":\"https:\\\/\\\/schema.org\",\"@graph\":[{\"@type\":\"WebPage\",\"@id\":\"https:\\\/\\\/high-group.de\\\/podcast-studio-booking\\\/\",\"url\":\"https:\\\/\\\/high-group.de\\\/podcast-studio-booking\\\/\",\"name\":\"Podcast Studio Booking - Videoproduktion K\u00f6ln - High. Group\",\"isPartOf\":{\"@id\":\"https:\\\/\\\/high-group.de\\\/#website\"},\"datePublished\":\"2024-10-29T14:11:10+00:00\",\"dateModified\":\"2024-10-29T14:21:58+00:00\",\"breadcrumb\":{\"@id\":\"https:\\\/\\\/high-group.de\\\/podcast-studio-booking\\\/#breadcrumb\"},\"inLanguage\":\"en-US\",\"potentialAction\":[{\"@type\":\"ReadAction\",\"target\":[\"https:\\\/\\\/high-group.de\\\/podcast-studio-booking\\\/\"]}]},{\"@type\":\"BreadcrumbList\",\"@id\":\"https:\\\/\\\/high-group.de\\\/podcast-studio-booking\\\/#breadcrumb\",\"itemListElement\":[{\"@type\":\"ListItem\",\"position\":1,\"name\":\"Startseite\",\"item\":\"https:\\\/\\\/high-group.de\\\/\"},{\"@type\":\"ListItem\",\"position\":2,\"name\":\"Podcast Studio Booking\"}]},{\"@type\":\"WebSite\",\"@id\":\"https:\\\/\\\/high-group.de\\\/#website\",\"url\":\"https:\\\/\\\/high-group.de\\\/\",\"name\":\"High Group\",\"description\":\"Hochwertige Videoproduktion f\u00fcr Business, Events, Messen in K\u00f6ln. Videografen aus K\u00f6ln.\",\"publisher\":{\"@id\":\"https:\\\/\\\/high-group.de\\\/#organization\"},\"potentialAction\":[{\"@type\":\"SearchAction\",\"target\":{\"@type\":\"EntryPoint\",\"urlTemplate\":\"https:\\\/\\\/high-group.de\\\/?s={search_term_string}\"},\"query-input\":{\"@type\":\"PropertyValueSpecification\",\"valueRequired\":true,\"valueName\":\"search_term_string\"}}],\"inLanguage\":\"en-US\"},{\"@type\":\"Organization\",\"@id\":\"https:\\\/\\\/high-group.de\\\/#organization\",\"name\":\"High Group\",\"url\":\"https:\\\/\\\/high-group.de\\\/\",\"logo\":{\"@type\":\"ImageObject\",\"inLanguage\":\"en-US\",\"@id\":\"https:\\\/\\\/high-group.de\\\/#\\\/schema\\\/logo\\\/image\\\/\",\"url\":\"https:\\\/\\\/high-group.de\\\/wp-content\\\/uploads\\\/2024\\\/11\\\/high-media-logo.png\",\"contentUrl\":\"https:\\\/\\\/high-group.de\\\/wp-content\\\/uploads\\\/2024\\\/11\\\/high-media-logo.png\",\"width\":300,\"height\":150,\"caption\":\"High Group\"},\"image\":{\"@id\":\"https:\\\/\\\/high-group.de\\\/#\\\/schema\\\/logo\\\/image\\\/\"}}]}<\/script>\n<!-- \/ Yoast SEO plugin. -->","yoast_head_json":{"title":"Podcast Studio Booking - Videoproduktion K\u00f6ln - High. Group","robots":{"index":"index","follow":"follow","max-snippet":"max-snippet:-1","max-image-preview":"max-image-preview:large","max-video-preview":"max-video-preview:-1"},"canonical":"https:\/\/high-group.de\/en\/podcast-studio-booking\/","og_locale":"en_US","og_type":"article","og_title":"Podcast Studio Booking - Videoproduktion K\u00f6ln - High. Group","og_description":"Equipmentvermietung \u2013 Dein Werkzeug f\u00fcr perfekte Produktionen Profitiere von unserem hochwertigen Equipment, das speziell f\u00fcr Produktionen in den high.studios zur Verf\u00fcgung steht. Wir bieten dir alles, was du f\u00fcr Foto- [&hellip;]","og_url":"https:\/\/high-group.de\/en\/podcast-studio-booking\/","og_site_name":"Videoproduktion K\u00f6ln - High. Group","article_modified_time":"2024-10-29T14:21:58+00:00","twitter_card":"summary_large_image","twitter_misc":{"Est. reading time":"1 minute"},"schema":{"@context":"https:\/\/schema.org","@graph":[{"@type":"WebPage","@id":"https:\/\/high-group.de\/podcast-studio-booking\/","url":"https:\/\/high-group.de\/podcast-studio-booking\/","name":"Podcast Studio Booking - Videoproduktion K\u00f6ln - High. Group","isPartOf":{"@id":"https:\/\/high-group.de\/#website"},"datePublished":"2024-10-29T14:11:10+00:00","dateModified":"2024-10-29T14:21:58+00:00","breadcrumb":{"@id":"https:\/\/high-group.de\/podcast-studio-booking\/#breadcrumb"},"inLanguage":"en-US","potentialAction":[{"@type":"ReadAction","target":["https:\/\/high-group.de\/podcast-studio-booking\/"]}]},{"@type":"BreadcrumbList","@id":"https:\/\/high-group.de\/podcast-studio-booking\/#breadcrumb","itemListElement":[{"@type":"ListItem","position":1,"name":"Startseite","item":"https:\/\/high-group.de\/"},{"@type":"ListItem","position":2,"name":"Podcast Studio Booking"}]},{"@type":"WebSite","@id":"https:\/\/high-group.de\/#website","url":"https:\/\/high-group.de\/","name":"High Group","description":"High-quality video production for business, events and trade fairs in Cologne. Videographers from Cologne.","publisher":{"@id":"https:\/\/high-group.de\/#organization"},"potentialAction":[{"@type":"SearchAction","target":{"@type":"EntryPoint","urlTemplate":"https:\/\/high-group.de\/?s={search_term_string}"},"query-input":{"@type":"PropertyValueSpecification","valueRequired":true,"valueName":"search_term_string"}}],"inLanguage":"en-US"},{"@type":"Organization","@id":"https:\/\/high-group.de\/#organization","name":"High Group","url":"https:\/\/high-group.de\/","logo":{"@type":"ImageObject","inLanguage":"en-US","@id":"https:\/\/high-group.de\/#\/schema\/logo\/image\/","url":"https:\/\/high-group.de\/wp-content\/uploads\/2024\/11\/high-media-logo.png","contentUrl":"https:\/\/high-group.de\/wp-content\/uploads\/2024\/11\/high-media-logo.png","width":300,"height":150,"caption":"High Group"},"image":{"@id":"https:\/\/high-group.de\/#\/schema\/logo\/image\/"}}]}},"_links":{"self":[{"href":"https:\/\/high-group.de\/en\/wp-json\/wp\/v2\/pages\/3545","targetHints":{"allow":["GET"]}}],"collection":[{"href":"https:\/\/high-group.de\/en\/wp-json\/wp\/v2\/pages"}],"about":[{"href":"https:\/\/high-group.de\/en\/wp-json\/wp\/v2\/types\/page"}],"author":[{"embeddable":true,"href":"https:\/\/high-group.de\/en\/wp-json\/wp\/v2\/users\/1"}],"replies":[{"embeddable":true,"href":"https:\/\/high-group.de\/en\/wp-json\/wp\/v2\/comments?post=3545"}],"version-history":[{"count":5,"href":"https:\/\/high-group.de\/en\/wp-json\/wp\/v2\/pages\/3545\/revisions"}],"predecessor-version":[{"id":3551,"href":"https:\/\/high-group.de\/en\/wp-json\/wp\/v2\/pages\/3545\/revisions\/3551"}],"wp:attachment":[{"href":"https:\/\/high-group.de\/en\/wp-json\/wp\/v2\/media?parent=3545"}],"curies":[{"name":"wp","href":"https:\/\/api.w.org\/{rel}","templated":true}]}}